{"id":1081,"date":"2021-12-15T09:03:27","date_gmt":"2021-12-15T09:03:27","guid":{"rendered":"https:\/\/amarespectacular.com\/politica-privacidad\/"},"modified":"2022-10-27T20:23:08","modified_gmt":"2022-10-27T20:23:08","slug":"politica-privacitat","status":"publish","type":"page","link":"https:\/\/amarespectacular.com\/ca\/politica-privacitat\/","title":{"rendered":"Pol\u00edtica de privacitat"},"content":{"rendered":"\n<div class=\"wp-block-group has-text-color is-layout-flow wp-block-group-is-layout-flow\" style=\"color:#fff4e0\"><style>.wp-block-kadence-advancedheading.kt-adv-heading_3cc349-bc, .wp-block-kadence-advancedheading.kt-adv-heading_3cc349-bc[data-kb-block=\"kb-adv-heading_3cc349-bc\"]{font-style:normal;color:#fff4e0;}.wp-block-kadence-advancedheading.kt-adv-heading_3cc349-bc mark.kt-highlight, .wp-block-kadence-advancedheading.kt-adv-heading_3cc349-bc[data-kb-block=\"kb-adv-heading_3cc349-bc\"] mark.kt-highlight{font-style:normal;color:#f76a0c;-webkit-box-decoration-break:clone;box-decoration-break:clone;padding-top:0px;padding-right:0px;padding-bottom:0px;padding-left:0px;}.wp-block-kadence-advancedheading.kt-adv-heading_3cc349-bc img.kb-inline-image, .wp-block-kadence-advancedheading.kt-adv-heading_3cc349-bc[data-kb-block=\"kb-adv-heading_3cc349-bc\"] img.kb-inline-image{width:150px;vertical-align:baseline;}<\/style>\n<h1 class=\"kt-adv-heading_3cc349-bc wp-block-kadence-advancedheading\" data-kb-block=\"kb-adv-heading_3cc349-bc\">Pol\u00edtica de privacitat<\/h1>\n\n\n\n<p>Aquesta Pol\u00edtica de Privadesa estableix els termes en qu\u00e8 A MAR \u00c9S ESPECTACULAR, S.L. usa i protegeix la informaci\u00f3 que els seus usuaris proporcionen en el moment d&#8217;utilitzar aquest portal web.<\/p>\n\n\n\n<p>Les dades personals \u00fanicament seran obtingudes per A MAR ES ESPECTACULAR, S.L. per al tractament, quan siguin adequats, pertinents i no excessius atenent l&#8217;\u00e0mbit i les finalitats per a les quals s&#8217;hagin obtingut.<\/p>\n\n\n\n<p>En aquest Lloc Web no es recull cap dada personal sense el vostre consentiment. Les dades que se sol\u00b7licitin als Usuaris s\u00f3n les estrictament necess\u00e0ries i imprescindibles per poder proporcionar una resposta o presentaci\u00f3 efectiva del servei a l&#8217;usuari.<\/p>\n\n\n\n<p>Les dades personals recollides en aquest Lloc Web es tractaran \u00fanica i exclusivament amb la finalitat descrita en aquesta Pol\u00edtica de Privadesa, i no s&#8217;utilitzaran per a cap altra finalitat.<\/p>\n\n\n\n<p>I.- RESPONSABLE DEL TRACTAMENT DE DADES DE CAR\u00c0CTER PERSONAL.<\/p>\n\n\n\n<p>El Responsable del Tractament de les teves dades de car\u00e0cter personal \u00e9s:<\/p>\n\n\n\n<p>A MAR \u00c9S ESPECTACULAR, S.L. (d&#8217;ara endavant \u201cA MAR \u00c9S ESPECTACULAR\u201d)<\/p>\n\n\n\n<p>Domicili: 08340 Vilassar de Mar, carrer Sant Feliu, n\u00fameros 7-9, 1r-2a.<\/p>\n\n\n\n<p>E-mail: INFO@AMARESPECTACULAR.COM<\/p>\n\n\n\n<p>A MAR ES ESPECTACULAR garanteix que ha implementat pol\u00edtiques t\u00e8cniques i organitzatives apropiades per aplicar les mesures de seguretat que estableixen el Reglament (UE) 2016\/679, del 27 d&#8217;abril (GDPR) i la Llei Org\u00e0nica 3\/2018, del 5 de desembre ( LOPDGDD) per tal de protegir els drets i llibertats dels Usuaris.<\/p>\n\n\n\n<p>II.- FINALITAT DEL TRACTAMENT DE LES DADES.<\/p>\n\n\n\n<p>Les operacions, gestions i procediments t\u00e8cnics que possibilitin la recollida, l&#8217;emmagatzematge, la modificaci\u00f3, la transfer\u00e8ncia i altres accions sobre dades de car\u00e0cter personal, tenen la consideraci\u00f3 de tractament de dades personals.<\/p>\n\n\n\n<p>A A MAR ES ESPECTACULAR es tracten les dades personals que l&#8217;Usuari facilita a trav\u00e9s de www.amarespectacular.com per tal d&#8217;incloure&#8217;ls a l&#8217;agenda de contactes, gestionar la relaci\u00f3 comercial sol\u00b7licitada mitjan\u00e7ant la tramitaci\u00f3 d&#8217;enc\u00e0rrecs, enviar comunicacions comercials publicit\u00e0ries i butlletins informatius per e-mail, xarxes socials o qualsevol altre mitj\u00e0 electr\u00f2nic o f\u00edsic, present o futur, que possibiliti realitzar comunicacions comercials i utilitzar aix\u00ed aquesta informaci\u00f3 com a mitj\u00e0 de contacte i, si escau, realitzar estudis de mercat i an\u00e0lisis estad\u00edstiques.<\/p>\n\n\n\n<p>A m\u00e9s, el tractament d&#8217;aquestes dades recollides tamb\u00e9 implica gestionar l&#8217;enviament de la informaci\u00f3 que ens sigui sol\u00b7licitada i poder respondre a les consultes o q\u00fcestions que l&#8217;Usuari remeti a trav\u00e9s del portal Web, facilitant als Usuaris les ofertes de serveis que siguin del vostre inter\u00e8s.<\/p>\n\n\n\n<p>Els camps dels registres s&#8217;han d&#8217;emplenar obligat\u00f2riament perqu\u00e8 pugui complir les finalitats esmentades anteriorment.<\/p>\n\n\n\n<p>L&#8217;interessat pot oposar-se a rebre comunicacions publicit\u00e0ries promocionals, ara o en qualsevol moment, enviant un correu electr\u00f2nic a INFO@AMARESPECTACULAR.COM o adre\u00e7ant una sol\u00b7licitud a l&#8217;adre\u00e7a postal de MAR ES ESPECTACULAR, a l&#8217;atenci\u00f3 del Responsable del Tractament.<\/p>\n\n\n\n<p>III.- LEGITIMACI\u00d3 PER AL TRACTAMENT DE LES DADES.<\/p>\n\n\n\n<p>El tractament de les dades personals que proporciona l&#8217;Usuari es realitza en base a les bases jur\u00eddiques seg\u00fcents que legitimen el mateix:<\/p>\n\n\n\n<p>El consentiment lliure, espec\u00edfic, informat i inequ\u00edvoc, ja que despr\u00e9s de la lectura de la present Pol\u00edtica de Privadesa, l&#8217;Av\u00eds legal i les Condicions d&#8217;\u00das l&#8217;Usuari queda informat i, en cas d&#8217;estar-hi conforme, pot acceptar-la mitjan\u00e7ant una declaraci\u00f3 o una clara acci\u00f3 afirmativa, com el marcatge d&#8217;una casella que es disposa a aquest efecte de manera pr\u00e8via a una eventual contractaci\u00f3.<\/p>\n\n\n\n<p>Per inter\u00e8s leg\u00edtim d&#8217;A MAR ES ESPECTACULAR quant a la tramitaci\u00f3 d&#8217;enc\u00e0rrecs a petici\u00f3 pr\u00e8via de l&#8217;Usuari aix\u00ed com a la realitzaci\u00f3 d&#8217;estudis de mercat, an\u00e0lisis estad\u00edstiques, etc.<\/p>\n\n\n\n<p>Per poder portar els enc\u00e0rrecs dels productes oferts al portal Web, l&#8217;Usuari est\u00e0 obligat a facilitar-ne les dades. En cas que l&#8217;interessat no faciliti les dades esmentades o aquestes siguin err\u00f2nies o inexactes, A MAR ES ESPECTACULAR no podr\u00e0 atendre la sol\u00b7licitud de l&#8217;Usuari, resultant impossible proporcionar la informaci\u00f3 sol\u00b7licitada o dur a terme la contractaci\u00f3 o adquisici\u00f3 dels productes. Per tant, el responsable del tractament, A MAR ES ESPECTACULAR, queda exonerat de tota responsabilitat que es pugui derivar de la no-execuci\u00f3 de l&#8217;enc\u00e0rrec o de les conseq\u00fc\u00e8ncies que es derivin d&#8217;aquestes informacions inexactes o err\u00f2nies.<\/p>\n\n\n\n<p>IV.- DADES RECOLLIDES.<\/p>\n\n\n\n<p>Depenent de la finalitat, A MAR \u00c9S ESPECTACULAR tracta les categories de dades seg\u00fcents:<\/p>\n\n\n\n<p>Dades identificatives: nom i cognoms, denominaci\u00f3 social adre\u00e7a postal i de correu electr\u00f2nic, tel\u00e8fon, D.N.I i\/o C.I.F.<\/p>\n\n\n\n<p>Dades relacionades amb les valoracions de clients, derivades de la participaci\u00f3 en avaluacions de productes i serveis.<\/p>\n\n\n\n<p>Metadades de comunicacions electr\u00f2niques i galetes.<\/p>\n\n\n\n<p>Dades dinformaci\u00f3 comercial.<\/p>\n\n\n\n<p>Dades econ\u00f2miques o banc\u00e0ries.<\/p>\n\n\n\n<p>V.- COMUNICACI\u00d3 DE DADES A TERCERS.<\/p>\n\n\n\n<p>Amb car\u00e0cter general A MAR ES ESPECTACULAR no comunicar\u00e0 dades personals a tercers, llevat que la prestaci\u00f3 d&#8217;un servei impliqui la necessitat d&#8217;una relaci\u00f3 contractual amb un encarregat de tractament i aix\u00f2 sigui estrictament necessari per gestionar i mantenir la relaci\u00f3 entre l&#8217;usuari i l&#8217;esmentada empresa, amb l&#8217;autoritzaci\u00f3 pr\u00e8via expressa per part de l&#8217;Usuari. Aix\u00f2 nom\u00e9s es far\u00e0 durant el temps imprescindible per possibilitar l&#8217;execuci\u00f3 de l&#8217;enc\u00e0rrec, i en les mateixes condicions i amb la mateixa responsabilitat que se li exigeix \u200b\u200bal Responsable del Tractament. Un cop finalitzat l&#8217;enc\u00e0rrec, l&#8217;encarregat del tractament tornar\u00e0 al Responsable del Tractament les dades personals i suprimir\u00e0 qualsevol c\u00f2pia de qu\u00e8 disposi.<\/p>\n\n\n\n<p>D&#8217;altra banda, nom\u00e9s tindran dret a accedir a aquestes dades personals els tercers amb qu\u00e8 A MAR ES ESPECTACULAR tingui una obligaci\u00f3 legal o contractual de facilitar-les, entre les quals s&#8217;inclouen, per exemple, el Defensor del Poble i Jutges i Tribunals interessats en els procediments relacionats amb les reclamacions presentades.<\/p>\n\n\n\n<p>A MAR \u00c9S ESPECTACULAR exigeix \u200b\u200ba totes aquelles persones f\u00edsiques o jur\u00eddiques amb qui comparteix informaci\u00f3 que cont\u00e9 dades de car\u00e0cter personal que apliquin el mateix grau de protecci\u00f3 de la informaci\u00f3.<\/p>\n\n\n\n<p>VI.- TERMINI DE CONSERVACI\u00d3 DE LES DADES.<\/p>\n\n\n\n<p>A MAR \u00c9S ESPECTACULAR emmagatzema les dades de car\u00e0cter personal de l&#8217;Usuari en la mesura que les necessita per tal de poder utilitzar-les segons la finalitat per la qual van ser demanades, i segons la base jur\u00eddica del tractament dels mateixos de conformitat amb la llei aplicable.<\/p>\n\n\n\n<p>A MAR ES ESPECTACULAR, com a Responsable del Tractament, es compromet a emmagatzemar i gestionar les dades personals i informaci\u00f3 recollida mitjan\u00e7ant aquest portal Web amb la deguda confidencialitat i mesures de seguretat apropiades mentre es mantingui la relaci\u00f3 comercial sorgida i la persona interessada no sol\u00b7licite la supressi\u00f3 , i si \u00e9s el cas, complint amb les prescripcions legals que dictaminen la seua cust\u00f2dia.<\/p>\n\n\n\n<p>Aix\u00f2 no obstant, el Responsable del Tractament podr\u00e0 conservar, degudament bloquejades, les dades per atendre possibles responsabilitats administratives o jurisdiccionals.<\/p>\n\n\n\n<p>A MAR \u00c9S ESPECTACULAR sempre que suprimeixi qualsevol document o suport que contingui dades de car\u00e0cter personal procedir\u00e0 a la seva destrucci\u00f3 o esborrat, mitjan\u00e7ant l&#8217;adopci\u00f3 de mesures dirigides a evitar l&#8217;acc\u00e9s a la informaci\u00f3 continguda en el mateix o la seva recuperaci\u00f3 posterior.<\/p>\n\n\n\n<p>VII.- EXERCICI DE DRETS.<\/p>\n\n\n\n<p>Qualsevol Usuari que vulgui exercir els seus drets d&#8217;acc\u00e9s, rectificaci\u00f3, supressi\u00f3, oposici\u00f3, portabilitat i limitaci\u00f3 ha de notificar a A MAR ES ESPECTACULAR a trav\u00e9s dels mitjans seg\u00fcents remetent una sol\u00b7licitud expressa, juntament amb una c\u00f2pia del seu DNI o document similar en cas de tractar-se d&#8217;una persona jur\u00eddica:<\/p>\n\n\n\n<p>E-Mail: INFO@AMARESPECTACULAR.COM<\/p>\n\n\n\n<p>Correu Postal: 08340 Vilassar de Mar, carrer Sant Feliu, n\u00fameros 7-9, 1r-2a.<\/p>\n\n\n\n<p>Aquestes sol\u00b7licituds poden exercir-se de forma gratu\u00efta i seran ateses per A MAR ES ESPECTACULAR com m\u00e9s aviat millor i dins d&#8217;un per\u00edode m\u00e0xim de 30 dies des que es van exercitar els drets. A MAR \u00c9S ESPECTACULAR informa que aquest per\u00edode podria estendre&#8217;s fins a un m\u00e0xim de 90 dies amb una justificaci\u00f3 v\u00e0lida.<\/p>\n\n\n\n<p>D&#8217;acord amb la normativa vigent en mat\u00e8ria de protecci\u00f3 de dades de car\u00e0cter personal, l&#8217;Usuari podr\u00e0 exercir davant A MAR ES ESPECTACULAR els drets seg\u00fcents:<\/p>\n\n\n\n<p>Dret d&#8217;acc\u00e9s: l&#8217;Usuari pot sol\u00b7licitar a A MAR ES ESPECTACULAR que reveli quines dades relacionades amb ell estan subjectes a tractament per part de A MAR ES ESPECTACULAR, aix\u00ed com la font de la qual es van recopilar les dades i el prop\u00f2sit per al qual es processen les dades.<\/p>\n\n\n\n<p>Dret de rectificaci\u00f3: l&#8217;Usuari pot sol\u00b7licitar que A MAR \u00c9S ESPECTACULAR modifiqui qualsevol dada personal que no estigui actualitzada.<\/p>\n\n\n\n<p>Dret de supressi\u00f3: l&#8217;Usuari pot sol\u00b7licitar a A MAR \u00c9S ESPECTACULAR que elimini les seves dades personals tret que hi hagi raons justificades i v\u00e0lides que permetin a A MAR \u00c9S ESPECTACULAR conservar-les. El dret de supressi\u00f3 implica un per\u00edode en qu\u00e8 les dades personals romandran bloquejades abans de la seva eliminaci\u00f3 definitiva, tant per complir qualsevol obligaci\u00f3 legal que pugui sorgir com per atendre possibles responsabilitats administratives o jurisdiccionals<\/p>\n\n\n\n<p>Dret d&#8217;oposici\u00f3: l&#8217;Usuari pot oposar-se a l&#8217;\u00fas de les vostres dades personals per a certs fins.<\/p>\n\n\n\n<p>Dret a la limitaci\u00f3 del tractament: l&#8217;Usuari pot sol\u00b7licitar a A MAR \u00c9S ESPECTACULAR la limitaci\u00f3 del tractament de les vostres dades a determinats fins.<\/p>\n\n\n\n<p>Dret a la portabilitat de dades: l&#8217;Usuari pot sol\u00b7licitar a A MAR ES ESPECTACULAR que us proporcioni la informaci\u00f3 que aquesta \u00faltima posseeix en un format estructurat, d&#8217;\u00fas com\u00fa i de lectura mec\u00e0nica.<\/p>\n\n\n\n<p>Aix\u00ed mateix, l&#8217;Usuari t\u00e9 dret a presentar una queixa davant l&#8217;autoritat supervisora \u200b\u200bpertinent. En cas de desacord amb la manera com A MAR ES ESPECTACULAR recopila i processa les dades personals o la manera d&#8217;atendre sol\u00b7licituds per exercir els drets previstos aqu\u00ed, els Usuaris poden presentar una queixa davant l&#8217;autoritat supervisora \u200b\u200b(Ag\u00e8ncia Espanyola de Protecci\u00f3 de Dades i altres organismes p\u00fablics competents).<\/p>\n\n\n\n<p>VIII.- XARXES SOCIALS.<\/p>\n\n\n\n<p>Us informem que A MAR \u00c9S ESPECTACULAR pot tenir pres\u00e8ncia a xarxes socials. El tractament de les dades que es duguin a terme de les persones que es facin seguidores a les xarxes socials (i\/o realitzin qualsevol vincle o acci\u00f3 de connexi\u00f3 a trav\u00e9s de les xarxes socials) de les p\u00e0gines oficials de A MAR ES ESPECTACULAR es regir\u00e0 per aquest apartat, aix\u00ed com per aquelles condicions d\u00fas, pol\u00edtiques de privadesa i normatives dacc\u00e9s que pertanyin a la xarxa social que procedeixi en cada cas i acceptades pr\u00e8viament per lusuari.<\/p>\n\n\n\n<p>A MAR ES ESPECTACULAR tractar\u00e0 les vostres dades amb les finalitats d&#8217;administrar correctament la vostra pres\u00e8ncia a la xarxa social, informant-vos d&#8217;activitats, productes o serveis del prestador, aix\u00ed com per a qualsevol altra finalitat que les normatives de les xarxes socials permetin.<\/p>\n\n\n\n<p>Queda prohibida la publicaci\u00f3 de continguts:<\/p>\n\n\n\n<p>Que siguin presumptament il\u00b7l\u00edcits per la normativa nacional, comunit\u00e0ria o internacional o que facin activitats presumptament il\u00b7l\u00edcites o contravinguin els principis de la bona fe.<\/p>\n\n\n\n<p>Que atemptin contra els drets fonamentals de les persones, faltin a la cortesia a la xarxa, molestin o puguin generar opinions negatives en els nostres usuaris o tercers i en general qualssevol siguin els continguts que A MAR ES ESPECTACULAR consideri inadequats.<\/p>\n\n\n\n<p>I, en general, que contravinguin els principis de legalitat, honradesa, responsabilitat, protecci\u00f3 de la dignitat humana, protecci\u00f3 de menors, protecci\u00f3 de l&#8217;ordre p\u00fablic, la protecci\u00f3 de la vida privada, la protecci\u00f3 del consumidor i els drets de propietat intel\u00b7lectual i industrial.<\/p>\n\n\n\n<p>Aix\u00ed mateix, A MAR ES ESPECTACULAR es reserva la potestat de retirar, sense av\u00eds previ del portal Web o de la xarxa social corporativa aquells continguts que es considerin inadequats.<\/p>\n\n\n\n<p>En tot cas, si l&#8217;Usuari remet informaci\u00f3 personal a trav\u00e9s de la xarxa social, A MAR ES ESPECTACULAR quedar\u00e0 exempt de responsabilitat en relaci\u00f3 amb les mesures de seguretat aplicables a la corresponent xarxa social, havent de l&#8217;usuari en cas de voler con\u00e8ixer-les, consultar les corresponents condicions particulars de la xarxa en q\u00fcesti\u00f3.<\/p>\n\n\n\n<p>IX.- ENLLA\u00c7OS A TERCERS.<\/p>\n\n\n\n<p>Aquesta Pol\u00edtica de Privadesa \u00e9s aplicable \u00fanica i exclusivament als daus recollits en aquest portal Web i no als daus recollits en altres Llocs web que eventualment poden consultar a trav\u00e9s dels enlla\u00e7os, ni als enlla\u00e7os d&#8217;altres Llocs webs amb A MAR ES ESPECTACULAR .<\/p>\n\n\n\n<p>A MAR ES ESPECTACULAR no recomana l&#8217;\u00fas com tampoc no garanteix, que la informaci\u00f3 i el contingut proporcionat per p\u00e0gines web de tercers a les quals s&#8217;accedeix mitjan\u00e7ant vincles i hipervincles (i viceversa), sigui completa, correcta i vera\u00e7.<\/p>\n\n\n\n<p>X.- COOKIES.<\/p>\n\n\n\n<p>Les cookies s\u00f3n petits fitxers de text dipositats al dispositiu de l&#8217;Usuari on es registra la informaci\u00f3 relativa a la navegaci\u00f3 de l&#8217;Usuari pel Lloc Web, informaci\u00f3 que es pot llegir en visites posteriors pel mateix Usuari. L&#8217;Usuari podr\u00e0 configurar el vostre navegador perqu\u00e8 notifiqui i rebutgi la instal\u00b7laci\u00f3 de les cookies enviades per la p\u00e0gina web d&#8217;A MAR ES ESPECTACULAR, sense que aix\u00f2 perjudiqui la possibilitat de l&#8217;Usuari d&#8217;accedir al contingut de la p\u00e0gina web d&#8217;A MAR ES ESPECTACULAR. En qualsevol cas, aquestes galetes agilitzen la navegaci\u00f3 en recordar les prefer\u00e8ncies de l&#8217;Usuari.<\/p>\n\n\n\n<p>El Lloc Web pot instal\u00b7lar cookies a l&#8217;ordinador de l&#8217;Usuari per tal d&#8217;identificaci\u00f3, seguiment, funcionalitat o rendiment, entre d&#8217;altres. Les galetes d&#8217;aquest Lloc Web poden ser temporals o permanents.<\/p>\n\n\n\n<p>L&#8217;Usuari pot impedir el registre de galetes. Aix\u00f2 no obstant, per beneficiar-se de totes les funcions del Lloc Web es recomana a l&#8217;Usuari que configuri el navegador perqu\u00e8 accepti les cookies.<\/p>\n\n\n\n<p>S&#8217;informa als Usuaris que poden eliminar el registre de les cookies configurant el vostre navegador de la forma que correspongui segons el navegador que disposin.<\/p>\n\n\n\n<p>XI.- JURISDICCI\u00d3 I LLEI APLICABLE.<\/p>\n\n\n\n<p>Aquesta Pol\u00edtica de Privadesa es regeix per la legislaci\u00f3 nacional i europea que li \u00e9s aplicable.<\/p>\n\n\n\n<p>Per a la resoluci\u00f3 de les desavinences o discrep\u00e0ncies que poguessin derivar-se del que disposen aquestes disposicions, i amb ren\u00fancia expressa a qualsevol altre fur que pogu\u00e9s correspondre, l&#8217;Usuari acorda sotmetre&#8217;s als Jutjats i Tribunals de la ciutat de Barcelona.<\/p>\n\n\n\n<p>XII.- ACTUALITZACI\u00d3<\/p>\n\n\n\n<p>Aquesta Pol\u00edtica de Privadesa es pot actualitzar peri\u00f2dicament, totalment o parcialment, per reflectir canvis en els nostres tractaments de dades personals i actualitzacions respecte de novetats legislatives i jurisprudencials. A MAR ES ESPECTACULAR publicar\u00e0 un av\u00eds destacat al Lloc web per notificar a l&#8217;Usuari de qualsevol canvi significatiu en aquesta Pol\u00edtica i aix\u00ed mateix, quan correspongui, se us notificar\u00e0 per correu electr\u00f2nic i es reclamar\u00e0 expressament el consentiment necessari quan aquest no es consider\u00e9s atorgat d&#8217;acord als termes de la present Pol\u00edtica.<\/p>\n<\/div>\n","protected":false},"excerpt":{"rendered":"<p>Pol\u00edtica de privacitat Aquesta Pol\u00edtica de Privadesa estableix els termes en qu\u00e8 A MAR \u00c9S ESPECTACULAR, S.L. usa i protegeix la informaci\u00f3 que els seus usuaris proporcionen en el moment d&#8217;utilitzar aquest portal web. Les dades personals \u00fanicament seran obtingudes per A MAR ES ESPECTACULAR, S.L. per al tractament, quan siguin adequats, pertinents i no&#8230;<\/p>\n","protected":false},"author":1,"featured_media":0,"parent":0,"menu_order":-1,"comment_status":"closed","ping_status":"closed","template":"","meta":{"_acf_changed":false,"footnotes":""},"class_list":["post-1081","page","type-page","status-publish","hentry"],"acf":[],"yoast_head":"<!-- This site is optimized with the Yoast SEO plugin v27.3 - https:\/\/yoast.com\/product\/yoast-seo-wordpress\/ -->\n<title>Pol\u00edtica de privacitat - A Mar Es Espectacular<\/title>\n<meta name=\"robots\" content=\"index, follow, max-snippet:-1, max-image-preview:large, max-video-preview:-1\" \/>\n<link rel=\"canonical\" href=\"https:\/\/amarespectacular.com\/ca\/politica-privacitat\/\" \/>\n<meta property=\"og:locale\" content=\"ca_ES\" \/>\n<meta property=\"og:type\" content=\"article\" \/>\n<meta property=\"og:title\" content=\"Pol\u00edtica de privacitat - A Mar Es Espectacular\" \/>\n<meta property=\"og:description\" content=\"Pol\u00edtica de privacitat Aquesta Pol\u00edtica de Privadesa estableix els termes en qu\u00e8 A MAR \u00c9S ESPECTACULAR, S.L. usa i protegeix la informaci\u00f3 que els seus usuaris proporcionen en el moment d&#8217;utilitzar aquest portal web. Les dades personals \u00fanicament seran obtingudes per A MAR ES ESPECTACULAR, S.L. per al tractament, quan siguin adequats, pertinents i no...\" \/>\n<meta property=\"og:url\" content=\"https:\/\/amarespectacular.com\/ca\/politica-privacitat\/\" \/>\n<meta property=\"og:site_name\" content=\"A Mar Es Espectacular\" \/>\n<meta property=\"article:modified_time\" content=\"2022-10-27T20:23:08+00:00\" \/>\n<meta name=\"twitter:card\" content=\"summary_large_image\" \/>\n<meta name=\"twitter:label1\" content=\"Temps estimat de lectura\" \/>\n\t<meta name=\"twitter:data1\" content=\"11 minuts\" \/>\n<script type=\"application\/ld+json\" class=\"yoast-schema-graph\">{\"@context\":\"https:\\\/\\\/schema.org\",\"@graph\":[{\"@type\":\"WebPage\",\"@id\":\"https:\\\/\\\/amarespectacular.com\\\/ca\\\/politica-privacitat\\\/\",\"url\":\"https:\\\/\\\/amarespectacular.com\\\/ca\\\/politica-privacitat\\\/\",\"name\":\"Pol\u00edtica de privacitat - A Mar Es Espectacular\",\"isPartOf\":{\"@id\":\"https:\\\/\\\/amarespectacular.com\\\/#website\"},\"datePublished\":\"2021-12-15T09:03:27+00:00\",\"dateModified\":\"2022-10-27T20:23:08+00:00\",\"breadcrumb\":{\"@id\":\"https:\\\/\\\/amarespectacular.com\\\/ca\\\/politica-privacitat\\\/#breadcrumb\"},\"inLanguage\":\"ca\",\"potentialAction\":[{\"@type\":\"ReadAction\",\"target\":[\"https:\\\/\\\/amarespectacular.com\\\/ca\\\/politica-privacitat\\\/\"]}]},{\"@type\":\"BreadcrumbList\",\"@id\":\"https:\\\/\\\/amarespectacular.com\\\/ca\\\/politica-privacitat\\\/#breadcrumb\",\"itemListElement\":[{\"@type\":\"ListItem\",\"position\":1,\"name\":\"Portada\",\"item\":\"https:\\\/\\\/amarespectacular.com\\\/ca\\\/\"},{\"@type\":\"ListItem\",\"position\":2,\"name\":\"Pol\u00edtica de privacitat\"}]},{\"@type\":\"WebSite\",\"@id\":\"https:\\\/\\\/amarespectacular.com\\\/#website\",\"url\":\"https:\\\/\\\/amarespectacular.com\\\/\",\"name\":\"A Mar Es Espectacular\",\"description\":\"\",\"potentialAction\":[{\"@type\":\"SearchAction\",\"target\":{\"@type\":\"EntryPoint\",\"urlTemplate\":\"https:\\\/\\\/amarespectacular.com\\\/?s={search_term_string}\"},\"query-input\":{\"@type\":\"PropertyValueSpecification\",\"valueRequired\":true,\"valueName\":\"search_term_string\"}}],\"inLanguage\":\"ca\"}]}<\/script>\n<!-- \/ Yoast SEO plugin. -->","yoast_head_json":{"title":"Pol\u00edtica de privacitat - A Mar Es Espectacular","robots":{"index":"index","follow":"follow","max-snippet":"max-snippet:-1","max-image-preview":"max-image-preview:large","max-video-preview":"max-video-preview:-1"},"canonical":"https:\/\/amarespectacular.com\/ca\/politica-privacitat\/","og_locale":"ca_ES","og_type":"article","og_title":"Pol\u00edtica de privacitat - A Mar Es Espectacular","og_description":"Pol\u00edtica de privacitat Aquesta Pol\u00edtica de Privadesa estableix els termes en qu\u00e8 A MAR \u00c9S ESPECTACULAR, S.L. usa i protegeix la informaci\u00f3 que els seus usuaris proporcionen en el moment d&#8217;utilitzar aquest portal web. Les dades personals \u00fanicament seran obtingudes per A MAR ES ESPECTACULAR, S.L. per al tractament, quan siguin adequats, pertinents i no...","og_url":"https:\/\/amarespectacular.com\/ca\/politica-privacitat\/","og_site_name":"A Mar Es Espectacular","article_modified_time":"2022-10-27T20:23:08+00:00","twitter_card":"summary_large_image","twitter_misc":{"Temps estimat de lectura":"11 minuts"},"schema":{"@context":"https:\/\/schema.org","@graph":[{"@type":"WebPage","@id":"https:\/\/amarespectacular.com\/ca\/politica-privacitat\/","url":"https:\/\/amarespectacular.com\/ca\/politica-privacitat\/","name":"Pol\u00edtica de privacitat - A Mar Es Espectacular","isPartOf":{"@id":"https:\/\/amarespectacular.com\/#website"},"datePublished":"2021-12-15T09:03:27+00:00","dateModified":"2022-10-27T20:23:08+00:00","breadcrumb":{"@id":"https:\/\/amarespectacular.com\/ca\/politica-privacitat\/#breadcrumb"},"inLanguage":"ca","potentialAction":[{"@type":"ReadAction","target":["https:\/\/amarespectacular.com\/ca\/politica-privacitat\/"]}]},{"@type":"BreadcrumbList","@id":"https:\/\/amarespectacular.com\/ca\/politica-privacitat\/#breadcrumb","itemListElement":[{"@type":"ListItem","position":1,"name":"Portada","item":"https:\/\/amarespectacular.com\/ca\/"},{"@type":"ListItem","position":2,"name":"Pol\u00edtica de privacitat"}]},{"@type":"WebSite","@id":"https:\/\/amarespectacular.com\/#website","url":"https:\/\/amarespectacular.com\/","name":"A Mar Es Espectacular","description":"","potentialAction":[{"@type":"SearchAction","target":{"@type":"EntryPoint","urlTemplate":"https:\/\/amarespectacular.com\/?s={search_term_string}"},"query-input":{"@type":"PropertyValueSpecification","valueRequired":true,"valueName":"search_term_string"}}],"inLanguage":"ca"}]}},"_links":{"self":[{"href":"https:\/\/amarespectacular.com\/ca\/wp-json\/wp\/v2\/pages\/1081","targetHints":{"allow":["GET"]}}],"collection":[{"href":"https:\/\/amarespectacular.com\/ca\/wp-json\/wp\/v2\/pages"}],"about":[{"href":"https:\/\/amarespectacular.com\/ca\/wp-json\/wp\/v2\/types\/page"}],"author":[{"embeddable":true,"href":"https:\/\/amarespectacular.com\/ca\/wp-json\/wp\/v2\/users\/1"}],"replies":[{"embeddable":true,"href":"https:\/\/amarespectacular.com\/ca\/wp-json\/wp\/v2\/comments?post=1081"}],"version-history":[{"count":9,"href":"https:\/\/amarespectacular.com\/ca\/wp-json\/wp\/v2\/pages\/1081\/revisions"}],"predecessor-version":[{"id":1926,"href":"https:\/\/amarespectacular.com\/ca\/wp-json\/wp\/v2\/pages\/1081\/revisions\/1926"}],"wp:attachment":[{"href":"https:\/\/amarespectacular.com\/ca\/wp-json\/wp\/v2\/media?parent=1081"}],"curies":[{"name":"wp","href":"https:\/\/api.w.org\/{rel}","templated":true}]}}