{"id":1083,"date":"2022-02-08T20:34:10","date_gmt":"2022-02-08T20:34:10","guid":{"rendered":"https:\/\/amarespectacular.com\/proposito\/"},"modified":"2026-03-09T15:44:07","modified_gmt":"2026-03-09T14:44:07","slug":"proposit","status":"publish","type":"page","link":"https:\/\/amarespectacular.com\/ca\/proposit\/","title":{"rendered":"Prop\u00f2sit"},"content":{"rendered":"\n<div class=\"wp-block-nk-awb nk-awb alignfull slider-cabecera-home section26\"><div class=\"nk-awb-wrap\" data-awb-type=\"image\" data-awb-image-background-size=\"cover\" data-awb-image-background-position=\"50% 50%\"><div class=\"nk-awb-inner\"><img loading=\"lazy\" decoding=\"async\" src=\"https:\/\/amarespectacular.com\/wp-content\/uploads\/2026\/03\/ondas_claras.png\" class=\"wp-image-6228 jarallax-img\" width=\"2200\" height=\"552\" srcset=\"https:\/\/amarespectacular.com\/wp-content\/uploads\/2026\/03\/ondas_claras.png 2200w, https:\/\/amarespectacular.com\/wp-content\/uploads\/2026\/03\/ondas_claras-800x201.png 800w, https:\/\/amarespectacular.com\/wp-content\/uploads\/2026\/03\/ondas_claras-1400x351.png 1400w, https:\/\/amarespectacular.com\/wp-content\/uploads\/2026\/03\/ondas_claras-768x193.png 768w, https:\/\/amarespectacular.com\/wp-content\/uploads\/2026\/03\/ondas_claras-1536x385.png 1536w, https:\/\/amarespectacular.com\/wp-content\/uploads\/2026\/03\/ondas_claras-2048x514.png 2048w, https:\/\/amarespectacular.com\/wp-content\/uploads\/2026\/03\/ondas_claras-1320x331.png 1320w, https:\/\/amarespectacular.com\/wp-content\/uploads\/2026\/03\/ondas_claras-399x100.png 399w, https:\/\/amarespectacular.com\/wp-content\/uploads\/2026\/03\/ondas_claras-500x125.png 500w, https:\/\/amarespectacular.com\/wp-content\/uploads\/2026\/03\/ondas_claras-1280x321.png 1280w, https:\/\/amarespectacular.com\/wp-content\/uploads\/2026\/03\/ondas_claras-1920x482.png 1920w\" sizes=\"auto, (max-width: 2200px) 100vw, 2200px\" \/><\/div><\/div><div class=\"nk-awb-wrap-content is-layout-constrained wp-block-nk-awb-is-layout-constrained\"><style>.kb-row-layout-id1083_2d342b-65 > .kt-row-column-wrap{align-content:start;}:where(.kb-row-layout-id1083_2d342b-65 > .kt-row-column-wrap) > .wp-block-kadence-column{justify-content:start;}.kb-row-layout-id1083_2d342b-65 > .kt-row-column-wrap{column-gap:var(--global-kb-gap-md, 2rem);row-gap:var(--global-kb-gap-md, 2rem);padding-top:50px;padding-bottom:30px;grid-template-columns:minmax(0, 1fr);}.kb-row-layout-id1083_2d342b-65 > .kt-row-layout-overlay{opacity:0.30;}@media all and (max-width: 1024px){.kb-row-layout-id1083_2d342b-65 > .kt-row-column-wrap{grid-template-columns:minmax(0, 1fr);}}@media all and (max-width: 767px){.kb-row-layout-id1083_2d342b-65 > .kt-row-column-wrap{padding-top:30px;padding-right:0px;padding-bottom:20px;padding-left:0px;grid-template-columns:minmax(0, 1fr);}}<\/style><div class=\"kb-row-layout-wrap kb-row-layout-id1083_2d342b-65 alignnone wp-block-kadence-rowlayout\"><div class=\"kt-row-column-wrap kt-has-1-columns kt-row-layout-equal kt-tab-layout-inherit kt-mobile-layout-row kt-row-valign-top\">\n<style>.kadence-column1083_e812e5-94 > .kt-inside-inner-col,.kadence-column1083_e812e5-94 > .kt-inside-inner-col:before{border-top-left-radius:0px;border-top-right-radius:0px;border-bottom-right-radius:0px;border-bottom-left-radius:0px;}.kadence-column1083_e812e5-94 > .kt-inside-inner-col{column-gap:var(--global-kb-gap-sm, 1rem);}.kadence-column1083_e812e5-94 > .kt-inside-inner-col{flex-direction:column;}.kadence-column1083_e812e5-94 > .kt-inside-inner-col > .aligncenter{width:100%;}.kadence-column1083_e812e5-94 > .kt-inside-inner-col:before{opacity:0.3;}.kadence-column1083_e812e5-94{position:relative;}@media all and (max-width: 1024px){.kadence-column1083_e812e5-94 > .kt-inside-inner-col{flex-direction:column;justify-content:center;}}@media all and (max-width: 767px){.kadence-column1083_e812e5-94 > .kt-inside-inner-col{flex-direction:column;justify-content:center;}}<\/style>\n<div class=\"wp-block-kadence-column kadence-column1083_e812e5-94 inner-column-1 estrella_texto\"><div class=\"kt-inside-inner-col\">\n<div class=\"wp-block-group is-layout-flow wp-block-group-is-layout-flow\"><style>.wp-block-kadence-advancedheading.kt-adv-heading1083_a09452-47, .wp-block-kadence-advancedheading.kt-adv-heading1083_a09452-47[data-kb-block=\"kb-adv-heading1083_a09452-47\"]{margin-bottom:20px;text-align:center;font-size:95px;line-height:95px;font-weight:400;font-style:normal;color:#00253e;}.wp-block-kadence-advancedheading.kt-adv-heading1083_a09452-47 mark.kt-highlight, .wp-block-kadence-advancedheading.kt-adv-heading1083_a09452-47[data-kb-block=\"kb-adv-heading1083_a09452-47\"] mark.kt-highlight{font-style:normal;color:#f76a0c;-webkit-box-decoration-break:clone;box-decoration-break:clone;padding-top:0px;padding-right:0px;padding-bottom:0px;padding-left:0px;}.wp-block-kadence-advancedheading.kt-adv-heading1083_a09452-47 img.kb-inline-image, .wp-block-kadence-advancedheading.kt-adv-heading1083_a09452-47[data-kb-block=\"kb-adv-heading1083_a09452-47\"] img.kb-inline-image{width:150px;vertical-align:baseline;}@media all and (max-width: 1024px){.wp-block-kadence-advancedheading.kt-adv-heading1083_a09452-47, .wp-block-kadence-advancedheading.kt-adv-heading1083_a09452-47[data-kb-block=\"kb-adv-heading1083_a09452-47\"]{font-size:80px;}}@media all and (max-width: 767px){.wp-block-kadence-advancedheading.kt-adv-heading1083_a09452-47, .wp-block-kadence-advancedheading.kt-adv-heading1083_a09452-47[data-kb-block=\"kb-adv-heading1083_a09452-47\"]{margin-bottom:10px;font-size:53px;line-height:52px;}}<\/style>\n<h3 class=\"kt-adv-heading1083_a09452-47 mirtha_displayregular_font wp-block-kadence-advancedheading\" data-kb-block=\"kb-adv-heading1083_a09452-47\">EL NOSTRE PLANETA NECESSITA ELS SEUS MARS.<br>ELS NOSTRES MARS ENS NECESSITEN.<\/h3>\n<\/div>\n<\/div><\/div>\n\n<\/div><\/div><\/div><\/div>\n\n\n<style>.kb-row-layout-id1083_4af32d-fa > .kt-row-column-wrap{align-content:start;}:where(.kb-row-layout-id1083_4af32d-fa > .kt-row-column-wrap) > .wp-block-kadence-column{justify-content:start;}.kb-row-layout-id1083_4af32d-fa > .kt-row-column-wrap{column-gap:var(--global-kb-gap-md, 2rem);row-gap:var(--global-kb-gap-md, 2rem);padding-top:var(--global-kb-spacing-sm, 1.5rem);padding-bottom:var(--global-kb-spacing-sm, 1.5rem);grid-template-columns:minmax(0, 1fr);}.kb-row-layout-id1083_4af32d-fa{background-color:#7ac5bf;}.kb-row-layout-id1083_4af32d-fa > .kt-row-layout-overlay{opacity:0.30;}@media all and (max-width: 1024px){.kb-row-layout-id1083_4af32d-fa > .kt-row-column-wrap{grid-template-columns:minmax(0, 1fr);}}@media all and (max-width: 767px){.kb-row-layout-id1083_4af32d-fa > .kt-row-column-wrap{grid-template-columns:minmax(0, 1fr);}}<\/style><div class=\"kb-row-layout-wrap kb-row-layout-id1083_4af32d-fa alignnone kt-row-has-bg section26 m_top0 fila_proposito wp-block-kadence-rowlayout\"><div class=\"kt-row-column-wrap kt-has-1-columns kt-row-layout-equal kt-tab-layout-inherit kt-mobile-layout-row kt-row-valign-top\">\n<style>.kadence-column1083_7a84b7-af > .kt-inside-inner-col,.kadence-column1083_7a84b7-af > .kt-inside-inner-col:before{border-top-left-radius:0px;border-top-right-radius:0px;border-bottom-right-radius:0px;border-bottom-left-radius:0px;}.kadence-column1083_7a84b7-af > .kt-inside-inner-col{column-gap:var(--global-kb-gap-sm, 1rem);}.kadence-column1083_7a84b7-af > .kt-inside-inner-col{flex-direction:column;}.kadence-column1083_7a84b7-af > .kt-inside-inner-col > .aligncenter{width:100%;}.kadence-column1083_7a84b7-af > .kt-inside-inner-col:before{opacity:0.3;}.kadence-column1083_7a84b7-af{position:relative;}@media all and (max-width: 1024px){.kadence-column1083_7a84b7-af > .kt-inside-inner-col{flex-direction:column;justify-content:center;}}@media all and (max-width: 767px){.kadence-column1083_7a84b7-af > .kt-inside-inner-col{flex-direction:column;justify-content:center;}}<\/style>\n<div class=\"wp-block-kadence-column kadence-column1083_7a84b7-af\"><div class=\"kt-inside-inner-col\">\n<div style=\"height:50px\" aria-hidden=\"true\" class=\"wp-block-spacer\"><\/div>\n\n\n\n<figure class=\"wp-block-image aligncenter size-full\"><img loading=\"lazy\" decoding=\"async\" width=\"33\" height=\"33\" src=\"https:\/\/amarespectacular.com\/wp-content\/uploads\/2026\/03\/est-azul.png\" alt=\"\" class=\"wp-image-6262\"\/><\/figure>\n\n\n\n<div style=\"height:50px\" aria-hidden=\"true\" class=\"wp-block-spacer\"><\/div>\n\n\n<style>.kb-row-layout-id1083_853d16-86 > .kt-row-column-wrap{align-content:start;}:where(.kb-row-layout-id1083_853d16-86 > .kt-row-column-wrap) > .wp-block-kadence-column{justify-content:start;}.kb-row-layout-id1083_853d16-86 > .kt-row-column-wrap{column-gap:var(--global-kb-gap-md, 2rem);row-gap:var(--global-kb-gap-md, 2rem);max-width:900px;margin-left:auto;margin-right:auto;padding-top:var(--global-kb-spacing-sm, 1.5rem);padding-bottom:var(--global-kb-spacing-sm, 1.5rem);grid-template-columns:minmax(0, 1fr);}.kb-row-layout-id1083_853d16-86 > .kt-row-layout-overlay{opacity:0.30;}@media all and (max-width: 1024px){.kb-row-layout-id1083_853d16-86 > .kt-row-column-wrap{grid-template-columns:minmax(0, 1fr);}}@media all and (max-width: 767px){.kb-row-layout-id1083_853d16-86 > .kt-row-column-wrap{grid-template-columns:minmax(0, 1fr);}}<\/style><div class=\"kb-row-layout-wrap kb-row-layout-id1083_853d16-86 alignnone wp-block-kadence-rowlayout\"><div class=\"kt-row-column-wrap kt-has-1-columns kt-row-layout-equal kt-tab-layout-inherit kt-mobile-layout-row kt-row-valign-top\">\n<style>.kadence-column1083_c0de2d-91 > .kt-inside-inner-col,.kadence-column1083_c0de2d-91 > .kt-inside-inner-col:before{border-top-left-radius:0px;border-top-right-radius:0px;border-bottom-right-radius:0px;border-bottom-left-radius:0px;}.kadence-column1083_c0de2d-91 > .kt-inside-inner-col{column-gap:var(--global-kb-gap-sm, 1rem);}.kadence-column1083_c0de2d-91 > .kt-inside-inner-col{flex-direction:column;}.kadence-column1083_c0de2d-91 > .kt-inside-inner-col > .aligncenter{width:100%;}.kadence-column1083_c0de2d-91 > .kt-inside-inner-col:before{opacity:0.3;}.kadence-column1083_c0de2d-91{position:relative;}@media all and (max-width: 1024px){.kadence-column1083_c0de2d-91 > .kt-inside-inner-col{flex-direction:column;justify-content:center;}}@media all and (max-width: 767px){.kadence-column1083_c0de2d-91 > .kt-inside-inner-col{flex-direction:column;justify-content:center;}}<\/style>\n<div class=\"wp-block-kadence-column kadence-column1083_c0de2d-91\"><div class=\"kt-inside-inner-col\">\n<p class=\"has-text-align-center lineh_12 has-text-color has-link-color has-founders-grotesk-light-font-family wp-elements-0d68a148febaaef1c50d2c15a1b1b90a\" style=\"color:#00253e;font-size:22px\">Necessitem el mar per somiar, cr\u00e9ixer i per trobar-nos. El mar ha estat aqu\u00ed per a nosaltres, amb el seu poder guaridor, la seva profunditat m\u00e0gica i la seva immensa font de vida. Per\u00f2\u2026 i si et digu\u00e9ssim que ara el mar ens necessita a nosaltres?<\/p>\n\n\n\n<p class=\"has-text-align-center lineh_12 has-text-color has-link-color has-founders-grotesk-light-font-family wp-elements-6e59898ae16c2d155a1ca0c1704c9180\" style=\"color:#00253e;font-size:22px\">Els nostres oceans s\u00f3n responsables del benestar del nostre planeta i juguen un paper fonamental en els sistemes naturals, regulant el nostre clima i absorbint di\u00f2xid de carboni. A m\u00e9s, sustenten innombrables pescadors i ens proporcionen aliment saludable di\u00e0riament. La vida sense ells no seria possible.<\/p>\n\n\n\n<p class=\"has-text-align-center lineh_12 has-text-color has-link-color has-founders-grotesk-light-font-family wp-elements-d44bb60318a220a2bc172c05ed9edc34\" style=\"color:#00253e;font-size:22px\">Nosaltres sempre hem estat molt units al mar. Som una empresa conservera de tradici\u00f3 familiar que selecciona amb delicadesa els millors peixos i mariscs de les ries gallegues i dels oceans. Vam n\u00e9ixer i cr\u00e9ixer al Maresme, una comarca espectacular banyada per llargues platges i amb una arrelada cultura marinera.<\/p>\n\n\n\n<p class=\"has-text-align-center lineh_12 has-text-color has-link-color has-founders-grotesk-light-font-family wp-elements-bfbf8f7a244189718de946b0c2776924\" style=\"color:#00253e;font-size:22px\">Estimem el sol, el mar i l\u2019aperitiu per despertar la gana per la vida. Per aquests motius, el nostre prop\u00f2sit \u00e9s protegir els oceans perqu\u00e8 segueixin sent font de vida i salut per a tothom.<\/p>\n\n\n\n<p class=\"has-text-align-center lineh_12 has-text-color has-link-color has-founders-grotesk-light-font-family wp-elements-e5ea3acb9e8b708fecb94f053dd4e7ec\" style=\"color:#00253e;font-size:22px\">Volem promoure totes les accions, gestos i iniciatives que ajudin a cuidar els nostres oceans, i les anomenarem \u201cTambolets pels Oceans\u201d. El nostre amor \u00e9s molt m\u00e9s que un petit gest: \u00e9s una actitud de gratitud i de respecte imprescindibles per a un futur sostenible. \u00c9s la voluntat de tornar al mar tot all\u00f2 que ens ha donat fins avui.<\/p>\n\n\n\n<p class=\"has-text-align-center lineh_12 has-text-color has-link-color has-founders-grotesk-light-font-family wp-elements-728a6330434c6597cecc81671c7dbd8a\" style=\"color:#00253e;font-size:22px\"><a href=\"https:\/\/amarespectacular.com\/ca\/tambolillos-2\/\" type=\"link\" id=\"https:\/\/amarespectacular.com\/ca\/tambolillos-2\/\"><strong>Vols saber-ne m\u00e9s?<\/strong><\/a><\/p>\n\n\n\n<p class=\"has-text-align-center lineh_12 has-text-color has-link-color has-founders-grotesk-light-font-family wp-elements-16af80de84e25db07916e90300db2df7\" style=\"color:#00253e;font-size:22px\">Si tu tamb\u00e9 estimes i vols protegir els oceans tant com nosaltres: <br>puja\u2019t a l\u2019onada!<\/p>\n\n\n\n<div style=\"height:10px\" aria-hidden=\"true\" class=\"wp-block-spacer\"><\/div>\n\n\n\n<figure class=\"wp-block-image aligncenter size-full is-resized\"><img loading=\"lazy\" decoding=\"async\" width=\"479\" height=\"725\" src=\"https:\/\/amarespectacular.com\/wp-content\/uploads\/2026\/03\/10-beneficios-ca.png\" alt=\"\" class=\"wp-image-6489\" style=\"width:150px\" srcset=\"https:\/\/amarespectacular.com\/wp-content\/uploads\/2026\/03\/10-beneficios-ca.png 479w, https:\/\/amarespectacular.com\/wp-content\/uploads\/2026\/03\/10-beneficios-ca-264x400.png 264w, https:\/\/amarespectacular.com\/wp-content\/uploads\/2026\/03\/10-beneficios-ca-399x604.png 399w\" sizes=\"auto, (max-width: 479px) 100vw, 479px\" \/><\/figure>\n\n\n\n<div style=\"height:30px\" aria-hidden=\"true\" class=\"wp-block-spacer\"><\/div>\n<\/div><\/div>\n\n<\/div><\/div><\/div><\/div>\n\n<\/div><\/div>","protected":false},"excerpt":{"rendered":"<p>Necessitem el mar per somiar, cr\u00e9ixer i per trobar-nos. El mar ha estat aqu\u00ed per a nosaltres, amb el seu poder guaridor, la seva profunditat m\u00e0gica i la seva immensa font de vida. Per\u00f2\u2026 i si et digu\u00e9ssim que ara el mar ens necessita a nosaltres? Els nostres oceans s\u00f3n responsables del benestar del nostre&#8230;<\/p>\n","protected":false},"author":1,"featured_media":485,"parent":0,"menu_order":-1,"comment_status":"closed","ping_status":"closed","template":"page-blank.php","meta":{"_acf_changed":false,"footnotes":""},"class_list":["post-1083","page","type-page","status-publish","has-post-thumbnail","hentry"],"acf":[],"yoast_head":"<!-- This site is optimized with the Yoast SEO plugin v27.3 - https:\/\/yoast.com\/product\/yoast-seo-wordpress\/ -->\n<title>Prop\u00f2sit - A Mar Es Espectacular<\/title>\n<meta name=\"robots\" content=\"index, follow, max-snippet:-1, max-image-preview:large, max-video-preview:-1\" \/>\n<link rel=\"canonical\" href=\"https:\/\/amarespectacular.com\/ca\/proposit\/\" \/>\n<meta property=\"og:locale\" content=\"ca_ES\" \/>\n<meta property=\"og:type\" content=\"article\" \/>\n<meta property=\"og:title\" content=\"Prop\u00f2sit - A Mar Es Espectacular\" \/>\n<meta property=\"og:description\" content=\"Necessitem el mar per somiar, cr\u00e9ixer i per trobar-nos. El mar ha estat aqu\u00ed per a nosaltres, amb el seu poder guaridor, la seva profunditat m\u00e0gica i la seva immensa font de vida. Per\u00f2\u2026 i si et digu\u00e9ssim que ara el mar ens necessita a nosaltres? Els nostres oceans s\u00f3n responsables del benestar del nostre...\" \/>\n<meta property=\"og:url\" content=\"https:\/\/amarespectacular.com\/ca\/proposit\/\" \/>\n<meta property=\"og:site_name\" content=\"A Mar Es Espectacular\" \/>\n<meta property=\"article:modified_time\" content=\"2026-03-09T14:44:07+00:00\" \/>\n<meta property=\"og:image\" content=\"https:\/\/amarespectacular.com\/wp-content\/uploads\/2016\/08\/dummy-1.jpg\" \/>\n\t<meta property=\"og:image:width\" content=\"400\" \/>\n\t<meta property=\"og:image:height\" content=\"260\" \/>\n\t<meta property=\"og:image:type\" content=\"image\/jpeg\" \/>\n<meta name=\"twitter:card\" content=\"summary_large_image\" \/>\n<meta name=\"twitter:label1\" content=\"Temps estimat de lectura\" \/>\n\t<meta name=\"twitter:data1\" content=\"3 minuts\" \/>\n<script type=\"application\/ld+json\" class=\"yoast-schema-graph\">{\"@context\":\"https:\\\/\\\/schema.org\",\"@graph\":[{\"@type\":\"WebPage\",\"@id\":\"https:\\\/\\\/amarespectacular.com\\\/ca\\\/proposit\\\/\",\"url\":\"https:\\\/\\\/amarespectacular.com\\\/ca\\\/proposit\\\/\",\"name\":\"Prop\u00f2sit - A Mar Es Espectacular\",\"isPartOf\":{\"@id\":\"https:\\\/\\\/amarespectacular.com\\\/#website\"},\"primaryImageOfPage\":{\"@id\":\"https:\\\/\\\/amarespectacular.com\\\/ca\\\/proposit\\\/#primaryimage\"},\"image\":{\"@id\":\"https:\\\/\\\/amarespectacular.com\\\/ca\\\/proposit\\\/#primaryimage\"},\"thumbnailUrl\":\"https:\\\/\\\/amarespectacular.com\\\/wp-content\\\/uploads\\\/2016\\\/08\\\/dummy-1.jpg\",\"datePublished\":\"2022-02-08T20:34:10+00:00\",\"dateModified\":\"2026-03-09T14:44:07+00:00\",\"breadcrumb\":{\"@id\":\"https:\\\/\\\/amarespectacular.com\\\/ca\\\/proposit\\\/#breadcrumb\"},\"inLanguage\":\"ca\",\"potentialAction\":[{\"@type\":\"ReadAction\",\"target\":[\"https:\\\/\\\/amarespectacular.com\\\/ca\\\/proposit\\\/\"]}]},{\"@type\":\"ImageObject\",\"inLanguage\":\"ca\",\"@id\":\"https:\\\/\\\/amarespectacular.com\\\/ca\\\/proposit\\\/#primaryimage\",\"url\":\"https:\\\/\\\/amarespectacular.com\\\/wp-content\\\/uploads\\\/2016\\\/08\\\/dummy-1.jpg\",\"contentUrl\":\"https:\\\/\\\/amarespectacular.com\\\/wp-content\\\/uploads\\\/2016\\\/08\\\/dummy-1.jpg\",\"width\":400,\"height\":260},{\"@type\":\"BreadcrumbList\",\"@id\":\"https:\\\/\\\/amarespectacular.com\\\/ca\\\/proposit\\\/#breadcrumb\",\"itemListElement\":[{\"@type\":\"ListItem\",\"position\":1,\"name\":\"Portada\",\"item\":\"https:\\\/\\\/amarespectacular.com\\\/ca\\\/\"},{\"@type\":\"ListItem\",\"position\":2,\"name\":\"Prop\u00f2sit\"}]},{\"@type\":\"WebSite\",\"@id\":\"https:\\\/\\\/amarespectacular.com\\\/#website\",\"url\":\"https:\\\/\\\/amarespectacular.com\\\/\",\"name\":\"A Mar Es Espectacular\",\"description\":\"\",\"potentialAction\":[{\"@type\":\"SearchAction\",\"target\":{\"@type\":\"EntryPoint\",\"urlTemplate\":\"https:\\\/\\\/amarespectacular.com\\\/?s={search_term_string}\"},\"query-input\":{\"@type\":\"PropertyValueSpecification\",\"valueRequired\":true,\"valueName\":\"search_term_string\"}}],\"inLanguage\":\"ca\"}]}<\/script>\n<!-- \/ Yoast SEO plugin. -->","yoast_head_json":{"title":"Prop\u00f2sit - A Mar Es Espectacular","robots":{"index":"index","follow":"follow","max-snippet":"max-snippet:-1","max-image-preview":"max-image-preview:large","max-video-preview":"max-video-preview:-1"},"canonical":"https:\/\/amarespectacular.com\/ca\/proposit\/","og_locale":"ca_ES","og_type":"article","og_title":"Prop\u00f2sit - A Mar Es Espectacular","og_description":"Necessitem el mar per somiar, cr\u00e9ixer i per trobar-nos. El mar ha estat aqu\u00ed per a nosaltres, amb el seu poder guaridor, la seva profunditat m\u00e0gica i la seva immensa font de vida. Per\u00f2\u2026 i si et digu\u00e9ssim que ara el mar ens necessita a nosaltres? Els nostres oceans s\u00f3n responsables del benestar del nostre...","og_url":"https:\/\/amarespectacular.com\/ca\/proposit\/","og_site_name":"A Mar Es Espectacular","article_modified_time":"2026-03-09T14:44:07+00:00","og_image":[{"width":400,"height":260,"url":"https:\/\/amarespectacular.com\/wp-content\/uploads\/2016\/08\/dummy-1.jpg","type":"image\/jpeg"}],"twitter_card":"summary_large_image","twitter_misc":{"Temps estimat de lectura":"3 minuts"},"schema":{"@context":"https:\/\/schema.org","@graph":[{"@type":"WebPage","@id":"https:\/\/amarespectacular.com\/ca\/proposit\/","url":"https:\/\/amarespectacular.com\/ca\/proposit\/","name":"Prop\u00f2sit - A Mar Es Espectacular","isPartOf":{"@id":"https:\/\/amarespectacular.com\/#website"},"primaryImageOfPage":{"@id":"https:\/\/amarespectacular.com\/ca\/proposit\/#primaryimage"},"image":{"@id":"https:\/\/amarespectacular.com\/ca\/proposit\/#primaryimage"},"thumbnailUrl":"https:\/\/amarespectacular.com\/wp-content\/uploads\/2016\/08\/dummy-1.jpg","datePublished":"2022-02-08T20:34:10+00:00","dateModified":"2026-03-09T14:44:07+00:00","breadcrumb":{"@id":"https:\/\/amarespectacular.com\/ca\/proposit\/#breadcrumb"},"inLanguage":"ca","potentialAction":[{"@type":"ReadAction","target":["https:\/\/amarespectacular.com\/ca\/proposit\/"]}]},{"@type":"ImageObject","inLanguage":"ca","@id":"https:\/\/amarespectacular.com\/ca\/proposit\/#primaryimage","url":"https:\/\/amarespectacular.com\/wp-content\/uploads\/2016\/08\/dummy-1.jpg","contentUrl":"https:\/\/amarespectacular.com\/wp-content\/uploads\/2016\/08\/dummy-1.jpg","width":400,"height":260},{"@type":"BreadcrumbList","@id":"https:\/\/amarespectacular.com\/ca\/proposit\/#breadcrumb","itemListElement":[{"@type":"ListItem","position":1,"name":"Portada","item":"https:\/\/amarespectacular.com\/ca\/"},{"@type":"ListItem","position":2,"name":"Prop\u00f2sit"}]},{"@type":"WebSite","@id":"https:\/\/amarespectacular.com\/#website","url":"https:\/\/amarespectacular.com\/","name":"A Mar Es Espectacular","description":"","potentialAction":[{"@type":"SearchAction","target":{"@type":"EntryPoint","urlTemplate":"https:\/\/amarespectacular.com\/?s={search_term_string}"},"query-input":{"@type":"PropertyValueSpecification","valueRequired":true,"valueName":"search_term_string"}}],"inLanguage":"ca"}]}},"_links":{"self":[{"href":"https:\/\/amarespectacular.com\/ca\/wp-json\/wp\/v2\/pages\/1083","targetHints":{"allow":["GET"]}}],"collection":[{"href":"https:\/\/amarespectacular.com\/ca\/wp-json\/wp\/v2\/pages"}],"about":[{"href":"https:\/\/amarespectacular.com\/ca\/wp-json\/wp\/v2\/types\/page"}],"author":[{"embeddable":true,"href":"https:\/\/amarespectacular.com\/ca\/wp-json\/wp\/v2\/users\/1"}],"replies":[{"embeddable":true,"href":"https:\/\/amarespectacular.com\/ca\/wp-json\/wp\/v2\/comments?post=1083"}],"version-history":[{"count":80,"href":"https:\/\/amarespectacular.com\/ca\/wp-json\/wp\/v2\/pages\/1083\/revisions"}],"predecessor-version":[{"id":6492,"href":"https:\/\/amarespectacular.com\/ca\/wp-json\/wp\/v2\/pages\/1083\/revisions\/6492"}],"wp:featuredmedia":[{"embeddable":true,"href":"https:\/\/amarespectacular.com\/ca\/wp-json\/wp\/v2\/media\/485"}],"wp:attachment":[{"href":"https:\/\/amarespectacular.com\/ca\/wp-json\/wp\/v2\/media?parent=1083"}],"curies":[{"name":"wp","href":"https:\/\/api.w.org\/{rel}","templated":true}]}}