{"id":4881,"date":"2025-05-29T17:20:47","date_gmt":"2025-05-29T17:20:47","guid":{"rendered":"https:\/\/amarespectacular.com\/?page_id=4881"},"modified":"2026-03-06T15:34:43","modified_gmt":"2026-03-06T14:34:43","slug":"receptes","status":"publish","type":"page","link":"https:\/\/amarespectacular.com\/ca\/receptes\/","title":{"rendered":"Receptes"},"content":{"rendered":"\n<div class=\"row row_recetas_1\"  id=\"row-1974528706\">\n\n\n\t<div id=\"col-1132794245\" class=\"col medium-2 small-12 large-2\"  >\n\t\t\t\t<div class=\"col-inner\"  >\n\t\t\t\n\t\t\t\n\n\n\t\t<\/div>\n\t\t\t\t\t<\/div>\n\n\t\n\n\t<div id=\"col-720533497\" class=\"col medium-8 small-12 large-8\"  >\n\t\t\t\t<div class=\"col-inner\"  >\n\t\t\t\n\t\t\t\n\n\t<div id=\"text-2022095532\" class=\"text destacado\">\n\t\t\n\n<p style=\"margin-bottom: 15px;\">RECEPTES<\/p>\n\t\t\n<style>\n#text-2022095532 {\n  font-size: 4rem;\n  text-align: center;\n}\n<\/style>\n\t<\/div>\n\t\n\t<div id=\"text-3086511335\" class=\"text\">\n\t\t\n\n<p style=\"margin-bottom: 15px; font-family: Founders-Grotesk-Light, sans-serif !important; font-size: 24px; line-height: 24px;\">Paco P\u00e9rez signa receptes espectaculars amb les nostres conserves per reinventar l&#8217;aperitiu amb excel\u00b7l\u00e8ncia, sabor aut\u00e8ntic i ess\u00e8ncia a mar.<\/p>\n\t\t\n<style>\n#text-3086511335 {\n  font-size: 1.5rem;\n  line-height: 0.75;\n  text-align: center;\n  color: rgb(0, 37, 62);\n}\n#text-3086511335 > * {\n  color: rgb(0, 37, 62);\n}\n<\/style>\n\t<\/div>\n\t\n<div class=\"text-center\"><div class=\"is-divider divider clearfix\" style=\"max-width:230px;height:2px;background-color:rgb(0, 37, 62);\"><\/div><\/div>\n\n\n\t\t<\/div>\n\t\t\t\t\t<\/div>\n\n\t\n\n\t<div id=\"col-1407986241\" class=\"col medium-2 small-12 large-2\"  >\n\t\t\t\t<div class=\"col-inner\"  >\n\t\t\t\n\t\t\t\n\n\n\t\t<\/div>\n\t\t\t\t\t<\/div>\n\n\t\n\n<\/div>\n<div class=\"row row_recetas_2\"  id=\"row-542227346\">\n\n\n\t<div id=\"col-614228133\" class=\"col small-12 large-12\"  >\n\t\t\t\t<div class=\"col-inner\"  >\n\t\t\t\n\t\t\t\n\n\n  \n    <div class=\"row large-columns-3 medium-columns-1 small-columns-1\" >\n  <div class=\"col post-item\" >\n\t\t\t<div class=\"col-inner\">\n\t\t\t\t<div class=\"box box-normal box-text-bottom box-blog-post has-hover\">\n            \t\t\t\t\t<div class=\"box-image\" >\n  \t\t\t\t\t\t<div class=\"image-cover\" style=\"padding-top:125%;\">\n\t\t\t\t\t\t\t<a href=\"https:\/\/amarespectacular.com\/ca\/receta-tramuntana-patatas-con-berberechos\/\" class=\"plain\" aria-label=\"RECEPTA &#8220;TRAMUNTANA&#8221;. PATATES AMB ESCOPINYES\">\n\t\t\t\t\t\t\t\t<img loading=\"lazy\" decoding=\"async\" width=\"320\" height=\"400\" src=\"https:\/\/amarespectacular.com\/wp-content\/uploads\/2025\/05\/orig_amar_redes_julio-07-320x400.jpg\" class=\"attachment-medium size-medium wp-post-image\" alt=\"\" srcset=\"https:\/\/amarespectacular.com\/wp-content\/uploads\/2025\/05\/orig_amar_redes_julio-07-320x400.jpg 320w, https:\/\/amarespectacular.com\/wp-content\/uploads\/2025\/05\/orig_amar_redes_julio-07-640x800.jpg 640w, https:\/\/amarespectacular.com\/wp-content\/uploads\/2025\/05\/orig_amar_redes_julio-07-768x960.jpg 768w, https:\/\/amarespectacular.com\/wp-content\/uploads\/2025\/05\/orig_amar_redes_julio-07-399x499.jpg 399w, https:\/\/amarespectacular.com\/wp-content\/uploads\/2025\/05\/orig_amar_redes_julio-07-500x625.jpg 500w, https:\/\/amarespectacular.com\/wp-content\/uploads\/2025\/05\/orig_amar_redes_julio-07-800x1000.jpg 800w, https:\/\/amarespectacular.com\/wp-content\/uploads\/2025\/05\/orig_amar_redes_julio-07.jpg 1080w\" sizes=\"auto, (max-width: 320px) 100vw, 320px\" \/>\t\t\t\t\t\t\t<\/a>\n  \t\t\t\t\t\t\t  \t\t\t\t\t\t\t  \t\t\t\t\t\t<\/div>\n  \t\t\t\t\t\t  \t\t\t\t\t<\/div>\n          \t\t\t\t\t<div class=\"box-text text-center\" >\n\t\t\t\t\t<div class=\"box-text-inner blog-post-inner\">\n\n\t\t\t\t\t\n\t\t\t\t\t\t\t\t\t\t<h5 class=\"post-title is-large \">\n\t\t\t\t\t\t<a href=\"https:\/\/amarespectacular.com\/ca\/receta-tramuntana-patatas-con-berberechos\/\" class=\"plain\">RECEPTA &#8220;TRAMUNTANA&#8221;. PATATES AMB ESCOPINYES<\/a>\n\t\t\t\t\t<\/h5>\n\t\t\t\t\t\t\t\t\t\t<div class=\"is-divider\"><\/div>\n\t\t\t\t\t\t\t\t\t\t<p class=\"from_the_blog_excerpt \">\n\t\t\t\t\t\t\t\t\t\t\t<\/p>\n\t\t\t\t\t                    \n\t\t\t\t\t\n\t\t\t\t\t\n\t\t\t\t\t<\/div>\n\t\t\t\t\t<\/div>\n\t\t\t\t\t\t\t\t\t\t\t\t\t\t\t\t<div class=\"badge absolute top post-date badge-square\">\n\t\t\t\t\t\t\t<div class=\"badge-inner\">\n\t\t\t\t\t\t\t\t<span class=\"post-date-day\">29<\/span><br>\n\t\t\t\t\t\t\t\t<span class=\"post-date-month is-xsmall\">maig<\/span>\n\t\t\t\t\t\t\t<\/div>\n\t\t\t\t\t\t<\/div>\n\t\t\t\t\t\t\t\t\t<\/div>\n\t\t\t<\/div>\n\t\t<\/div><div class=\"col post-item\" >\n\t\t\t<div class=\"col-inner\">\n\t\t\t\t<div class=\"box box-normal box-text-bottom box-blog-post has-hover\">\n            \t\t\t\t\t<div class=\"box-image\" >\n  \t\t\t\t\t\t<div class=\"image-cover\" style=\"padding-top:125%;\">\n\t\t\t\t\t\t\t<a href=\"https:\/\/amarespectacular.com\/ca\/receta-mistral-pasta-en-escabeche\/\" class=\"plain\" aria-label=\"RECEPTA &#8220;MISTRAL&#8221;. PASTA A ESCABETX\">\n\t\t\t\t\t\t\t\t<img loading=\"lazy\" decoding=\"async\" width=\"320\" height=\"400\" src=\"https:\/\/amarespectacular.com\/wp-content\/uploads\/2025\/05\/orig_amar_redes_julio-09-320x400.jpg\" class=\"attachment-medium size-medium wp-post-image\" alt=\"\" srcset=\"https:\/\/amarespectacular.com\/wp-content\/uploads\/2025\/05\/orig_amar_redes_julio-09-320x400.jpg 320w, https:\/\/amarespectacular.com\/wp-content\/uploads\/2025\/05\/orig_amar_redes_julio-09-640x800.jpg 640w, https:\/\/amarespectacular.com\/wp-content\/uploads\/2025\/05\/orig_amar_redes_julio-09-768x960.jpg 768w, https:\/\/amarespectacular.com\/wp-content\/uploads\/2025\/05\/orig_amar_redes_julio-09-399x499.jpg 399w, https:\/\/amarespectacular.com\/wp-content\/uploads\/2025\/05\/orig_amar_redes_julio-09-500x625.jpg 500w, https:\/\/amarespectacular.com\/wp-content\/uploads\/2025\/05\/orig_amar_redes_julio-09-800x1000.jpg 800w, https:\/\/amarespectacular.com\/wp-content\/uploads\/2025\/05\/orig_amar_redes_julio-09.jpg 1080w\" sizes=\"auto, (max-width: 320px) 100vw, 320px\" \/>\t\t\t\t\t\t\t<\/a>\n  \t\t\t\t\t\t\t  \t\t\t\t\t\t\t  \t\t\t\t\t\t<\/div>\n  \t\t\t\t\t\t  \t\t\t\t\t<\/div>\n          \t\t\t\t\t<div class=\"box-text text-center\" >\n\t\t\t\t\t<div class=\"box-text-inner blog-post-inner\">\n\n\t\t\t\t\t\n\t\t\t\t\t\t\t\t\t\t<h5 class=\"post-title is-large \">\n\t\t\t\t\t\t<a href=\"https:\/\/amarespectacular.com\/ca\/receta-mistral-pasta-en-escabeche\/\" class=\"plain\">RECEPTA &#8220;MISTRAL&#8221;. PASTA A ESCABETX<\/a>\n\t\t\t\t\t<\/h5>\n\t\t\t\t\t\t\t\t\t\t<div class=\"is-divider\"><\/div>\n\t\t\t\t\t\t\t\t\t\t<p class=\"from_the_blog_excerpt \">\n\t\t\t\t\t\t\t\t\t\t\t<\/p>\n\t\t\t\t\t                    \n\t\t\t\t\t\n\t\t\t\t\t\n\t\t\t\t\t<\/div>\n\t\t\t\t\t<\/div>\n\t\t\t\t\t\t\t\t\t\t\t\t\t\t\t\t<div class=\"badge absolute top post-date badge-square\">\n\t\t\t\t\t\t\t<div class=\"badge-inner\">\n\t\t\t\t\t\t\t\t<span class=\"post-date-day\">29<\/span><br>\n\t\t\t\t\t\t\t\t<span class=\"post-date-month is-xsmall\">maig<\/span>\n\t\t\t\t\t\t\t<\/div>\n\t\t\t\t\t\t<\/div>\n\t\t\t\t\t\t\t\t\t<\/div>\n\t\t\t<\/div>\n\t\t<\/div><div class=\"col post-item\" >\n\t\t\t<div class=\"col-inner\">\n\t\t\t\t<div class=\"box box-normal box-text-bottom box-blog-post has-hover\">\n            \t\t\t\t\t<div class=\"box-image\" >\n  \t\t\t\t\t\t<div class=\"image-cover\" style=\"padding-top:125%;\">\n\t\t\t\t\t\t\t<a href=\"https:\/\/amarespectacular.com\/ca\/receta-poniente-focaccia-con-sardinas\/\" class=\"plain\" aria-label=\"RECEPTA &#8220;PONIENTE. FOCACCIA AMB SARDINES\">\n\t\t\t\t\t\t\t\t<img loading=\"lazy\" decoding=\"async\" width=\"320\" height=\"400\" src=\"https:\/\/amarespectacular.com\/wp-content\/uploads\/2025\/05\/orig_amar_redes_julio-10-320x400.jpg\" class=\"attachment-medium size-medium wp-post-image\" alt=\"\" srcset=\"https:\/\/amarespectacular.com\/wp-content\/uploads\/2025\/05\/orig_amar_redes_julio-10-320x400.jpg 320w, https:\/\/amarespectacular.com\/wp-content\/uploads\/2025\/05\/orig_amar_redes_julio-10-640x800.jpg 640w, https:\/\/amarespectacular.com\/wp-content\/uploads\/2025\/05\/orig_amar_redes_julio-10-768x960.jpg 768w, https:\/\/amarespectacular.com\/wp-content\/uploads\/2025\/05\/orig_amar_redes_julio-10-399x499.jpg 399w, https:\/\/amarespectacular.com\/wp-content\/uploads\/2025\/05\/orig_amar_redes_julio-10-500x625.jpg 500w, https:\/\/amarespectacular.com\/wp-content\/uploads\/2025\/05\/orig_amar_redes_julio-10-800x1000.jpg 800w, https:\/\/amarespectacular.com\/wp-content\/uploads\/2025\/05\/orig_amar_redes_julio-10.jpg 1080w\" sizes=\"auto, (max-width: 320px) 100vw, 320px\" \/>\t\t\t\t\t\t\t<\/a>\n  \t\t\t\t\t\t\t  \t\t\t\t\t\t\t  \t\t\t\t\t\t<\/div>\n  \t\t\t\t\t\t  \t\t\t\t\t<\/div>\n          \t\t\t\t\t<div class=\"box-text text-center\" >\n\t\t\t\t\t<div class=\"box-text-inner blog-post-inner\">\n\n\t\t\t\t\t\n\t\t\t\t\t\t\t\t\t\t<h5 class=\"post-title is-large \">\n\t\t\t\t\t\t<a href=\"https:\/\/amarespectacular.com\/ca\/receta-poniente-focaccia-con-sardinas\/\" class=\"plain\">RECEPTA &#8220;PONIENTE. FOCACCIA AMB SARDINES<\/a>\n\t\t\t\t\t<\/h5>\n\t\t\t\t\t\t\t\t\t\t<div class=\"is-divider\"><\/div>\n\t\t\t\t\t\t\t\t\t\t<p class=\"from_the_blog_excerpt \">\n\t\t\t\t\t\t\t\t\t\t\t<\/p>\n\t\t\t\t\t                    \n\t\t\t\t\t\n\t\t\t\t\t\n\t\t\t\t\t<\/div>\n\t\t\t\t\t<\/div>\n\t\t\t\t\t\t\t\t\t\t\t\t\t\t\t\t<div class=\"badge absolute top post-date badge-square\">\n\t\t\t\t\t\t\t<div class=\"badge-inner\">\n\t\t\t\t\t\t\t\t<span class=\"post-date-day\">21<\/span><br>\n\t\t\t\t\t\t\t\t<span class=\"post-date-month is-xsmall\">abr.<\/span>\n\t\t\t\t\t\t\t<\/div>\n\t\t\t\t\t\t<\/div>\n\t\t\t\t\t\t\t\t\t<\/div>\n\t\t\t<\/div>\n\t\t<\/div><div class=\"col post-item\" >\n\t\t\t<div class=\"col-inner\">\n\t\t\t\t<div class=\"box box-normal box-text-bottom box-blog-post has-hover\">\n            \t\t\t\t\t<div class=\"box-image\" >\n  \t\t\t\t\t\t<div class=\"image-cover\" style=\"padding-top:125%;\">\n\t\t\t\t\t\t\t<a href=\"https:\/\/amarespectacular.com\/ca\/recepta-siroco-gildas-gordal\/\" class=\"plain\" aria-label=\"Recepta &#8220;SIROCO&#8221;. Gildas Gordal\">\n\t\t\t\t\t\t\t\t<img loading=\"lazy\" decoding=\"async\" width=\"320\" height=\"400\" src=\"https:\/\/amarespectacular.com\/wp-content\/uploads\/2025\/05\/orig_amar_redes_julio-08-320x400.jpg\" class=\"attachment-medium size-medium wp-post-image\" alt=\"\" srcset=\"https:\/\/amarespectacular.com\/wp-content\/uploads\/2025\/05\/orig_amar_redes_julio-08-320x400.jpg 320w, https:\/\/amarespectacular.com\/wp-content\/uploads\/2025\/05\/orig_amar_redes_julio-08-640x800.jpg 640w, https:\/\/amarespectacular.com\/wp-content\/uploads\/2025\/05\/orig_amar_redes_julio-08-768x960.jpg 768w, https:\/\/amarespectacular.com\/wp-content\/uploads\/2025\/05\/orig_amar_redes_julio-08-399x499.jpg 399w, https:\/\/amarespectacular.com\/wp-content\/uploads\/2025\/05\/orig_amar_redes_julio-08-500x625.jpg 500w, https:\/\/amarespectacular.com\/wp-content\/uploads\/2025\/05\/orig_amar_redes_julio-08-800x1000.jpg 800w, https:\/\/amarespectacular.com\/wp-content\/uploads\/2025\/05\/orig_amar_redes_julio-08.jpg 1080w\" sizes=\"auto, (max-width: 320px) 100vw, 320px\" \/>\t\t\t\t\t\t\t<\/a>\n  \t\t\t\t\t\t\t  \t\t\t\t\t\t\t  \t\t\t\t\t\t<\/div>\n  \t\t\t\t\t\t  \t\t\t\t\t<\/div>\n          \t\t\t\t\t<div class=\"box-text text-center\" >\n\t\t\t\t\t<div class=\"box-text-inner blog-post-inner\">\n\n\t\t\t\t\t\n\t\t\t\t\t\t\t\t\t\t<h5 class=\"post-title is-large \">\n\t\t\t\t\t\t<a href=\"https:\/\/amarespectacular.com\/ca\/recepta-siroco-gildas-gordal\/\" class=\"plain\">Recepta &#8220;SIROCO&#8221;. Gildas Gordal<\/a>\n\t\t\t\t\t<\/h5>\n\t\t\t\t\t\t\t\t\t\t<div class=\"is-divider\"><\/div>\n\t\t\t\t\t\t\t\t\t\t<p class=\"from_the_blog_excerpt \">\n\t\t\t\t\t\t\t\t\t\t\t<\/p>\n\t\t\t\t\t                    \n\t\t\t\t\t\n\t\t\t\t\t\n\t\t\t\t\t<\/div>\n\t\t\t\t\t<\/div>\n\t\t\t\t\t\t\t\t\t\t\t\t\t\t\t\t<div class=\"badge absolute top post-date badge-square\">\n\t\t\t\t\t\t\t<div class=\"badge-inner\">\n\t\t\t\t\t\t\t\t<span class=\"post-date-day\">18<\/span><br>\n\t\t\t\t\t\t\t\t<span class=\"post-date-month is-xsmall\">des.<\/span>\n\t\t\t\t\t\t\t<\/div>\n\t\t\t\t\t\t<\/div>\n\t\t\t\t\t\t\t\t\t<\/div>\n\t\t\t<\/div>\n\t\t<\/div><div class=\"col post-item\" >\n\t\t\t<div class=\"col-inner\">\n\t\t\t\t<div class=\"box box-normal box-text-bottom box-blog-post has-hover\">\n            \t\t\t\t\t<div class=\"box-image\" >\n  \t\t\t\t\t\t<div class=\"image-cover\" style=\"padding-top:125%;\">\n\t\t\t\t\t\t\t<a href=\"https:\/\/amarespectacular.com\/ca\/recepta-llavant-cloisses-japoniques-amb-salsa-miso\/\" class=\"plain\" aria-label=\"Recepta &#8220;LEVANTE&#8221;. Clo\u00efsses jap\u00f2niques amb salsa miso\">\n\t\t\t\t\t\t\t\t<img loading=\"lazy\" decoding=\"async\" width=\"320\" height=\"400\" src=\"https:\/\/amarespectacular.com\/wp-content\/uploads\/2025\/05\/orig_amar_redes_julio-11-320x400.jpg\" class=\"attachment-medium size-medium wp-post-image\" alt=\"\" srcset=\"https:\/\/amarespectacular.com\/wp-content\/uploads\/2025\/05\/orig_amar_redes_julio-11-320x400.jpg 320w, https:\/\/amarespectacular.com\/wp-content\/uploads\/2025\/05\/orig_amar_redes_julio-11-640x800.jpg 640w, https:\/\/amarespectacular.com\/wp-content\/uploads\/2025\/05\/orig_amar_redes_julio-11-768x960.jpg 768w, https:\/\/amarespectacular.com\/wp-content\/uploads\/2025\/05\/orig_amar_redes_julio-11-399x499.jpg 399w, https:\/\/amarespectacular.com\/wp-content\/uploads\/2025\/05\/orig_amar_redes_julio-11-500x625.jpg 500w, https:\/\/amarespectacular.com\/wp-content\/uploads\/2025\/05\/orig_amar_redes_julio-11-800x1000.jpg 800w, https:\/\/amarespectacular.com\/wp-content\/uploads\/2025\/05\/orig_amar_redes_julio-11.jpg 1080w\" sizes=\"auto, (max-width: 320px) 100vw, 320px\" \/>\t\t\t\t\t\t\t<\/a>\n  \t\t\t\t\t\t\t  \t\t\t\t\t\t\t  \t\t\t\t\t\t<\/div>\n  \t\t\t\t\t\t  \t\t\t\t\t<\/div>\n          \t\t\t\t\t<div class=\"box-text text-center\" >\n\t\t\t\t\t<div class=\"box-text-inner blog-post-inner\">\n\n\t\t\t\t\t\n\t\t\t\t\t\t\t\t\t\t<h5 class=\"post-title is-large \">\n\t\t\t\t\t\t<a href=\"https:\/\/amarespectacular.com\/ca\/recepta-llavant-cloisses-japoniques-amb-salsa-miso\/\" class=\"plain\">Recepta &#8220;LEVANTE&#8221;. Clo\u00efsses jap\u00f2niques amb salsa miso<\/a>\n\t\t\t\t\t<\/h5>\n\t\t\t\t\t\t\t\t\t\t<div class=\"is-divider\"><\/div>\n\t\t\t\t\t\t\t\t\t\t<p class=\"from_the_blog_excerpt \">\n\t\t\t\t\t\t\t\t\t\t\t<\/p>\n\t\t\t\t\t                    \n\t\t\t\t\t\n\t\t\t\t\t\n\t\t\t\t\t<\/div>\n\t\t\t\t\t<\/div>\n\t\t\t\t\t\t\t\t\t\t\t\t\t\t\t\t<div class=\"badge absolute top post-date badge-square\">\n\t\t\t\t\t\t\t<div class=\"badge-inner\">\n\t\t\t\t\t\t\t\t<span class=\"post-date-day\">18<\/span><br>\n\t\t\t\t\t\t\t\t<span class=\"post-date-month is-xsmall\">des.<\/span>\n\t\t\t\t\t\t\t<\/div>\n\t\t\t\t\t\t<\/div>\n\t\t\t\t\t\t\t\t\t<\/div>\n\t\t\t<\/div>\n\t\t<\/div><\/div>\n\n\n\t\t<\/div>\n\t\t\t\t\t<\/div>\n\n\t\n\n<\/div>\n\n","protected":false},"excerpt":{"rendered":"","protected":false},"author":4,"featured_media":0,"parent":0,"menu_order":0,"comment_status":"closed","ping_status":"closed","template":"","meta":{"_acf_changed":false,"footnotes":""},"class_list":["post-4881","page","type-page","status-publish","hentry"],"acf":[],"yoast_head":"<!-- This site is optimized with the Yoast SEO plugin v27.3 - https:\/\/yoast.com\/product\/yoast-seo-wordpress\/ -->\n<title>Receptes - A Mar Es Espectacular<\/title>\n<meta name=\"robots\" content=\"index, follow, max-snippet:-1, max-image-preview:large, max-video-preview:-1\" \/>\n<link rel=\"canonical\" href=\"https:\/\/amarespectacular.com\/ca\/receptes\/\" \/>\n<meta property=\"og:locale\" content=\"ca_ES\" \/>\n<meta property=\"og:type\" content=\"article\" \/>\n<meta property=\"og:title\" content=\"Receptes - A Mar Es Espectacular\" \/>\n<meta property=\"og:url\" content=\"https:\/\/amarespectacular.com\/ca\/receptes\/\" \/>\n<meta property=\"og:site_name\" content=\"A Mar Es Espectacular\" \/>\n<meta property=\"article:modified_time\" content=\"2026-03-06T14:34:43+00:00\" \/>\n<meta name=\"twitter:card\" content=\"summary_large_image\" \/>\n<meta name=\"twitter:label1\" content=\"Temps estimat de lectura\" \/>\n\t<meta name=\"twitter:data1\" content=\"1 minut\" \/>\n<script type=\"application\/ld+json\" class=\"yoast-schema-graph\">{\"@context\":\"https:\\\/\\\/schema.org\",\"@graph\":[{\"@type\":\"WebPage\",\"@id\":\"https:\\\/\\\/amarespectacular.com\\\/ca\\\/receptes\\\/\",\"url\":\"https:\\\/\\\/amarespectacular.com\\\/ca\\\/receptes\\\/\",\"name\":\"Receptes - A Mar Es Espectacular\",\"isPartOf\":{\"@id\":\"https:\\\/\\\/amarespectacular.com\\\/#website\"},\"datePublished\":\"2025-05-29T17:20:47+00:00\",\"dateModified\":\"2026-03-06T14:34:43+00:00\",\"breadcrumb\":{\"@id\":\"https:\\\/\\\/amarespectacular.com\\\/ca\\\/receptes\\\/#breadcrumb\"},\"inLanguage\":\"ca\",\"potentialAction\":[{\"@type\":\"ReadAction\",\"target\":[\"https:\\\/\\\/amarespectacular.com\\\/ca\\\/receptes\\\/\"]}]},{\"@type\":\"BreadcrumbList\",\"@id\":\"https:\\\/\\\/amarespectacular.com\\\/ca\\\/receptes\\\/#breadcrumb\",\"itemListElement\":[{\"@type\":\"ListItem\",\"position\":1,\"name\":\"Portada\",\"item\":\"https:\\\/\\\/amarespectacular.com\\\/ca\\\/\"},{\"@type\":\"ListItem\",\"position\":2,\"name\":\"Receptes\"}]},{\"@type\":\"WebSite\",\"@id\":\"https:\\\/\\\/amarespectacular.com\\\/#website\",\"url\":\"https:\\\/\\\/amarespectacular.com\\\/\",\"name\":\"A Mar Es Espectacular\",\"description\":\"\",\"potentialAction\":[{\"@type\":\"SearchAction\",\"target\":{\"@type\":\"EntryPoint\",\"urlTemplate\":\"https:\\\/\\\/amarespectacular.com\\\/?s={search_term_string}\"},\"query-input\":{\"@type\":\"PropertyValueSpecification\",\"valueRequired\":true,\"valueName\":\"search_term_string\"}}],\"inLanguage\":\"ca\"}]}<\/script>\n<!-- \/ Yoast SEO plugin. -->","yoast_head_json":{"title":"Receptes - A Mar Es Espectacular","robots":{"index":"index","follow":"follow","max-snippet":"max-snippet:-1","max-image-preview":"max-image-preview:large","max-video-preview":"max-video-preview:-1"},"canonical":"https:\/\/amarespectacular.com\/ca\/receptes\/","og_locale":"ca_ES","og_type":"article","og_title":"Receptes - A Mar Es Espectacular","og_url":"https:\/\/amarespectacular.com\/ca\/receptes\/","og_site_name":"A Mar Es Espectacular","article_modified_time":"2026-03-06T14:34:43+00:00","twitter_card":"summary_large_image","twitter_misc":{"Temps estimat de lectura":"1 minut"},"schema":{"@context":"https:\/\/schema.org","@graph":[{"@type":"WebPage","@id":"https:\/\/amarespectacular.com\/ca\/receptes\/","url":"https:\/\/amarespectacular.com\/ca\/receptes\/","name":"Receptes - A Mar Es Espectacular","isPartOf":{"@id":"https:\/\/amarespectacular.com\/#website"},"datePublished":"2025-05-29T17:20:47+00:00","dateModified":"2026-03-06T14:34:43+00:00","breadcrumb":{"@id":"https:\/\/amarespectacular.com\/ca\/receptes\/#breadcrumb"},"inLanguage":"ca","potentialAction":[{"@type":"ReadAction","target":["https:\/\/amarespectacular.com\/ca\/receptes\/"]}]},{"@type":"BreadcrumbList","@id":"https:\/\/amarespectacular.com\/ca\/receptes\/#breadcrumb","itemListElement":[{"@type":"ListItem","position":1,"name":"Portada","item":"https:\/\/amarespectacular.com\/ca\/"},{"@type":"ListItem","position":2,"name":"Receptes"}]},{"@type":"WebSite","@id":"https:\/\/amarespectacular.com\/#website","url":"https:\/\/amarespectacular.com\/","name":"A Mar Es Espectacular","description":"","potentialAction":[{"@type":"SearchAction","target":{"@type":"EntryPoint","urlTemplate":"https:\/\/amarespectacular.com\/?s={search_term_string}"},"query-input":{"@type":"PropertyValueSpecification","valueRequired":true,"valueName":"search_term_string"}}],"inLanguage":"ca"}]}},"_links":{"self":[{"href":"https:\/\/amarespectacular.com\/ca\/wp-json\/wp\/v2\/pages\/4881","targetHints":{"allow":["GET"]}}],"collection":[{"href":"https:\/\/amarespectacular.com\/ca\/wp-json\/wp\/v2\/pages"}],"about":[{"href":"https:\/\/amarespectacular.com\/ca\/wp-json\/wp\/v2\/types\/page"}],"author":[{"embeddable":true,"href":"https:\/\/amarespectacular.com\/ca\/wp-json\/wp\/v2\/users\/4"}],"replies":[{"embeddable":true,"href":"https:\/\/amarespectacular.com\/ca\/wp-json\/wp\/v2\/comments?post=4881"}],"version-history":[{"count":9,"href":"https:\/\/amarespectacular.com\/ca\/wp-json\/wp\/v2\/pages\/4881\/revisions"}],"predecessor-version":[{"id":6374,"href":"https:\/\/amarespectacular.com\/ca\/wp-json\/wp\/v2\/pages\/4881\/revisions\/6374"}],"wp:attachment":[{"href":"https:\/\/amarespectacular.com\/ca\/wp-json\/wp\/v2\/media?parent=4881"}],"curies":[{"name":"wp","href":"https:\/\/api.w.org\/{rel}","templated":true}]}}