{"id":5094,"date":"2024-12-17T17:40:02","date_gmt":"2024-12-17T17:40:02","guid":{"rendered":"https:\/\/amarespectacular.com\/?page_id=5094"},"modified":"2026-03-09T16:55:19","modified_gmt":"2026-03-09T15:55:19","slug":"tambolillos-2","status":"publish","type":"page","link":"https:\/\/amarespectacular.com\/ca\/tambolillos-2\/","title":{"rendered":"Tambolillos"},"content":{"rendered":"\n<div class=\"wp-block-nk-awb nk-awb alignfull slider-cabecera-home section26\"><div class=\"nk-awb-wrap\" data-awb-type=\"image\" data-awb-image-background-size=\"cover\" data-awb-image-background-position=\"50% 50%\"><div class=\"nk-awb-inner\"><img loading=\"lazy\" decoding=\"async\" src=\"https:\/\/amarespectacular.com\/wp-content\/uploads\/2026\/03\/ondas_claras.png\" class=\"wp-image-6228 jarallax-img\" width=\"2200\" height=\"552\" srcset=\"https:\/\/amarespectacular.com\/wp-content\/uploads\/2026\/03\/ondas_claras.png 2200w, https:\/\/amarespectacular.com\/wp-content\/uploads\/2026\/03\/ondas_claras-800x201.png 800w, https:\/\/amarespectacular.com\/wp-content\/uploads\/2026\/03\/ondas_claras-1400x351.png 1400w, https:\/\/amarespectacular.com\/wp-content\/uploads\/2026\/03\/ondas_claras-768x193.png 768w, https:\/\/amarespectacular.com\/wp-content\/uploads\/2026\/03\/ondas_claras-1536x385.png 1536w, https:\/\/amarespectacular.com\/wp-content\/uploads\/2026\/03\/ondas_claras-2048x514.png 2048w, https:\/\/amarespectacular.com\/wp-content\/uploads\/2026\/03\/ondas_claras-1320x331.png 1320w, https:\/\/amarespectacular.com\/wp-content\/uploads\/2026\/03\/ondas_claras-399x100.png 399w, https:\/\/amarespectacular.com\/wp-content\/uploads\/2026\/03\/ondas_claras-500x125.png 500w, https:\/\/amarespectacular.com\/wp-content\/uploads\/2026\/03\/ondas_claras-1280x321.png 1280w, https:\/\/amarespectacular.com\/wp-content\/uploads\/2026\/03\/ondas_claras-1920x482.png 1920w\" sizes=\"auto, (max-width: 2200px) 100vw, 2200px\" \/><\/div><\/div><div class=\"nk-awb-wrap-content is-layout-constrained wp-block-nk-awb-is-layout-constrained\"><style>.kb-row-layout-id5094_b4eebb-7f > .kt-row-column-wrap{align-content:start;}:where(.kb-row-layout-id5094_b4eebb-7f > .kt-row-column-wrap) > .wp-block-kadence-column{justify-content:start;}.kb-row-layout-id5094_b4eebb-7f > .kt-row-column-wrap{column-gap:var(--global-kb-gap-md, 2rem);row-gap:var(--global-kb-gap-md, 2rem);max-width:900px;margin-left:auto;margin-right:auto;padding-top:50px;padding-bottom:30px;grid-template-columns:minmax(0, 1fr);}.kb-row-layout-id5094_b4eebb-7f > .kt-row-layout-overlay{opacity:0.30;}@media all and (max-width: 1024px){.kb-row-layout-id5094_b4eebb-7f > .kt-row-column-wrap{grid-template-columns:minmax(0, 1fr);}}@media all and (max-width: 767px){.kb-row-layout-id5094_b4eebb-7f > .kt-row-column-wrap{padding-top:30px;padding-right:0px;padding-bottom:20px;padding-left:0px;grid-template-columns:minmax(0, 1fr);}}<\/style><div class=\"kb-row-layout-wrap kb-row-layout-id5094_b4eebb-7f alignnone wp-block-kadence-rowlayout\"><div class=\"kt-row-column-wrap kt-has-1-columns kt-row-layout-equal kt-tab-layout-inherit kt-mobile-layout-row kt-row-valign-top\">\n<style>.kadence-column5094_153cab-0b > .kt-inside-inner-col,.kadence-column5094_153cab-0b > .kt-inside-inner-col:before{border-top-left-radius:0px;border-top-right-radius:0px;border-bottom-right-radius:0px;border-bottom-left-radius:0px;}.kadence-column5094_153cab-0b > .kt-inside-inner-col{column-gap:var(--global-kb-gap-sm, 1rem);}.kadence-column5094_153cab-0b > .kt-inside-inner-col{flex-direction:column;}.kadence-column5094_153cab-0b > .kt-inside-inner-col > .aligncenter{width:100%;}.kadence-column5094_153cab-0b > .kt-inside-inner-col:before{opacity:0.3;}.kadence-column5094_153cab-0b{position:relative;}@media all and (max-width: 1024px){.kadence-column5094_153cab-0b > .kt-inside-inner-col{flex-direction:column;justify-content:center;}}@media all and (max-width: 767px){.kadence-column5094_153cab-0b > .kt-inside-inner-col{flex-direction:column;justify-content:center;}}<\/style>\n<div class=\"wp-block-kadence-column kadence-column5094_153cab-0b inner-column-1 estrella_texto\"><div class=\"kt-inside-inner-col\">\n<div class=\"wp-block-group is-layout-flow wp-block-group-is-layout-flow\"><style>.wp-block-kadence-advancedheading.kt-adv-heading5094_ca31d7-65, .wp-block-kadence-advancedheading.kt-adv-heading5094_ca31d7-65[data-kb-block=\"kb-adv-heading5094_ca31d7-65\"]{margin-bottom:0px;text-align:center;font-size:75px;line-height:62px;font-weight:400;font-style:normal;color:#00253e;}.wp-block-kadence-advancedheading.kt-adv-heading5094_ca31d7-65 mark.kt-highlight, .wp-block-kadence-advancedheading.kt-adv-heading5094_ca31d7-65[data-kb-block=\"kb-adv-heading5094_ca31d7-65\"] mark.kt-highlight{font-style:normal;color:#f76a0c;-webkit-box-decoration-break:clone;box-decoration-break:clone;padding-top:0px;padding-right:0px;padding-bottom:0px;padding-left:0px;}.wp-block-kadence-advancedheading.kt-adv-heading5094_ca31d7-65 img.kb-inline-image, .wp-block-kadence-advancedheading.kt-adv-heading5094_ca31d7-65[data-kb-block=\"kb-adv-heading5094_ca31d7-65\"] img.kb-inline-image{width:150px;vertical-align:baseline;}@media all and (max-width: 1024px){.wp-block-kadence-advancedheading.kt-adv-heading5094_ca31d7-65, .wp-block-kadence-advancedheading.kt-adv-heading5094_ca31d7-65[data-kb-block=\"kb-adv-heading5094_ca31d7-65\"]{font-size:80px;}}@media all and (max-width: 767px){.wp-block-kadence-advancedheading.kt-adv-heading5094_ca31d7-65, .wp-block-kadence-advancedheading.kt-adv-heading5094_ca31d7-65[data-kb-block=\"kb-adv-heading5094_ca31d7-65\"]{margin-bottom:10px;font-size:53px;line-height:52px;}}<\/style>\n<h3 class=\"kt-adv-heading5094_ca31d7-65 mirtha_displayregular_font wp-block-kadence-advancedheading\" data-kb-block=\"kb-adv-heading5094_ca31d7-65\"><img decoding=\"async\" src=\"https:\/\/amarespectacular.com\/wp-content\/uploads\/2022\/02\/Recurso-9.png\" alt=\"\"> SOM UNA TRIPULACI\u00d3 D&#8217;ACTIVISTES <img decoding=\"async\" src=\"https:\/\/amarespectacular.com\/wp-content\/uploads\/2022\/02\/Recurso-9.png\" alt=\"\"><\/h3>\n\n\n<style>.wp-block-kadence-advancedheading.kt-adv-heading5094_95c134-e1, .wp-block-kadence-advancedheading.kt-adv-heading5094_95c134-e1[data-kb-block=\"kb-adv-heading5094_95c134-e1\"]{max-width:765px;margin-right:auto;margin-left:auto;margin-bottom:0px;text-align:center;font-size:75px;line-height:62px;font-weight:400;font-style:normal;color:#00253e;}.wp-block-kadence-advancedheading.kt-adv-heading5094_95c134-e1 mark.kt-highlight, .wp-block-kadence-advancedheading.kt-adv-heading5094_95c134-e1[data-kb-block=\"kb-adv-heading5094_95c134-e1\"] mark.kt-highlight{font-style:normal;color:#f76a0c;-webkit-box-decoration-break:clone;box-decoration-break:clone;padding-top:0px;padding-right:0px;padding-bottom:0px;padding-left:0px;}.wp-block-kadence-advancedheading.kt-adv-heading5094_95c134-e1 img.kb-inline-image, .wp-block-kadence-advancedheading.kt-adv-heading5094_95c134-e1[data-kb-block=\"kb-adv-heading5094_95c134-e1\"] img.kb-inline-image{width:150px;vertical-align:baseline;}@media all and (max-width: 1024px){.wp-block-kadence-advancedheading.kt-adv-heading5094_95c134-e1, .wp-block-kadence-advancedheading.kt-adv-heading5094_95c134-e1[data-kb-block=\"kb-adv-heading5094_95c134-e1\"]{font-size:80px;}}@media all and (max-width: 767px){.wp-block-kadence-advancedheading.kt-adv-heading5094_95c134-e1, .wp-block-kadence-advancedheading.kt-adv-heading5094_95c134-e1[data-kb-block=\"kb-adv-heading5094_95c134-e1\"]{margin-bottom:10px;font-size:53px;line-height:52px;}}<\/style>\n<h3 class=\"kt-adv-heading5094_95c134-e1 mirtha_displayregular_font wp-block-kadence-advancedheading\" data-kb-block=\"kb-adv-heading5094_95c134-e1\">COMPROMESOS AMB LA CURA DELS OCEANS<\/h3>\n<\/div>\n<\/div><\/div>\n\n<\/div><\/div><\/div><\/div>\n\n\n\n\n\n\t<section class=\"section section26 m_top0 row_tambolillos\" id=\"section_593387018\">\n\t\t<div class=\"section-bg fill\" >\n\t\t\t\t\t\t\t\t\t\n\t\t\t\n\n\t\t<\/div>\n\n\t\t\n\n\t\t<div class=\"section-content relative\">\n\t\t\t\n\n\t<div id=\"gap-315051493\" class=\"gap-element clearfix\" style=\"display:block; height:auto;\">\n\t\t\n<style>\n#gap-315051493 {\n  padding-top: 30px;\n}\n<\/style>\n\t<\/div>\n\t\n\n<div class=\"row align-center\"  id=\"row-1446581912\">\n\n\n\t<div id=\"col-1036421488\" class=\"col medium-8 small-12 large-8\"  >\n\t\t\t\t<div class=\"col-inner text-center\"  >\n\t\t\t\n\t\t\t\n\n\t<div id=\"gap-1884317307\" class=\"gap-element clearfix\" style=\"display:block; height:auto;\">\n\t\t\n<style>\n#gap-1884317307 {\n  padding-top: 10px;\n}\n<\/style>\n\t<\/div>\n\t\n\n\t<div id=\"text-673540234\" class=\"text\">\n\t\t\n\n<h3 class=\"uppercase thin-font\" style=\"font-size: 68px; margin:0px;\"><span style=\"font-family: mirtha_displayregular;\">Tambolillos pels Oceans<\/span><\/h3>\n\n\t\t\n<style>\n#text-673540234 {\n  font-size: 2rem;\n  line-height: 0.75;\n  color: rgb(0, 37, 62);\n}\n#text-673540234 > * {\n  color: rgb(0, 37, 62);\n}\n<\/style>\n\t<\/div>\n\t\n<div class=\"is-divider divider clearfix\" style=\"max-width:230px;height:2px;background-color:rgb(0, 37, 62);\"><\/div>\n\n\t<div id=\"text-1121623302\" class=\"text\">\n\t\t\n\n<p style=\"font-family: Founders-Grotesk-Light, sans-serif !important;\">El nostre amor pel mar va m\u00e9s enll\u00e0 d&#8217;un sentiment; \u00e9s una actitud de gratitud, respecte i responsabilitat. Creiem a tornar al mar tot el que ens ha donat, treballant per un futur m\u00e9s sostenible i en harmonia amb la natura.<\/p>\n<p style=\"font-family: Founders-Grotesk-Light, sans-serif !important;\">Per aix\u00f2, destinem el 10% dels nostres beneficis a fer petites accions per cuidar i promoure la cust\u00f2dia marina. Aquestes iniciatives, que anomenem \u00abTambolets pels Oceans\u00bb, impulsen gestos, projectes i col\u00b7laboracions dedicades a protegir els oceans, la nostra font de vida m\u00e9s gran.<\/p>\n<p style=\"font-family: Founders-Grotesk-Light, sans-serif !important;\"><a style=\"font-weight:bold; color:#00253e;\" href=\"https:\/\/amarespectacular.com\/ca\/tambolillos-2\/\">T&#8217;agradaria saber-ne m\u00e9s?<\/a><\/p>\n\n\t\t\n<style>\n#text-1121623302 {\n  font-size: 1.5rem;\n  line-height: 1.2;\n  text-align: center;\n  color: rgb(0, 37, 62);\n}\n#text-1121623302 > * {\n  color: rgb(0, 37, 62);\n}\n<\/style>\n\t<\/div>\n\t\n\n\t\t<\/div>\n\t\t\t\t\t<\/div>\n\n\t\n\n<\/div>\n\n\t\t<\/div>\n\n\t\t\n<style>\n#section_593387018 {\n  padding-top: 30px;\n  padding-bottom: 30px;\n  background-color: rgb(215, 234, 242);\n}\n<\/style>\n\t<\/section>\n\t\n\n\t<section class=\"section tambolillos_oceanos dark\" id=\"section_1746119540\">\n\t\t<div class=\"section-bg fill\" >\n\t\t\t\t\t\t\t\t\t\n\t\t\t\n\n\t\t<\/div>\n\n\t\t\n\n\t\t<div class=\"section-content relative\">\n\t\t\t\n\n<div class=\"row align-center\"  id=\"row-1213331776\">\n\n\n\t<div id=\"col-1009474883\" class=\"col medium-9 small-12 large-8\"  >\n\t\t\t\t<div class=\"col-inner text-center\"  >\n\t\t\t\n\t\t\t\n\n\t<div id=\"text-2325125046\" class=\"text estrella_texto titulo\">\n\t\t\n\n<h2 class=\"uppercase thin-font\" style=\"margin-bottom: 0px;\"><span style=\"font-family: mirtha_displayregular; font-size: 60px;\"><img decoding=\"async\" src=\"https:\/\/amarespectacular.com\/wp-content\/uploads\/2022\/02\/Recurso-9.png\" alt=\"\"> Tambolillos pels Oceans <img decoding=\"async\" src=\"https:\/\/amarespectacular.com\/wp-content\/uploads\/2022\/02\/Recurso-9.png\" alt=\"\"><\/span><\/h2>\n\n\t\t\n<style>\n#text-2325125046 {\n  font-size: 1.5rem;\n  color: rgb(215, 234, 242);\n}\n#text-2325125046 > * {\n  color: rgb(215, 234, 242);\n}\n<\/style>\n\t<\/div>\n\t\n\t<div id=\"text-961359702\" class=\"text\">\n\t\t\n\n<p style=\"font-family: Founders-Grotesk-Light, sans-serif !important;\">\nDestinem un 10% dels nostres beneficis a realitzar \u00abTambolillos\u00bb, \u00e9s a dir, accions per cuidar i promoure la cust\u00f2dia marina.<\/p>\n\t\t\n<style>\n#text-961359702 {\n  font-size: 1.5rem;\n  line-height: 1.3;\n  color: rgb(215, 234, 242);\n}\n#text-961359702 > * {\n  color: rgb(215, 234, 242);\n}\n<\/style>\n\t<\/div>\n\t\n\t<div class=\"img has-hover x md-x lg-x y md-y lg-y\" id=\"image_264784941\">\n\t\t\t\t\t\t\t\t<div class=\"img-inner dark\" >\n\t\t\t<img loading=\"lazy\" decoding=\"async\" width=\"1025\" height=\"331\" src=\"https:\/\/amarespectacular.com\/wp-content\/uploads\/2026\/03\/tambolillos_oceanos.png\" class=\"attachment-original size-original\" alt=\"\" srcset=\"https:\/\/amarespectacular.com\/wp-content\/uploads\/2026\/03\/tambolillos_oceanos.png 1025w, https:\/\/amarespectacular.com\/wp-content\/uploads\/2026\/03\/tambolillos_oceanos-800x258.png 800w, https:\/\/amarespectacular.com\/wp-content\/uploads\/2026\/03\/tambolillos_oceanos-768x248.png 768w, https:\/\/amarespectacular.com\/wp-content\/uploads\/2026\/03\/tambolillos_oceanos-399x129.png 399w, https:\/\/amarespectacular.com\/wp-content\/uploads\/2026\/03\/tambolillos_oceanos-500x161.png 500w\" sizes=\"auto, (max-width: 1025px) 100vw, 1025px\" \/>\t\t\t\t\t\t\n\t\t\t\t\t<\/div>\n\t\t\t\t\t\t\t\t\n<style>\n#image_264784941 {\n  width: 36%;\n}\n<\/style>\n\t<\/div>\n\t\n\n\n\t\t<\/div>\n\t\t\t\t\n<style>\n#col-1009474883 > .col-inner {\n  padding: 20px 0px 0px 0px;\n}\n<\/style>\n\t<\/div>\n\n\t\n\n<\/div>\n\n\t\t<\/div>\n\n\t\t\n<style>\n#section_1746119540 {\n  padding-top: 40px;\n  padding-bottom: 40px;\n  background-color: rgb(0, 37, 62);\n}\n@media (min-width:550px) {\n  #section_1746119540 {\n    padding-top: 25px;\n    padding-bottom: 25px;\n  }\n}\n<\/style>\n\t<\/section>\n\t\n\n","protected":false},"excerpt":{"rendered":"","protected":false},"author":4,"featured_media":485,"parent":0,"menu_order":-1,"comment_status":"closed","ping_status":"closed","template":"page-blank.php","meta":{"_acf_changed":false,"footnotes":""},"class_list":["post-5094","page","type-page","status-publish","has-post-thumbnail","hentry"],"acf":[],"yoast_head":"<!-- This site is optimized with the Yoast SEO plugin v27.3 - https:\/\/yoast.com\/product\/yoast-seo-wordpress\/ -->\n<title>Tambolillos - A Mar Es Espectacular<\/title>\n<meta name=\"robots\" content=\"index, follow, max-snippet:-1, max-image-preview:large, max-video-preview:-1\" \/>\n<link rel=\"canonical\" href=\"https:\/\/amarespectacular.com\/ca\/tambolillos-2\/\" \/>\n<meta property=\"og:locale\" content=\"ca_ES\" \/>\n<meta property=\"og:type\" content=\"article\" \/>\n<meta property=\"og:title\" content=\"Tambolillos - A Mar Es Espectacular\" \/>\n<meta property=\"og:url\" content=\"https:\/\/amarespectacular.com\/ca\/tambolillos-2\/\" \/>\n<meta property=\"og:site_name\" content=\"A Mar Es Espectacular\" \/>\n<meta property=\"article:modified_time\" content=\"2026-03-09T15:55:19+00:00\" \/>\n<meta property=\"og:image\" content=\"https:\/\/amarespectacular.com\/wp-content\/uploads\/2016\/08\/dummy-1.jpg\" \/>\n\t<meta property=\"og:image:width\" content=\"400\" \/>\n\t<meta property=\"og:image:height\" content=\"260\" \/>\n\t<meta property=\"og:image:type\" content=\"image\/jpeg\" \/>\n<meta name=\"twitter:card\" content=\"summary_large_image\" \/>\n<meta name=\"twitter:label1\" content=\"Temps estimat de lectura\" \/>\n\t<meta name=\"twitter:data1\" content=\"4 minuts\" \/>\n<script type=\"application\/ld+json\" class=\"yoast-schema-graph\">{\"@context\":\"https:\\\/\\\/schema.org\",\"@graph\":[{\"@type\":\"WebPage\",\"@id\":\"https:\\\/\\\/amarespectacular.com\\\/ca\\\/tambolillos-2\\\/\",\"url\":\"https:\\\/\\\/amarespectacular.com\\\/ca\\\/tambolillos-2\\\/\",\"name\":\"Tambolillos - A Mar Es Espectacular\",\"isPartOf\":{\"@id\":\"https:\\\/\\\/amarespectacular.com\\\/#website\"},\"primaryImageOfPage\":{\"@id\":\"https:\\\/\\\/amarespectacular.com\\\/ca\\\/tambolillos-2\\\/#primaryimage\"},\"image\":{\"@id\":\"https:\\\/\\\/amarespectacular.com\\\/ca\\\/tambolillos-2\\\/#primaryimage\"},\"thumbnailUrl\":\"https:\\\/\\\/amarespectacular.com\\\/wp-content\\\/uploads\\\/2016\\\/08\\\/dummy-1.jpg\",\"datePublished\":\"2024-12-17T17:40:02+00:00\",\"dateModified\":\"2026-03-09T15:55:19+00:00\",\"breadcrumb\":{\"@id\":\"https:\\\/\\\/amarespectacular.com\\\/ca\\\/tambolillos-2\\\/#breadcrumb\"},\"inLanguage\":\"ca\",\"potentialAction\":[{\"@type\":\"ReadAction\",\"target\":[\"https:\\\/\\\/amarespectacular.com\\\/ca\\\/tambolillos-2\\\/\"]}]},{\"@type\":\"ImageObject\",\"inLanguage\":\"ca\",\"@id\":\"https:\\\/\\\/amarespectacular.com\\\/ca\\\/tambolillos-2\\\/#primaryimage\",\"url\":\"https:\\\/\\\/amarespectacular.com\\\/wp-content\\\/uploads\\\/2016\\\/08\\\/dummy-1.jpg\",\"contentUrl\":\"https:\\\/\\\/amarespectacular.com\\\/wp-content\\\/uploads\\\/2016\\\/08\\\/dummy-1.jpg\",\"width\":400,\"height\":260},{\"@type\":\"BreadcrumbList\",\"@id\":\"https:\\\/\\\/amarespectacular.com\\\/ca\\\/tambolillos-2\\\/#breadcrumb\",\"itemListElement\":[{\"@type\":\"ListItem\",\"position\":1,\"name\":\"Portada\",\"item\":\"https:\\\/\\\/amarespectacular.com\\\/ca\\\/\"},{\"@type\":\"ListItem\",\"position\":2,\"name\":\"Tambolillos\"}]},{\"@type\":\"WebSite\",\"@id\":\"https:\\\/\\\/amarespectacular.com\\\/#website\",\"url\":\"https:\\\/\\\/amarespectacular.com\\\/\",\"name\":\"A Mar Es Espectacular\",\"description\":\"\",\"potentialAction\":[{\"@type\":\"SearchAction\",\"target\":{\"@type\":\"EntryPoint\",\"urlTemplate\":\"https:\\\/\\\/amarespectacular.com\\\/?s={search_term_string}\"},\"query-input\":{\"@type\":\"PropertyValueSpecification\",\"valueRequired\":true,\"valueName\":\"search_term_string\"}}],\"inLanguage\":\"ca\"}]}<\/script>\n<!-- \/ Yoast SEO plugin. -->","yoast_head_json":{"title":"Tambolillos - A Mar Es Espectacular","robots":{"index":"index","follow":"follow","max-snippet":"max-snippet:-1","max-image-preview":"max-image-preview:large","max-video-preview":"max-video-preview:-1"},"canonical":"https:\/\/amarespectacular.com\/ca\/tambolillos-2\/","og_locale":"ca_ES","og_type":"article","og_title":"Tambolillos - A Mar Es Espectacular","og_url":"https:\/\/amarespectacular.com\/ca\/tambolillos-2\/","og_site_name":"A Mar Es Espectacular","article_modified_time":"2026-03-09T15:55:19+00:00","og_image":[{"width":400,"height":260,"url":"https:\/\/amarespectacular.com\/wp-content\/uploads\/2016\/08\/dummy-1.jpg","type":"image\/jpeg"}],"twitter_card":"summary_large_image","twitter_misc":{"Temps estimat de lectura":"4 minuts"},"schema":{"@context":"https:\/\/schema.org","@graph":[{"@type":"WebPage","@id":"https:\/\/amarespectacular.com\/ca\/tambolillos-2\/","url":"https:\/\/amarespectacular.com\/ca\/tambolillos-2\/","name":"Tambolillos - A Mar Es Espectacular","isPartOf":{"@id":"https:\/\/amarespectacular.com\/#website"},"primaryImageOfPage":{"@id":"https:\/\/amarespectacular.com\/ca\/tambolillos-2\/#primaryimage"},"image":{"@id":"https:\/\/amarespectacular.com\/ca\/tambolillos-2\/#primaryimage"},"thumbnailUrl":"https:\/\/amarespectacular.com\/wp-content\/uploads\/2016\/08\/dummy-1.jpg","datePublished":"2024-12-17T17:40:02+00:00","dateModified":"2026-03-09T15:55:19+00:00","breadcrumb":{"@id":"https:\/\/amarespectacular.com\/ca\/tambolillos-2\/#breadcrumb"},"inLanguage":"ca","potentialAction":[{"@type":"ReadAction","target":["https:\/\/amarespectacular.com\/ca\/tambolillos-2\/"]}]},{"@type":"ImageObject","inLanguage":"ca","@id":"https:\/\/amarespectacular.com\/ca\/tambolillos-2\/#primaryimage","url":"https:\/\/amarespectacular.com\/wp-content\/uploads\/2016\/08\/dummy-1.jpg","contentUrl":"https:\/\/amarespectacular.com\/wp-content\/uploads\/2016\/08\/dummy-1.jpg","width":400,"height":260},{"@type":"BreadcrumbList","@id":"https:\/\/amarespectacular.com\/ca\/tambolillos-2\/#breadcrumb","itemListElement":[{"@type":"ListItem","position":1,"name":"Portada","item":"https:\/\/amarespectacular.com\/ca\/"},{"@type":"ListItem","position":2,"name":"Tambolillos"}]},{"@type":"WebSite","@id":"https:\/\/amarespectacular.com\/#website","url":"https:\/\/amarespectacular.com\/","name":"A Mar Es Espectacular","description":"","potentialAction":[{"@type":"SearchAction","target":{"@type":"EntryPoint","urlTemplate":"https:\/\/amarespectacular.com\/?s={search_term_string}"},"query-input":{"@type":"PropertyValueSpecification","valueRequired":true,"valueName":"search_term_string"}}],"inLanguage":"ca"}]}},"_links":{"self":[{"href":"https:\/\/amarespectacular.com\/ca\/wp-json\/wp\/v2\/pages\/5094","targetHints":{"allow":["GET"]}}],"collection":[{"href":"https:\/\/amarespectacular.com\/ca\/wp-json\/wp\/v2\/pages"}],"about":[{"href":"https:\/\/amarespectacular.com\/ca\/wp-json\/wp\/v2\/types\/page"}],"author":[{"embeddable":true,"href":"https:\/\/amarespectacular.com\/ca\/wp-json\/wp\/v2\/users\/4"}],"replies":[{"embeddable":true,"href":"https:\/\/amarespectacular.com\/ca\/wp-json\/wp\/v2\/comments?post=5094"}],"version-history":[{"count":21,"href":"https:\/\/amarespectacular.com\/ca\/wp-json\/wp\/v2\/pages\/5094\/revisions"}],"predecessor-version":[{"id":6514,"href":"https:\/\/amarespectacular.com\/ca\/wp-json\/wp\/v2\/pages\/5094\/revisions\/6514"}],"wp:featuredmedia":[{"embeddable":true,"href":"https:\/\/amarespectacular.com\/ca\/wp-json\/wp\/v2\/media\/485"}],"wp:attachment":[{"href":"https:\/\/amarespectacular.com\/ca\/wp-json\/wp\/v2\/media?parent=5094"}],"curies":[{"name":"wp","href":"https:\/\/api.w.org\/{rel}","templated":true}]}}