{"id":1889,"date":"2022-02-01T12:28:40","date_gmt":"2022-02-01T12:28:40","guid":{"rendered":"https:\/\/amarespectacular.com\/product\/escopinyes-a-la-natural-mida-petita\/"},"modified":"2025-01-31T09:56:24","modified_gmt":"2025-01-31T09:56:24","slug":"escopinyes-a-la-natural-45-55","status":"publish","type":"product","link":"https:\/\/amarespectacular.com\/ca\/producte\/escopinyes-a-la-natural-45-55\/","title":{"rendered":"Escopinyes a la Natural 45\/55"},"content":{"rendered":"<p><span style=\"font-weight: 400;\">La nostra escopinya de mida petita, en conserva de 45\/55 unitats, \u00e9s perfecte per a un vermut en fam\u00edlia o amb amics. Gaudeix del seu sabor i de la seva energia saludable gr\u00e0cies a l&#8217;aportaci\u00f3 extra de iode, ferro i f\u00f2sfor, peces clau pel teu cor. A m\u00e9s, cont\u00e9 gran dosi de Zinc que permet la creaci\u00f3 de serotonina. I amb res de greixos!<\/span><\/p>\n<p><span style=\"font-weight: 400;\"><strong>Ingredients:<\/strong> Escopinyes, aigua, sal. Pot contenir peix i crustacis.<\/span><\/p>\n<p><img loading=\"lazy\" decoding=\"async\" class=\"alignnone size-full wp-image-1148\" src=\"https:\/\/amarespectacular.com\/wp-content\/uploads\/2022\/02\/Berberechos.jpg\" alt=\"\" width=\"653\" height=\"311\" srcset=\"https:\/\/amarespectacular.com\/wp-content\/uploads\/2022\/02\/Berberechos.jpg 653w, https:\/\/amarespectacular.com\/wp-content\/uploads\/2022\/02\/Berberechos-500x238.jpg 500w, https:\/\/amarespectacular.com\/wp-content\/uploads\/2022\/02\/Berberechos-399x190.jpg 399w\" sizes=\"auto, (max-width: 653px) 100vw, 653px\" \/><\/p>\n<p><b>Proced\u00e8ncia: <\/b><span style=\"font-weight: 400;\">Capturat en zona Fao n\u00ba27 Atl\u00e0ntic Nord-est.<\/span><\/p>\n<p><b>M\u00e8tode de pesca:<\/b><span style=\"font-weight: 400;\"> Capturat mitjan\u00e7ant rastres.<\/span><\/p>\n","protected":false},"excerpt":{"rendered":"<p><span style=\"font-weight: 400;\">Les nostres <strong>Escopinyes<\/strong> de mida petita, en conserva de <strong>45\/55<\/strong> unitats, \u00e9s perfecte per a un vermut en fam\u00edlia o amb amics. Gaudeix del seu sabor i de la seva energia saludable<\/span><\/p>\n","protected":false},"featured_media":5732,"template":"","meta":{"_acf_changed":false},"product_brand":[],"product_cat":[109],"product_tag":[],"class_list":{"0":"post-1889","1":"product","2":"type-product","3":"status-publish","4":"has-post-thumbnail","6":"product_cat-escopinyes","8":"first","9":"instock","10":"taxable","11":"shipping-taxable","12":"purchasable","13":"product-type-simple"},"acf":[],"yoast_head":"<!-- This site is optimized with the Yoast SEO plugin v27.3 - https:\/\/yoast.com\/product\/yoast-seo-wordpress\/ -->\n<title>Escopinyes a la Natural 45\/55 - A Mar Es Espectacular<\/title>\n<meta name=\"description\" content=\"Aquestes escopinyes espectaculars haurien de ser els convidats d&#039;honor de tot aperitiu.\" \/>\n<meta name=\"robots\" content=\"index, follow, max-snippet:-1, max-image-preview:large, max-video-preview:-1\" \/>\n<link rel=\"canonical\" href=\"https:\/\/amarespectacular.com\/ca\/producte\/escopinyes-a-la-natural-45-55\/\" \/>\n<meta property=\"og:locale\" content=\"ca_ES\" \/>\n<meta property=\"og:type\" content=\"article\" \/>\n<meta property=\"og:title\" content=\"Escopinyes a la Natural 45\/55 - A Mar Es Espectacular\" \/>\n<meta property=\"og:description\" content=\"Aquestes escopinyes espectaculars haurien de ser els convidats d&#039;honor de tot aperitiu.\" \/>\n<meta property=\"og:url\" content=\"https:\/\/amarespectacular.com\/ca\/producte\/escopinyes-a-la-natural-45-55\/\" \/>\n<meta property=\"og:site_name\" content=\"A Mar Es Espectacular\" \/>\n<meta property=\"article:modified_time\" content=\"2025-01-31T09:56:24+00:00\" \/>\n<meta property=\"og:image\" content=\"https:\/\/amarespectacular.com\/wp-content\/uploads\/2022\/02\/berberechos-al-natural-45x55-1200px.png\" \/>\n\t<meta property=\"og:image:width\" content=\"1200\" \/>\n\t<meta property=\"og:image:height\" content=\"1200\" \/>\n\t<meta property=\"og:image:type\" content=\"image\/png\" \/>\n<meta name=\"twitter:card\" content=\"summary_large_image\" \/>\n<meta name=\"twitter:label1\" content=\"Temps estimat de lectura\" \/>\n\t<meta name=\"twitter:data1\" content=\"1 minut\" \/>\n<script type=\"application\/ld+json\" class=\"yoast-schema-graph\">{\"@context\":\"https:\\\/\\\/schema.org\",\"@graph\":[{\"@type\":\"WebPage\",\"@id\":\"https:\\\/\\\/amarespectacular.com\\\/ca\\\/producte\\\/escopinyes-a-la-natural-45-55\\\/\",\"url\":\"https:\\\/\\\/amarespectacular.com\\\/ca\\\/producte\\\/escopinyes-a-la-natural-45-55\\\/\",\"name\":\"Escopinyes a la Natural 45\\\/55 - A Mar Es Espectacular\",\"isPartOf\":{\"@id\":\"https:\\\/\\\/amarespectacular.com\\\/#website\"},\"primaryImageOfPage\":{\"@id\":\"https:\\\/\\\/amarespectacular.com\\\/ca\\\/producte\\\/escopinyes-a-la-natural-45-55\\\/#primaryimage\"},\"image\":{\"@id\":\"https:\\\/\\\/amarespectacular.com\\\/ca\\\/producte\\\/escopinyes-a-la-natural-45-55\\\/#primaryimage\"},\"thumbnailUrl\":\"https:\\\/\\\/amarespectacular.com\\\/wp-content\\\/uploads\\\/2024\\\/09\\\/mockup_pack_amar_berberechos_45-55-scaled.png\",\"datePublished\":\"2022-02-01T12:28:40+00:00\",\"dateModified\":\"2025-01-31T09:56:24+00:00\",\"description\":\"Aquestes escopinyes espectaculars haurien de ser els convidats d'honor de tot aperitiu.\",\"breadcrumb\":{\"@id\":\"https:\\\/\\\/amarespectacular.com\\\/ca\\\/producte\\\/escopinyes-a-la-natural-45-55\\\/#breadcrumb\"},\"inLanguage\":\"ca\",\"potentialAction\":[{\"@type\":\"ReadAction\",\"target\":[\"https:\\\/\\\/amarespectacular.com\\\/ca\\\/producte\\\/escopinyes-a-la-natural-45-55\\\/\"]}]},{\"@type\":\"ImageObject\",\"inLanguage\":\"ca\",\"@id\":\"https:\\\/\\\/amarespectacular.com\\\/ca\\\/producte\\\/escopinyes-a-la-natural-45-55\\\/#primaryimage\",\"url\":\"https:\\\/\\\/amarespectacular.com\\\/wp-content\\\/uploads\\\/2024\\\/09\\\/mockup_pack_amar_berberechos_45-55-scaled.png\",\"contentUrl\":\"https:\\\/\\\/amarespectacular.com\\\/wp-content\\\/uploads\\\/2024\\\/09\\\/mockup_pack_amar_berberechos_45-55-scaled.png\",\"width\":2115,\"height\":2560},{\"@type\":\"BreadcrumbList\",\"@id\":\"https:\\\/\\\/amarespectacular.com\\\/ca\\\/producte\\\/escopinyes-a-la-natural-45-55\\\/#breadcrumb\",\"itemListElement\":[{\"@type\":\"ListItem\",\"position\":1,\"name\":\"Portada\",\"item\":\"https:\\\/\\\/amarespectacular.com\\\/ca\\\/\"},{\"@type\":\"ListItem\",\"position\":2,\"name\":\"Productos\",\"item\":\"https:\\\/\\\/amarespectacular.com\\\/shop\\\/\"},{\"@type\":\"ListItem\",\"position\":3,\"name\":\"Escopinyes a la Natural 45\\\/55\"}]},{\"@type\":\"WebSite\",\"@id\":\"https:\\\/\\\/amarespectacular.com\\\/#website\",\"url\":\"https:\\\/\\\/amarespectacular.com\\\/\",\"name\":\"A Mar Es Espectacular\",\"description\":\"\",\"potentialAction\":[{\"@type\":\"SearchAction\",\"target\":{\"@type\":\"EntryPoint\",\"urlTemplate\":\"https:\\\/\\\/amarespectacular.com\\\/?s={search_term_string}\"},\"query-input\":{\"@type\":\"PropertyValueSpecification\",\"valueRequired\":true,\"valueName\":\"search_term_string\"}}],\"inLanguage\":\"ca\"}]}<\/script>\n<!-- \/ Yoast SEO plugin. -->","yoast_head_json":{"title":"Escopinyes a la Natural 45\/55 - A Mar Es Espectacular","description":"Aquestes escopinyes espectaculars haurien de ser els convidats d'honor de tot aperitiu.","robots":{"index":"index","follow":"follow","max-snippet":"max-snippet:-1","max-image-preview":"max-image-preview:large","max-video-preview":"max-video-preview:-1"},"canonical":"https:\/\/amarespectacular.com\/ca\/producte\/escopinyes-a-la-natural-45-55\/","og_locale":"ca_ES","og_type":"article","og_title":"Escopinyes a la Natural 45\/55 - A Mar Es Espectacular","og_description":"Aquestes escopinyes espectaculars haurien de ser els convidats d'honor de tot aperitiu.","og_url":"https:\/\/amarespectacular.com\/ca\/producte\/escopinyes-a-la-natural-45-55\/","og_site_name":"A Mar Es Espectacular","article_modified_time":"2025-01-31T09:56:24+00:00","og_image":[{"width":1200,"height":1200,"url":"https:\/\/amarespectacular.com\/wp-content\/uploads\/2022\/02\/berberechos-al-natural-45x55-1200px.png","type":"image\/png"}],"twitter_card":"summary_large_image","twitter_misc":{"Temps estimat de lectura":"1 minut"},"schema":{"@context":"https:\/\/schema.org","@graph":[{"@type":"WebPage","@id":"https:\/\/amarespectacular.com\/ca\/producte\/escopinyes-a-la-natural-45-55\/","url":"https:\/\/amarespectacular.com\/ca\/producte\/escopinyes-a-la-natural-45-55\/","name":"Escopinyes a la Natural 45\/55 - A Mar Es Espectacular","isPartOf":{"@id":"https:\/\/amarespectacular.com\/#website"},"primaryImageOfPage":{"@id":"https:\/\/amarespectacular.com\/ca\/producte\/escopinyes-a-la-natural-45-55\/#primaryimage"},"image":{"@id":"https:\/\/amarespectacular.com\/ca\/producte\/escopinyes-a-la-natural-45-55\/#primaryimage"},"thumbnailUrl":"https:\/\/amarespectacular.com\/wp-content\/uploads\/2024\/09\/mockup_pack_amar_berberechos_45-55-scaled.png","datePublished":"2022-02-01T12:28:40+00:00","dateModified":"2025-01-31T09:56:24+00:00","description":"Aquestes escopinyes espectaculars haurien de ser els convidats d'honor de tot aperitiu.","breadcrumb":{"@id":"https:\/\/amarespectacular.com\/ca\/producte\/escopinyes-a-la-natural-45-55\/#breadcrumb"},"inLanguage":"ca","potentialAction":[{"@type":"ReadAction","target":["https:\/\/amarespectacular.com\/ca\/producte\/escopinyes-a-la-natural-45-55\/"]}]},{"@type":"ImageObject","inLanguage":"ca","@id":"https:\/\/amarespectacular.com\/ca\/producte\/escopinyes-a-la-natural-45-55\/#primaryimage","url":"https:\/\/amarespectacular.com\/wp-content\/uploads\/2024\/09\/mockup_pack_amar_berberechos_45-55-scaled.png","contentUrl":"https:\/\/amarespectacular.com\/wp-content\/uploads\/2024\/09\/mockup_pack_amar_berberechos_45-55-scaled.png","width":2115,"height":2560},{"@type":"BreadcrumbList","@id":"https:\/\/amarespectacular.com\/ca\/producte\/escopinyes-a-la-natural-45-55\/#breadcrumb","itemListElement":[{"@type":"ListItem","position":1,"name":"Portada","item":"https:\/\/amarespectacular.com\/ca\/"},{"@type":"ListItem","position":2,"name":"Productos","item":"https:\/\/amarespectacular.com\/shop\/"},{"@type":"ListItem","position":3,"name":"Escopinyes a la Natural 45\/55"}]},{"@type":"WebSite","@id":"https:\/\/amarespectacular.com\/#website","url":"https:\/\/amarespectacular.com\/","name":"A Mar Es Espectacular","description":"","potentialAction":[{"@type":"SearchAction","target":{"@type":"EntryPoint","urlTemplate":"https:\/\/amarespectacular.com\/?s={search_term_string}"},"query-input":{"@type":"PropertyValueSpecification","valueRequired":true,"valueName":"search_term_string"}}],"inLanguage":"ca"}]}},"_links":{"self":[{"href":"https:\/\/amarespectacular.com\/ca\/wp-json\/wp\/v2\/product\/1889","targetHints":{"allow":["GET"]}}],"collection":[{"href":"https:\/\/amarespectacular.com\/ca\/wp-json\/wp\/v2\/product"}],"about":[{"href":"https:\/\/amarespectacular.com\/ca\/wp-json\/wp\/v2\/types\/product"}],"wp:featuredmedia":[{"embeddable":true,"href":"https:\/\/amarespectacular.com\/ca\/wp-json\/wp\/v2\/media\/5732"}],"wp:attachment":[{"href":"https:\/\/amarespectacular.com\/ca\/wp-json\/wp\/v2\/media?parent=1889"}],"wp:term":[{"taxonomy":"product_brand","embeddable":true,"href":"https:\/\/amarespectacular.com\/ca\/wp-json\/wp\/v2\/product_brand?post=1889"},{"taxonomy":"product_cat","embeddable":true,"href":"https:\/\/amarespectacular.com\/ca\/wp-json\/wp\/v2\/product_cat?post=1889"},{"taxonomy":"product_tag","embeddable":true,"href":"https:\/\/amarespectacular.com\/ca\/wp-json\/wp\/v2\/product_tag?post=1889"}],"curies":[{"name":"wp","href":"https:\/\/api.w.org\/{rel}","templated":true}]}}