{"id":1893,"date":"2022-02-02T13:03:34","date_gmt":"2022-02-02T13:03:34","guid":{"rendered":"https:\/\/amarespectacular.com\/?post_type=product&#038;p=1893"},"modified":"2025-02-10T09:11:10","modified_gmt":"2025-02-10T09:11:10","slug":"escopinyes-al-natural-35-45","status":"publish","type":"product","link":"https:\/\/amarespectacular.com\/ca\/producte\/escopinyes-al-natural-35-45\/","title":{"rendered":"Escopinyes al natural 35\/45"},"content":{"rendered":"<p>Les escopinyes al Natural d&#8217;A Mar Espectacular s\u00f3n un aut\u00e8ntic tresor del mar, perfectes per als paladars m\u00e9s exigents. Amb un sabor pur i caracter\u00edstic, evoquen la frescor de les onades i una aroma que transporta a les costes m\u00e9s netes i cristal\u00b7lines del mar C\u00e8tic.<\/p>\n<p>L&#8217;enclavament conegut com a &#8220;Three Rivers&#8221; a Gal\u00b7les i on es marisquen aquestes escopinyes, es refereix a l&#8217;estuari on conflueixen els rius Towy, Taf i Gwendraeth, desembocant a la badia de Carmarthen, que forma part del mar C\u00e8ltic. Aquest estuari \u00e9s reconegut per la seva riquesa natural i biodiversitat, oferint un h\u00e0bitat ideal per a diverses esp\u00e8cies marines i aus.<\/p>\n<p>Aquest menjar no nom\u00e9s destaca pel seu sabor, sin\u00f3 tamb\u00e9 per les seves propietats nutricionals. Les escopinyes s\u00f3n una font natural de prote\u00efnes, baixes en greixos i riques en ferro, zinc i vitamines del grup B, que contribueixen al funcionament adequat de l&#8217;organisme. Incorporar-los a la teva dieta \u00e9s una manera deliciosa de cuidar la teva salut.<\/p>\n<p>A taula, les Berberechos al Natural 34\/45 es transformen en protagonistes indiscutibles. S\u00f3n el producte gurmet ideal per compartir amb amics, ja sigui com a aperitiu o com a part d&#8217;una combinaci\u00f3 de sabors excepcionals. Per a una experi\u00e8ncia completa, acompanya&#8217;ls amb altres productes d&#8217;A Mar Espectacular com les Clo\u00efsses al Natural, les Sardines a l&#8217;Oli d&#8217;Oliva o els Musclos a Escabeche. Per\u00f2 el maridatge perfecte el trobar\u00e0s amb la Salsa A Mar d\u2019Amunt, que ressalta i equilibra el seu sabor, portant cada mos a un nivell superior.<\/p>\n","protected":false},"excerpt":{"rendered":"<p>Les escopinyes al Natural d&#8217;A Mar Espectacular s\u00f3n un exquisit producte gurmet amb sabor suau i aut\u00e8ntic a mar, aroma fresc i textura ferma. Mariscats a l&#8217;estuari de Three Rivers, un enclavament natural extraordinari que els confereix el seu sabor inconfusible i exquisit. S\u00f3n rics en prote\u00efnes, ferro i vitamines, ideals per cuidar la teva salut. s\u00f3n ideals per a una dieta equilibrada. Mariden perfectament amb la salsa A Mar d\u2019Amunt by Paco P\u00e9rez, tamb\u00e9 brillen en combinacions amb Clo\u00efsses, Musclos o la Salsa A Mar d\u2019Amunt, convertint-se en un imprescindible per gaudir de moments \u00fanics amb amics.<\/p>\n","protected":false},"featured_media":5729,"template":"","meta":{"_acf_changed":false},"product_brand":[],"product_cat":[109],"product_tag":[],"class_list":{"0":"post-1893","1":"product","2":"type-product","3":"status-publish","4":"has-post-thumbnail","6":"product_cat-escopinyes","8":"first","9":"outofstock","10":"taxable","11":"shipping-taxable","12":"purchasable","13":"product-type-simple"},"acf":[],"yoast_head":"<!-- This site is optimized with the Yoast SEO plugin v27.3 - https:\/\/yoast.com\/product\/yoast-seo-wordpress\/ -->\n<title>Escopinyes al natural 35\/45 - A Mar Es Espectacular<\/title>\n<meta name=\"description\" content=\"Les escopinyes al Natural d&#039;A Mar Espectacular s\u00f3n un exquisit producte gurmet amb sabor suau i aut\u00e8ntic a mar, aroma fresc i textura ferma.\" \/>\n<meta name=\"robots\" content=\"index, follow, max-snippet:-1, max-image-preview:large, max-video-preview:-1\" \/>\n<link rel=\"canonical\" href=\"https:\/\/amarespectacular.com\/ca\/producte\/escopinyes-al-natural-35-45\/\" \/>\n<meta property=\"og:locale\" content=\"ca_ES\" \/>\n<meta property=\"og:type\" content=\"article\" \/>\n<meta property=\"og:title\" content=\"Escopinyes al natural 35\/45 - A Mar Es Espectacular\" \/>\n<meta property=\"og:description\" content=\"Les escopinyes al Natural d&#039;A Mar Espectacular s\u00f3n un exquisit producte gurmet amb sabor suau i aut\u00e8ntic a mar, aroma fresc i textura ferma.\" \/>\n<meta property=\"og:url\" content=\"https:\/\/amarespectacular.com\/ca\/producte\/escopinyes-al-natural-35-45\/\" \/>\n<meta property=\"og:site_name\" content=\"A Mar Es Espectacular\" \/>\n<meta property=\"article:modified_time\" content=\"2025-02-10T09:11:10+00:00\" \/>\n<meta property=\"og:image\" content=\"https:\/\/amarespectacular.com\/wp-content\/uploads\/2022\/02\/berberechos-natural-35-45.png\" \/>\n\t<meta property=\"og:image:width\" content=\"1200\" \/>\n\t<meta property=\"og:image:height\" content=\"1200\" \/>\n\t<meta property=\"og:image:type\" content=\"image\/png\" \/>\n<meta name=\"twitter:card\" content=\"summary_large_image\" \/>\n<meta name=\"twitter:label1\" content=\"Temps estimat de lectura\" \/>\n\t<meta name=\"twitter:data1\" content=\"2 minuts\" \/>\n<script type=\"application\/ld+json\" class=\"yoast-schema-graph\">{\"@context\":\"https:\\\/\\\/schema.org\",\"@graph\":[{\"@type\":\"WebPage\",\"@id\":\"https:\\\/\\\/amarespectacular.com\\\/ca\\\/producte\\\/escopinyes-al-natural-35-45\\\/\",\"url\":\"https:\\\/\\\/amarespectacular.com\\\/ca\\\/producte\\\/escopinyes-al-natural-35-45\\\/\",\"name\":\"Escopinyes al natural 35\\\/45 - A Mar Es Espectacular\",\"isPartOf\":{\"@id\":\"https:\\\/\\\/amarespectacular.com\\\/#website\"},\"primaryImageOfPage\":{\"@id\":\"https:\\\/\\\/amarespectacular.com\\\/ca\\\/producte\\\/escopinyes-al-natural-35-45\\\/#primaryimage\"},\"image\":{\"@id\":\"https:\\\/\\\/amarespectacular.com\\\/ca\\\/producte\\\/escopinyes-al-natural-35-45\\\/#primaryimage\"},\"thumbnailUrl\":\"https:\\\/\\\/amarespectacular.com\\\/wp-content\\\/uploads\\\/2024\\\/09\\\/mockup_pack_amar_berberechos_35-45-scaled.png\",\"datePublished\":\"2022-02-02T13:03:34+00:00\",\"dateModified\":\"2025-02-10T09:11:10+00:00\",\"description\":\"Les escopinyes al Natural d'A Mar Espectacular s\u00f3n un exquisit producte gurmet amb sabor suau i aut\u00e8ntic a mar, aroma fresc i textura ferma.\",\"breadcrumb\":{\"@id\":\"https:\\\/\\\/amarespectacular.com\\\/ca\\\/producte\\\/escopinyes-al-natural-35-45\\\/#breadcrumb\"},\"inLanguage\":\"ca\",\"potentialAction\":[{\"@type\":\"ReadAction\",\"target\":[\"https:\\\/\\\/amarespectacular.com\\\/ca\\\/producte\\\/escopinyes-al-natural-35-45\\\/\"]}]},{\"@type\":\"ImageObject\",\"inLanguage\":\"ca\",\"@id\":\"https:\\\/\\\/amarespectacular.com\\\/ca\\\/producte\\\/escopinyes-al-natural-35-45\\\/#primaryimage\",\"url\":\"https:\\\/\\\/amarespectacular.com\\\/wp-content\\\/uploads\\\/2024\\\/09\\\/mockup_pack_amar_berberechos_35-45-scaled.png\",\"contentUrl\":\"https:\\\/\\\/amarespectacular.com\\\/wp-content\\\/uploads\\\/2024\\\/09\\\/mockup_pack_amar_berberechos_35-45-scaled.png\",\"width\":2115,\"height\":2560},{\"@type\":\"BreadcrumbList\",\"@id\":\"https:\\\/\\\/amarespectacular.com\\\/ca\\\/producte\\\/escopinyes-al-natural-35-45\\\/#breadcrumb\",\"itemListElement\":[{\"@type\":\"ListItem\",\"position\":1,\"name\":\"Portada\",\"item\":\"https:\\\/\\\/amarespectacular.com\\\/ca\\\/\"},{\"@type\":\"ListItem\",\"position\":2,\"name\":\"Productos\",\"item\":\"https:\\\/\\\/amarespectacular.com\\\/shop\\\/\"},{\"@type\":\"ListItem\",\"position\":3,\"name\":\"Escopinyes al natural 35\\\/45\"}]},{\"@type\":\"WebSite\",\"@id\":\"https:\\\/\\\/amarespectacular.com\\\/#website\",\"url\":\"https:\\\/\\\/amarespectacular.com\\\/\",\"name\":\"A Mar Es Espectacular\",\"description\":\"\",\"potentialAction\":[{\"@type\":\"SearchAction\",\"target\":{\"@type\":\"EntryPoint\",\"urlTemplate\":\"https:\\\/\\\/amarespectacular.com\\\/?s={search_term_string}\"},\"query-input\":{\"@type\":\"PropertyValueSpecification\",\"valueRequired\":true,\"valueName\":\"search_term_string\"}}],\"inLanguage\":\"ca\"}]}<\/script>\n<!-- \/ Yoast SEO plugin. -->","yoast_head_json":{"title":"Escopinyes al natural 35\/45 - A Mar Es Espectacular","description":"Les escopinyes al Natural d'A Mar Espectacular s\u00f3n un exquisit producte gurmet amb sabor suau i aut\u00e8ntic a mar, aroma fresc i textura ferma.","robots":{"index":"index","follow":"follow","max-snippet":"max-snippet:-1","max-image-preview":"max-image-preview:large","max-video-preview":"max-video-preview:-1"},"canonical":"https:\/\/amarespectacular.com\/ca\/producte\/escopinyes-al-natural-35-45\/","og_locale":"ca_ES","og_type":"article","og_title":"Escopinyes al natural 35\/45 - A Mar Es Espectacular","og_description":"Les escopinyes al Natural d'A Mar Espectacular s\u00f3n un exquisit producte gurmet amb sabor suau i aut\u00e8ntic a mar, aroma fresc i textura ferma.","og_url":"https:\/\/amarespectacular.com\/ca\/producte\/escopinyes-al-natural-35-45\/","og_site_name":"A Mar Es Espectacular","article_modified_time":"2025-02-10T09:11:10+00:00","og_image":[{"width":1200,"height":1200,"url":"https:\/\/amarespectacular.com\/wp-content\/uploads\/2022\/02\/berberechos-natural-35-45.png","type":"image\/png"}],"twitter_card":"summary_large_image","twitter_misc":{"Temps estimat de lectura":"2 minuts"},"schema":{"@context":"https:\/\/schema.org","@graph":[{"@type":"WebPage","@id":"https:\/\/amarespectacular.com\/ca\/producte\/escopinyes-al-natural-35-45\/","url":"https:\/\/amarespectacular.com\/ca\/producte\/escopinyes-al-natural-35-45\/","name":"Escopinyes al natural 35\/45 - A Mar Es Espectacular","isPartOf":{"@id":"https:\/\/amarespectacular.com\/#website"},"primaryImageOfPage":{"@id":"https:\/\/amarespectacular.com\/ca\/producte\/escopinyes-al-natural-35-45\/#primaryimage"},"image":{"@id":"https:\/\/amarespectacular.com\/ca\/producte\/escopinyes-al-natural-35-45\/#primaryimage"},"thumbnailUrl":"https:\/\/amarespectacular.com\/wp-content\/uploads\/2024\/09\/mockup_pack_amar_berberechos_35-45-scaled.png","datePublished":"2022-02-02T13:03:34+00:00","dateModified":"2025-02-10T09:11:10+00:00","description":"Les escopinyes al Natural d'A Mar Espectacular s\u00f3n un exquisit producte gurmet amb sabor suau i aut\u00e8ntic a mar, aroma fresc i textura ferma.","breadcrumb":{"@id":"https:\/\/amarespectacular.com\/ca\/producte\/escopinyes-al-natural-35-45\/#breadcrumb"},"inLanguage":"ca","potentialAction":[{"@type":"ReadAction","target":["https:\/\/amarespectacular.com\/ca\/producte\/escopinyes-al-natural-35-45\/"]}]},{"@type":"ImageObject","inLanguage":"ca","@id":"https:\/\/amarespectacular.com\/ca\/producte\/escopinyes-al-natural-35-45\/#primaryimage","url":"https:\/\/amarespectacular.com\/wp-content\/uploads\/2024\/09\/mockup_pack_amar_berberechos_35-45-scaled.png","contentUrl":"https:\/\/amarespectacular.com\/wp-content\/uploads\/2024\/09\/mockup_pack_amar_berberechos_35-45-scaled.png","width":2115,"height":2560},{"@type":"BreadcrumbList","@id":"https:\/\/amarespectacular.com\/ca\/producte\/escopinyes-al-natural-35-45\/#breadcrumb","itemListElement":[{"@type":"ListItem","position":1,"name":"Portada","item":"https:\/\/amarespectacular.com\/ca\/"},{"@type":"ListItem","position":2,"name":"Productos","item":"https:\/\/amarespectacular.com\/shop\/"},{"@type":"ListItem","position":3,"name":"Escopinyes al natural 35\/45"}]},{"@type":"WebSite","@id":"https:\/\/amarespectacular.com\/#website","url":"https:\/\/amarespectacular.com\/","name":"A Mar Es Espectacular","description":"","potentialAction":[{"@type":"SearchAction","target":{"@type":"EntryPoint","urlTemplate":"https:\/\/amarespectacular.com\/?s={search_term_string}"},"query-input":{"@type":"PropertyValueSpecification","valueRequired":true,"valueName":"search_term_string"}}],"inLanguage":"ca"}]}},"_links":{"self":[{"href":"https:\/\/amarespectacular.com\/ca\/wp-json\/wp\/v2\/product\/1893","targetHints":{"allow":["GET"]}}],"collection":[{"href":"https:\/\/amarespectacular.com\/ca\/wp-json\/wp\/v2\/product"}],"about":[{"href":"https:\/\/amarespectacular.com\/ca\/wp-json\/wp\/v2\/types\/product"}],"wp:featuredmedia":[{"embeddable":true,"href":"https:\/\/amarespectacular.com\/ca\/wp-json\/wp\/v2\/media\/5729"}],"wp:attachment":[{"href":"https:\/\/amarespectacular.com\/ca\/wp-json\/wp\/v2\/media?parent=1893"}],"wp:term":[{"taxonomy":"product_brand","embeddable":true,"href":"https:\/\/amarespectacular.com\/ca\/wp-json\/wp\/v2\/product_brand?post=1893"},{"taxonomy":"product_cat","embeddable":true,"href":"https:\/\/amarespectacular.com\/ca\/wp-json\/wp\/v2\/product_cat?post=1893"},{"taxonomy":"product_tag","embeddable":true,"href":"https:\/\/amarespectacular.com\/ca\/wp-json\/wp\/v2\/product_tag?post=1893"}],"curies":[{"name":"wp","href":"https:\/\/api.w.org\/{rel}","templated":true}]}}