{"id":1899,"date":"2022-02-04T15:13:07","date_gmt":"2022-02-04T15:13:07","guid":{"rendered":"https:\/\/amarespectacular.com\/?post_type=product&#038;p=1899"},"modified":"2023-09-29T16:24:51","modified_gmt":"2023-09-29T16:24:51","slug":"escopinyes-a-natural-mida-gegant","status":"publish","type":"product","link":"https:\/\/amarespectacular.com\/ca\/producte\/escopinyes-a-natural-mida-gegant\/","title":{"rendered":"Escopinyes a Natural mida gegant"},"content":{"rendered":"<p><img loading=\"lazy\" decoding=\"async\" class=\"alignnone wp-image-1280 size-medium\" src=\"https:\/\/amarespectacular.com\/wp-content\/uploads\/2022\/02\/berberechos_landing_amar_15_25-506x400.png\" alt=\"\" width=\"506\" height=\"400\" srcset=\"https:\/\/amarespectacular.com\/wp-content\/uploads\/2022\/02\/berberechos_landing_amar_15_25-506x400.png 506w, https:\/\/amarespectacular.com\/wp-content\/uploads\/2022\/02\/berberechos_landing_amar_15_25-1012x800.png 1012w, https:\/\/amarespectacular.com\/wp-content\/uploads\/2022\/02\/berberechos_landing_amar_15_25-768x607.png 768w, https:\/\/amarespectacular.com\/wp-content\/uploads\/2022\/02\/berberechos_landing_amar_15_25-500x395.png 500w, https:\/\/amarespectacular.com\/wp-content\/uploads\/2022\/02\/berberechos_landing_amar_15_25-800x633.png 800w, https:\/\/amarespectacular.com\/wp-content\/uploads\/2022\/02\/berberechos_landing_amar_15_25-1280x1012.png 1280w, https:\/\/amarespectacular.com\/wp-content\/uploads\/2022\/02\/berberechos_landing_amar_15_25-399x315.png 399w, https:\/\/amarespectacular.com\/wp-content\/uploads\/2022\/02\/berberechos_landing_amar_15_25-1400x1107.png 1400w, https:\/\/amarespectacular.com\/wp-content\/uploads\/2022\/02\/berberechos_landing_amar_15_25.png 1500w\" sizes=\"auto, (max-width: 506px) 100vw, 506px\" \/><\/p>\n<p><span style=\"font-weight: 400;\">Aquestes escopinyes espectaculars haurien de ser els convidats d&#8217;honor de tot aperitiu. Tenen propietats bon\u00edssimes per a la teva salut per la seva gran aportaci\u00f3 en iode, ferro i f\u00f2sfor, fonamental per a un cor fort, per\u00f2 a m\u00e9s contenen zinc, una pe\u00e7a clau en la creaci\u00f3 de serotonina i amb gaireb\u00e9 res de greixos!<\/span><\/p>\n<p><span style=\"font-weight: 400;\"><strong>Ingredients:<\/strong> Escopinyes, aigua, sal. Pot contenir peix i crustacis.<\/span><\/p>\n<p><img loading=\"lazy\" decoding=\"async\" class=\"alignnone size-full wp-image-1148\" src=\"https:\/\/amarespectacular.com\/wp-content\/uploads\/2022\/02\/Berberechos.jpg\" alt=\"\" width=\"653\" height=\"311\" srcset=\"https:\/\/amarespectacular.com\/wp-content\/uploads\/2022\/02\/Berberechos.jpg 653w, https:\/\/amarespectacular.com\/wp-content\/uploads\/2022\/02\/Berberechos-500x238.jpg 500w, https:\/\/amarespectacular.com\/wp-content\/uploads\/2022\/02\/Berberechos-399x190.jpg 399w\" sizes=\"auto, (max-width: 653px) 100vw, 653px\" \/><\/p>\n<p><span style=\"font-weight: 400;\"><strong>Proced\u00e8ncia:<\/strong> Capturat en zona Fao n\u00ba27 Atl\u00e0ntic Nord-est.<br \/>\n<\/span><span style=\"font-weight: 400;\"><strong>M\u00e8tode de pesca:<\/strong> Capturat mitjan\u00e7ant rastres.<\/span><\/p>\n","protected":false},"excerpt":{"rendered":"<p><span style=\"font-weight: 400;\">Aquestes escopinyes espectaculars haurien de ser els convidats d&#8217;honor de tot aperitiu.<\/span><\/p>\n","protected":false},"featured_media":3897,"template":"","meta":{"_acf_changed":false},"product_brand":[],"product_cat":[109],"product_tag":[],"class_list":{"0":"post-1899","1":"product","2":"type-product","3":"status-publish","4":"has-post-thumbnail","6":"product_cat-escopinyes","8":"first","9":"outofstock","10":"taxable","11":"shipping-taxable","12":"product-type-simple"},"acf":[],"yoast_head":"<!-- This site is optimized with the Yoast SEO plugin v27.3 - https:\/\/yoast.com\/product\/yoast-seo-wordpress\/ -->\n<title>Escopinyes a Natural mida gegant - A Mar Es Espectacular<\/title>\n<meta name=\"description\" content=\"Aquestes escopinyes espectaculars haurien de ser els convidats d&#039;honor de tot aperitiu.\" \/>\n<meta name=\"robots\" content=\"index, follow, max-snippet:-1, max-image-preview:large, max-video-preview:-1\" \/>\n<link rel=\"canonical\" href=\"https:\/\/amarespectacular.com\/ca\/producte\/escopinyes-a-natural-mida-gegant\/\" \/>\n<meta property=\"og:locale\" content=\"ca_ES\" \/>\n<meta property=\"og:type\" content=\"article\" \/>\n<meta property=\"og:title\" content=\"Escopinyes a Natural mida gegant - A Mar Es Espectacular\" \/>\n<meta property=\"og:description\" content=\"Aquestes escopinyes espectaculars haurien de ser els convidats d&#039;honor de tot aperitiu.\" \/>\n<meta property=\"og:url\" content=\"https:\/\/amarespectacular.com\/ca\/producte\/escopinyes-a-natural-mida-gegant\/\" \/>\n<meta property=\"og:site_name\" content=\"A Mar Es Espectacular\" \/>\n<meta property=\"article:modified_time\" content=\"2023-09-29T16:24:51+00:00\" \/>\n<meta property=\"og:image\" content=\"https:\/\/amarespectacular.com\/wp-content\/uploads\/2022\/02\/berberechos_landing_amar_15_25.png\" \/>\n\t<meta property=\"og:image:width\" content=\"1500\" \/>\n\t<meta property=\"og:image:height\" content=\"1186\" \/>\n\t<meta property=\"og:image:type\" content=\"image\/png\" \/>\n<meta name=\"twitter:card\" content=\"summary_large_image\" \/>\n<meta name=\"twitter:label1\" content=\"Temps estimat de lectura\" \/>\n\t<meta name=\"twitter:data1\" content=\"1 minut\" \/>\n<script type=\"application\/ld+json\" class=\"yoast-schema-graph\">{\"@context\":\"https:\\\/\\\/schema.org\",\"@graph\":[{\"@type\":\"WebPage\",\"@id\":\"https:\\\/\\\/amarespectacular.com\\\/ca\\\/producte\\\/escopinyes-a-natural-mida-gegant\\\/\",\"url\":\"https:\\\/\\\/amarespectacular.com\\\/ca\\\/producte\\\/escopinyes-a-natural-mida-gegant\\\/\",\"name\":\"Escopinyes a Natural mida gegant - A Mar Es Espectacular\",\"isPartOf\":{\"@id\":\"https:\\\/\\\/amarespectacular.com\\\/#website\"},\"primaryImageOfPage\":{\"@id\":\"https:\\\/\\\/amarespectacular.com\\\/ca\\\/producte\\\/escopinyes-a-natural-mida-gegant\\\/#primaryimage\"},\"image\":{\"@id\":\"https:\\\/\\\/amarespectacular.com\\\/ca\\\/producte\\\/escopinyes-a-natural-mida-gegant\\\/#primaryimage\"},\"thumbnailUrl\":\"https:\\\/\\\/amarespectacular.com\\\/wp-content\\\/uploads\\\/2022\\\/02\\\/berberechos-al-natural-15x25-1200px.png\",\"datePublished\":\"2022-02-04T15:13:07+00:00\",\"dateModified\":\"2023-09-29T16:24:51+00:00\",\"description\":\"Aquestes escopinyes espectaculars haurien de ser els convidats d'honor de tot aperitiu.\",\"breadcrumb\":{\"@id\":\"https:\\\/\\\/amarespectacular.com\\\/ca\\\/producte\\\/escopinyes-a-natural-mida-gegant\\\/#breadcrumb\"},\"inLanguage\":\"ca\",\"potentialAction\":[{\"@type\":\"ReadAction\",\"target\":[\"https:\\\/\\\/amarespectacular.com\\\/ca\\\/producte\\\/escopinyes-a-natural-mida-gegant\\\/\"]}]},{\"@type\":\"ImageObject\",\"inLanguage\":\"ca\",\"@id\":\"https:\\\/\\\/amarespectacular.com\\\/ca\\\/producte\\\/escopinyes-a-natural-mida-gegant\\\/#primaryimage\",\"url\":\"https:\\\/\\\/amarespectacular.com\\\/wp-content\\\/uploads\\\/2022\\\/02\\\/berberechos-al-natural-15x25-1200px.png\",\"contentUrl\":\"https:\\\/\\\/amarespectacular.com\\\/wp-content\\\/uploads\\\/2022\\\/02\\\/berberechos-al-natural-15x25-1200px.png\",\"width\":1200,\"height\":1200},{\"@type\":\"BreadcrumbList\",\"@id\":\"https:\\\/\\\/amarespectacular.com\\\/ca\\\/producte\\\/escopinyes-a-natural-mida-gegant\\\/#breadcrumb\",\"itemListElement\":[{\"@type\":\"ListItem\",\"position\":1,\"name\":\"Portada\",\"item\":\"https:\\\/\\\/amarespectacular.com\\\/ca\\\/\"},{\"@type\":\"ListItem\",\"position\":2,\"name\":\"Productos\",\"item\":\"https:\\\/\\\/amarespectacular.com\\\/shop\\\/\"},{\"@type\":\"ListItem\",\"position\":3,\"name\":\"Escopinyes a Natural mida gegant\"}]},{\"@type\":\"WebSite\",\"@id\":\"https:\\\/\\\/amarespectacular.com\\\/#website\",\"url\":\"https:\\\/\\\/amarespectacular.com\\\/\",\"name\":\"A Mar Es Espectacular\",\"description\":\"\",\"potentialAction\":[{\"@type\":\"SearchAction\",\"target\":{\"@type\":\"EntryPoint\",\"urlTemplate\":\"https:\\\/\\\/amarespectacular.com\\\/?s={search_term_string}\"},\"query-input\":{\"@type\":\"PropertyValueSpecification\",\"valueRequired\":true,\"valueName\":\"search_term_string\"}}],\"inLanguage\":\"ca\"}]}<\/script>\n<!-- \/ Yoast SEO plugin. -->","yoast_head_json":{"title":"Escopinyes a Natural mida gegant - A Mar Es Espectacular","description":"Aquestes escopinyes espectaculars haurien de ser els convidats d'honor de tot aperitiu.","robots":{"index":"index","follow":"follow","max-snippet":"max-snippet:-1","max-image-preview":"max-image-preview:large","max-video-preview":"max-video-preview:-1"},"canonical":"https:\/\/amarespectacular.com\/ca\/producte\/escopinyes-a-natural-mida-gegant\/","og_locale":"ca_ES","og_type":"article","og_title":"Escopinyes a Natural mida gegant - A Mar Es Espectacular","og_description":"Aquestes escopinyes espectaculars haurien de ser els convidats d'honor de tot aperitiu.","og_url":"https:\/\/amarespectacular.com\/ca\/producte\/escopinyes-a-natural-mida-gegant\/","og_site_name":"A Mar Es Espectacular","article_modified_time":"2023-09-29T16:24:51+00:00","og_image":[{"width":1500,"height":1186,"url":"https:\/\/amarespectacular.com\/wp-content\/uploads\/2022\/02\/berberechos_landing_amar_15_25.png","type":"image\/png"}],"twitter_card":"summary_large_image","twitter_misc":{"Temps estimat de lectura":"1 minut"},"schema":{"@context":"https:\/\/schema.org","@graph":[{"@type":"WebPage","@id":"https:\/\/amarespectacular.com\/ca\/producte\/escopinyes-a-natural-mida-gegant\/","url":"https:\/\/amarespectacular.com\/ca\/producte\/escopinyes-a-natural-mida-gegant\/","name":"Escopinyes a Natural mida gegant - A Mar Es Espectacular","isPartOf":{"@id":"https:\/\/amarespectacular.com\/#website"},"primaryImageOfPage":{"@id":"https:\/\/amarespectacular.com\/ca\/producte\/escopinyes-a-natural-mida-gegant\/#primaryimage"},"image":{"@id":"https:\/\/amarespectacular.com\/ca\/producte\/escopinyes-a-natural-mida-gegant\/#primaryimage"},"thumbnailUrl":"https:\/\/amarespectacular.com\/wp-content\/uploads\/2022\/02\/berberechos-al-natural-15x25-1200px.png","datePublished":"2022-02-04T15:13:07+00:00","dateModified":"2023-09-29T16:24:51+00:00","description":"Aquestes escopinyes espectaculars haurien de ser els convidats d'honor de tot aperitiu.","breadcrumb":{"@id":"https:\/\/amarespectacular.com\/ca\/producte\/escopinyes-a-natural-mida-gegant\/#breadcrumb"},"inLanguage":"ca","potentialAction":[{"@type":"ReadAction","target":["https:\/\/amarespectacular.com\/ca\/producte\/escopinyes-a-natural-mida-gegant\/"]}]},{"@type":"ImageObject","inLanguage":"ca","@id":"https:\/\/amarespectacular.com\/ca\/producte\/escopinyes-a-natural-mida-gegant\/#primaryimage","url":"https:\/\/amarespectacular.com\/wp-content\/uploads\/2022\/02\/berberechos-al-natural-15x25-1200px.png","contentUrl":"https:\/\/amarespectacular.com\/wp-content\/uploads\/2022\/02\/berberechos-al-natural-15x25-1200px.png","width":1200,"height":1200},{"@type":"BreadcrumbList","@id":"https:\/\/amarespectacular.com\/ca\/producte\/escopinyes-a-natural-mida-gegant\/#breadcrumb","itemListElement":[{"@type":"ListItem","position":1,"name":"Portada","item":"https:\/\/amarespectacular.com\/ca\/"},{"@type":"ListItem","position":2,"name":"Productos","item":"https:\/\/amarespectacular.com\/shop\/"},{"@type":"ListItem","position":3,"name":"Escopinyes a Natural mida gegant"}]},{"@type":"WebSite","@id":"https:\/\/amarespectacular.com\/#website","url":"https:\/\/amarespectacular.com\/","name":"A Mar Es Espectacular","description":"","potentialAction":[{"@type":"SearchAction","target":{"@type":"EntryPoint","urlTemplate":"https:\/\/amarespectacular.com\/?s={search_term_string}"},"query-input":{"@type":"PropertyValueSpecification","valueRequired":true,"valueName":"search_term_string"}}],"inLanguage":"ca"}]}},"_links":{"self":[{"href":"https:\/\/amarespectacular.com\/ca\/wp-json\/wp\/v2\/product\/1899","targetHints":{"allow":["GET"]}}],"collection":[{"href":"https:\/\/amarespectacular.com\/ca\/wp-json\/wp\/v2\/product"}],"about":[{"href":"https:\/\/amarespectacular.com\/ca\/wp-json\/wp\/v2\/types\/product"}],"wp:featuredmedia":[{"embeddable":true,"href":"https:\/\/amarespectacular.com\/ca\/wp-json\/wp\/v2\/media\/3897"}],"wp:attachment":[{"href":"https:\/\/amarespectacular.com\/ca\/wp-json\/wp\/v2\/media?parent=1899"}],"wp:term":[{"taxonomy":"product_brand","embeddable":true,"href":"https:\/\/amarespectacular.com\/ca\/wp-json\/wp\/v2\/product_brand?post=1899"},{"taxonomy":"product_cat","embeddable":true,"href":"https:\/\/amarespectacular.com\/ca\/wp-json\/wp\/v2\/product_cat?post=1899"},{"taxonomy":"product_tag","embeddable":true,"href":"https:\/\/amarespectacular.com\/ca\/wp-json\/wp\/v2\/product_tag?post=1899"}],"curies":[{"name":"wp","href":"https:\/\/api.w.org\/{rel}","templated":true}]}}