{"id":1901,"date":"2022-02-11T14:31:46","date_gmt":"2022-02-11T14:31:46","guid":{"rendered":"https:\/\/amarespectacular.com\/?post_type=product&#038;p=1901"},"modified":"2022-10-27T14:24:54","modified_gmt":"2022-10-27T14:24:54","slug":"cloisses-blanques-al-natural","status":"publish","type":"product","link":"https:\/\/amarespectacular.com\/ca\/producte\/cloisses-blanques-al-natural\/","title":{"rendered":"Clo\u00efsses Blanques al Natural"},"content":{"rendered":"<p><span style=\"font-weight: 400;\">Aquestes clo\u00efsses espectaculars s\u00f3n tan riques de sabor com en nutrients. La quantitat de ferro que aporten supera la de moltes carns vermelles, ia sobre s\u00f3n baixes en greixos! A m\u00e9s, us donaran un extra de calci, vitamina B12 i Omega 3, especialment bones per als ossos, el cervell i el cor.<\/span><\/p>\n<p><span style=\"font-weight: 400;\"><strong>Ingredients:<\/strong> Clo\u00efsses, aigua i sal. Pot contenir peix i crustacis.<\/span><\/p>\n<p><img loading=\"lazy\" decoding=\"async\" class=\"alignnone size-full wp-image-1145\" src=\"https:\/\/amarespectacular.com\/wp-content\/uploads\/2022\/02\/almejas.jpg\" alt=\"\" width=\"653\" height=\"311\" srcset=\"https:\/\/amarespectacular.com\/wp-content\/uploads\/2022\/02\/almejas.jpg 653w, https:\/\/amarespectacular.com\/wp-content\/uploads\/2022\/02\/almejas-500x238.jpg 500w, https:\/\/amarespectacular.com\/wp-content\/uploads\/2022\/02\/almejas-399x190.jpg 399w\" sizes=\"auto, (max-width: 653px) 100vw, 653px\" \/><\/p>\n<p><span style=\"font-weight: 400;\"><strong>Proced\u00e8ncia:<\/strong> Capturat en zona Fao n\u00ba27 Atl\u00e0ntic Nordeste<br \/>\n<\/span><span style=\"font-weight: 400;\"><strong>M\u00e8tode de pesca:<\/strong> capturat mitjan\u00e7ant rastres.<\/span><\/p>\n","protected":false},"excerpt":{"rendered":"<p><span style=\"font-weight: 400;\">Aquestes clo\u00efsses espectaculars s\u00f3n tan riques de sabor com en nutrients.<\/span><\/p>\n","protected":false},"featured_media":3906,"template":"","meta":{"_acf_changed":false},"product_brand":[],"product_cat":[107],"product_tag":[],"class_list":{"0":"post-1901","1":"product","2":"type-product","3":"status-publish","4":"has-post-thumbnail","6":"product_cat-cloisses","8":"first","9":"instock","10":"taxable","11":"shipping-taxable","12":"purchasable","13":"product-type-simple"},"acf":[],"yoast_head":"<!-- This site is optimized with the Yoast SEO plugin v27.3 - https:\/\/yoast.com\/product\/yoast-seo-wordpress\/ -->\n<title>Clo\u00efsses Blanques al Natural - A Mar Es Espectacular<\/title>\n<meta name=\"description\" content=\"Aquestes clo\u00efsses espectaculars s\u00f3n tan riques de sabor com en nutrients.\" \/>\n<meta name=\"robots\" content=\"index, follow, max-snippet:-1, max-image-preview:large, max-video-preview:-1\" \/>\n<link rel=\"canonical\" href=\"https:\/\/amarespectacular.com\/producte\/almejas-blancas-al-natural\/\" \/>\n<meta property=\"og:locale\" content=\"ca_ES\" \/>\n<meta property=\"og:type\" content=\"article\" \/>\n<meta property=\"og:title\" content=\"Clo\u00efsses Blanques al Natural - A Mar Es Espectacular\" \/>\n<meta property=\"og:description\" content=\"Aquestes clo\u00efsses espectaculars s\u00f3n tan riques de sabor com en nutrients.\" \/>\n<meta property=\"og:url\" content=\"https:\/\/amarespectacular.com\/producte\/almejas-blancas-al-natural\/\" \/>\n<meta property=\"og:site_name\" content=\"A Mar Es Espectacular\" \/>\n<meta property=\"article:modified_time\" content=\"2022-10-27T14:24:54+00:00\" \/>\n<meta property=\"og:image\" content=\"https:\/\/amarespectacular.com\/wp-content\/uploads\/2022\/02\/almejas-blancas-al-natural-1200px.png\" \/>\n\t<meta property=\"og:image:width\" content=\"1200\" \/>\n\t<meta property=\"og:image:height\" content=\"1200\" \/>\n\t<meta property=\"og:image:type\" content=\"image\/png\" \/>\n<meta name=\"twitter:card\" content=\"summary_large_image\" \/>\n<meta name=\"twitter:label1\" content=\"Temps estimat de lectura\" \/>\n\t<meta name=\"twitter:data1\" content=\"1 minut\" \/>\n<script type=\"application\/ld+json\" class=\"yoast-schema-graph\">{\"@context\":\"https:\\\/\\\/schema.org\",\"@graph\":[{\"@type\":\"WebPage\",\"@id\":\"https:\\\/\\\/amarespectacular.com\\\/producte\\\/almejas-blancas-al-natural\\\/\",\"url\":\"https:\\\/\\\/amarespectacular.com\\\/producte\\\/almejas-blancas-al-natural\\\/\",\"name\":\"Clo\u00efsses Blanques al Natural - A Mar Es Espectacular\",\"isPartOf\":{\"@id\":\"https:\\\/\\\/amarespectacular.com\\\/#website\"},\"primaryImageOfPage\":{\"@id\":\"https:\\\/\\\/amarespectacular.com\\\/producte\\\/almejas-blancas-al-natural\\\/#primaryimage\"},\"image\":{\"@id\":\"https:\\\/\\\/amarespectacular.com\\\/producte\\\/almejas-blancas-al-natural\\\/#primaryimage\"},\"thumbnailUrl\":\"https:\\\/\\\/amarespectacular.com\\\/wp-content\\\/uploads\\\/2022\\\/02\\\/almejas-blancas-al-natural-1200px.png\",\"datePublished\":\"2022-02-11T14:31:46+00:00\",\"dateModified\":\"2022-10-27T14:24:54+00:00\",\"description\":\"Aquestes clo\u00efsses espectaculars s\u00f3n tan riques de sabor com en nutrients.\",\"breadcrumb\":{\"@id\":\"https:\\\/\\\/amarespectacular.com\\\/producte\\\/almejas-blancas-al-natural\\\/#breadcrumb\"},\"inLanguage\":\"ca\",\"potentialAction\":[{\"@type\":\"ReadAction\",\"target\":[\"https:\\\/\\\/amarespectacular.com\\\/producte\\\/almejas-blancas-al-natural\\\/\"]}]},{\"@type\":\"ImageObject\",\"inLanguage\":\"ca\",\"@id\":\"https:\\\/\\\/amarespectacular.com\\\/producte\\\/almejas-blancas-al-natural\\\/#primaryimage\",\"url\":\"https:\\\/\\\/amarespectacular.com\\\/wp-content\\\/uploads\\\/2022\\\/02\\\/almejas-blancas-al-natural-1200px.png\",\"contentUrl\":\"https:\\\/\\\/amarespectacular.com\\\/wp-content\\\/uploads\\\/2022\\\/02\\\/almejas-blancas-al-natural-1200px.png\",\"width\":1200,\"height\":1200},{\"@type\":\"BreadcrumbList\",\"@id\":\"https:\\\/\\\/amarespectacular.com\\\/producte\\\/almejas-blancas-al-natural\\\/#breadcrumb\",\"itemListElement\":[{\"@type\":\"ListItem\",\"position\":1,\"name\":\"Portada\",\"item\":\"https:\\\/\\\/amarespectacular.com\\\/ca\\\/\"},{\"@type\":\"ListItem\",\"position\":2,\"name\":\"Productos\",\"item\":\"https:\\\/\\\/amarespectacular.com\\\/shop\\\/\"},{\"@type\":\"ListItem\",\"position\":3,\"name\":\"Clo\u00efsses Blanques al Natural\"}]},{\"@type\":\"WebSite\",\"@id\":\"https:\\\/\\\/amarespectacular.com\\\/#website\",\"url\":\"https:\\\/\\\/amarespectacular.com\\\/\",\"name\":\"A Mar Es Espectacular\",\"description\":\"\",\"potentialAction\":[{\"@type\":\"SearchAction\",\"target\":{\"@type\":\"EntryPoint\",\"urlTemplate\":\"https:\\\/\\\/amarespectacular.com\\\/?s={search_term_string}\"},\"query-input\":{\"@type\":\"PropertyValueSpecification\",\"valueRequired\":true,\"valueName\":\"search_term_string\"}}],\"inLanguage\":\"ca\"}]}<\/script>\n<!-- \/ Yoast SEO plugin. -->","yoast_head_json":{"title":"Clo\u00efsses Blanques al Natural - A Mar Es Espectacular","description":"Aquestes clo\u00efsses espectaculars s\u00f3n tan riques de sabor com en nutrients.","robots":{"index":"index","follow":"follow","max-snippet":"max-snippet:-1","max-image-preview":"max-image-preview:large","max-video-preview":"max-video-preview:-1"},"canonical":"https:\/\/amarespectacular.com\/producte\/almejas-blancas-al-natural\/","og_locale":"ca_ES","og_type":"article","og_title":"Clo\u00efsses Blanques al Natural - A Mar Es Espectacular","og_description":"Aquestes clo\u00efsses espectaculars s\u00f3n tan riques de sabor com en nutrients.","og_url":"https:\/\/amarespectacular.com\/producte\/almejas-blancas-al-natural\/","og_site_name":"A Mar Es Espectacular","article_modified_time":"2022-10-27T14:24:54+00:00","og_image":[{"width":1200,"height":1200,"url":"https:\/\/amarespectacular.com\/wp-content\/uploads\/2022\/02\/almejas-blancas-al-natural-1200px.png","type":"image\/png"}],"twitter_card":"summary_large_image","twitter_misc":{"Temps estimat de lectura":"1 minut"},"schema":{"@context":"https:\/\/schema.org","@graph":[{"@type":"WebPage","@id":"https:\/\/amarespectacular.com\/producte\/almejas-blancas-al-natural\/","url":"https:\/\/amarespectacular.com\/producte\/almejas-blancas-al-natural\/","name":"Clo\u00efsses Blanques al Natural - A Mar Es Espectacular","isPartOf":{"@id":"https:\/\/amarespectacular.com\/#website"},"primaryImageOfPage":{"@id":"https:\/\/amarespectacular.com\/producte\/almejas-blancas-al-natural\/#primaryimage"},"image":{"@id":"https:\/\/amarespectacular.com\/producte\/almejas-blancas-al-natural\/#primaryimage"},"thumbnailUrl":"https:\/\/amarespectacular.com\/wp-content\/uploads\/2022\/02\/almejas-blancas-al-natural-1200px.png","datePublished":"2022-02-11T14:31:46+00:00","dateModified":"2022-10-27T14:24:54+00:00","description":"Aquestes clo\u00efsses espectaculars s\u00f3n tan riques de sabor com en nutrients.","breadcrumb":{"@id":"https:\/\/amarespectacular.com\/producte\/almejas-blancas-al-natural\/#breadcrumb"},"inLanguage":"ca","potentialAction":[{"@type":"ReadAction","target":["https:\/\/amarespectacular.com\/producte\/almejas-blancas-al-natural\/"]}]},{"@type":"ImageObject","inLanguage":"ca","@id":"https:\/\/amarespectacular.com\/producte\/almejas-blancas-al-natural\/#primaryimage","url":"https:\/\/amarespectacular.com\/wp-content\/uploads\/2022\/02\/almejas-blancas-al-natural-1200px.png","contentUrl":"https:\/\/amarespectacular.com\/wp-content\/uploads\/2022\/02\/almejas-blancas-al-natural-1200px.png","width":1200,"height":1200},{"@type":"BreadcrumbList","@id":"https:\/\/amarespectacular.com\/producte\/almejas-blancas-al-natural\/#breadcrumb","itemListElement":[{"@type":"ListItem","position":1,"name":"Portada","item":"https:\/\/amarespectacular.com\/ca\/"},{"@type":"ListItem","position":2,"name":"Productos","item":"https:\/\/amarespectacular.com\/shop\/"},{"@type":"ListItem","position":3,"name":"Clo\u00efsses Blanques al Natural"}]},{"@type":"WebSite","@id":"https:\/\/amarespectacular.com\/#website","url":"https:\/\/amarespectacular.com\/","name":"A Mar Es Espectacular","description":"","potentialAction":[{"@type":"SearchAction","target":{"@type":"EntryPoint","urlTemplate":"https:\/\/amarespectacular.com\/?s={search_term_string}"},"query-input":{"@type":"PropertyValueSpecification","valueRequired":true,"valueName":"search_term_string"}}],"inLanguage":"ca"}]}},"_links":{"self":[{"href":"https:\/\/amarespectacular.com\/ca\/wp-json\/wp\/v2\/product\/1901","targetHints":{"allow":["GET"]}}],"collection":[{"href":"https:\/\/amarespectacular.com\/ca\/wp-json\/wp\/v2\/product"}],"about":[{"href":"https:\/\/amarespectacular.com\/ca\/wp-json\/wp\/v2\/types\/product"}],"wp:featuredmedia":[{"embeddable":true,"href":"https:\/\/amarespectacular.com\/ca\/wp-json\/wp\/v2\/media\/3906"}],"wp:attachment":[{"href":"https:\/\/amarespectacular.com\/ca\/wp-json\/wp\/v2\/media?parent=1901"}],"wp:term":[{"taxonomy":"product_brand","embeddable":true,"href":"https:\/\/amarespectacular.com\/ca\/wp-json\/wp\/v2\/product_brand?post=1901"},{"taxonomy":"product_cat","embeddable":true,"href":"https:\/\/amarespectacular.com\/ca\/wp-json\/wp\/v2\/product_cat?post=1901"},{"taxonomy":"product_tag","embeddable":true,"href":"https:\/\/amarespectacular.com\/ca\/wp-json\/wp\/v2\/product_tag?post=1901"}],"curies":[{"name":"wp","href":"https:\/\/api.w.org\/{rel}","templated":true}]}}