{"id":1903,"date":"2022-02-11T15:28:15","date_gmt":"2022-02-11T15:28:15","guid":{"rendered":"https:\/\/amarespectacular.com\/?post_type=product&#038;p=1903"},"modified":"2024-01-24T08:21:42","modified_gmt":"2024-01-24T08:21:42","slug":"musclos-en-escabetx","status":"publish","type":"product","link":"https:\/\/amarespectacular.com\/ca\/producte\/musclos-en-escabetx\/","title":{"rendered":"Musclos en Escabetx"},"content":{"rendered":"<p><span style=\"font-weight: 400;\">Els musclos espectaculars s\u00f3n tot un cl\u00e0ssic, no poden faltar al teu rebost! Els seus beneficis per a la salut s\u00f3n tamb\u00e9 una meravella: tenen una gran quantitat de ferro, prote\u00efnes, vitamines A i B12 i \u00e0cids grassos Omega 3 amb propietats antiinflamat\u00f2ries bon\u00edssimes per a tot el cos.<\/span><\/p>\n<p><span style=\"font-weight: 400;\"><strong>Ingredients:<\/strong> Musclos de les ries gallegues, oli de gira-sol, vinagre de vi, esp\u00e8cies i sal. Pot contenir peix i crustacis.<\/span><\/p>\n<p><img loading=\"lazy\" decoding=\"async\" class=\"alignnone size-full wp-image-1142\" src=\"https:\/\/amarespectacular.com\/wp-content\/uploads\/2022\/02\/Mejillones.jpg\" alt=\"\" width=\"653\" height=\"311\" srcset=\"https:\/\/amarespectacular.com\/wp-content\/uploads\/2022\/02\/Mejillones.jpg 653w, https:\/\/amarespectacular.com\/wp-content\/uploads\/2022\/02\/Mejillones-500x238.jpg 500w, https:\/\/amarespectacular.com\/wp-content\/uploads\/2022\/02\/Mejillones-399x190.jpg 399w\" sizes=\"auto, (max-width: 653px) 100vw, 653px\" \/><\/p>\n<p><span style=\"font-weight: 400;\"><strong>Proced\u00e8ncia:<\/strong> Ries gallegues<br \/>\n<\/span><span style=\"font-weight: 400;\"><strong>M\u00e8tode de pesca:<\/strong> Aq\u00fcicultura.<\/span><\/p>\n","protected":false},"excerpt":{"rendered":"<p><span style=\"font-weight: 400;\">Els musclos espectaculars s\u00f3n tot un cl\u00e0ssic, no poden faltar al teu rebost!<\/span><\/p>\n","protected":false},"featured_media":6079,"template":"","meta":{"_acf_changed":false},"product_brand":[],"product_cat":[105],"product_tag":[],"class_list":{"0":"post-1903","1":"product","2":"type-product","3":"status-publish","4":"has-post-thumbnail","6":"product_cat-musclos","8":"first","9":"instock","10":"taxable","11":"shipping-taxable","12":"purchasable","13":"product-type-simple"},"acf":[],"yoast_head":"<!-- This site is optimized with the Yoast SEO plugin v27.3 - https:\/\/yoast.com\/product\/yoast-seo-wordpress\/ -->\n<title>Musclos en Escabetx - A Mar Es Espectacular<\/title>\n<meta name=\"description\" content=\"Els musclos espectaculars s\u00f3n tot un cl\u00e0ssic, no poden faltar al teu rebost!\" \/>\n<meta name=\"robots\" content=\"index, follow, max-snippet:-1, max-image-preview:large, max-video-preview:-1\" \/>\n<link rel=\"canonical\" href=\"https:\/\/amarespectacular.com\/ca\/producte\/musclos-en-escabetx\/\" \/>\n<meta property=\"og:locale\" content=\"ca_ES\" \/>\n<meta property=\"og:type\" content=\"article\" \/>\n<meta property=\"og:title\" content=\"Musclos en Escabetx - A Mar Es Espectacular\" \/>\n<meta property=\"og:description\" content=\"Els musclos espectaculars s\u00f3n tot un cl\u00e0ssic, no poden faltar al teu rebost!\" \/>\n<meta property=\"og:url\" content=\"https:\/\/amarespectacular.com\/ca\/producte\/musclos-en-escabetx\/\" \/>\n<meta property=\"og:site_name\" content=\"A Mar Es Espectacular\" \/>\n<meta property=\"article:modified_time\" content=\"2024-01-24T08:21:42+00:00\" \/>\n<meta property=\"og:image\" content=\"https:\/\/amarespectacular.com\/wp-content\/uploads\/2022\/02\/mejillones-en-escabeche-1200px-1.png\" \/>\n\t<meta property=\"og:image:width\" content=\"1200\" \/>\n\t<meta property=\"og:image:height\" content=\"1200\" \/>\n\t<meta property=\"og:image:type\" content=\"image\/png\" \/>\n<meta name=\"twitter:card\" content=\"summary_large_image\" \/>\n<meta name=\"twitter:label1\" content=\"Temps estimat de lectura\" \/>\n\t<meta name=\"twitter:data1\" content=\"1 minut\" \/>\n<script type=\"application\/ld+json\" class=\"yoast-schema-graph\">{\"@context\":\"https:\\\/\\\/schema.org\",\"@graph\":[{\"@type\":\"WebPage\",\"@id\":\"https:\\\/\\\/amarespectacular.com\\\/ca\\\/producte\\\/musclos-en-escabetx\\\/\",\"url\":\"https:\\\/\\\/amarespectacular.com\\\/ca\\\/producte\\\/musclos-en-escabetx\\\/\",\"name\":\"Musclos en Escabetx - A Mar Es Espectacular\",\"isPartOf\":{\"@id\":\"https:\\\/\\\/amarespectacular.com\\\/#website\"},\"primaryImageOfPage\":{\"@id\":\"https:\\\/\\\/amarespectacular.com\\\/ca\\\/producte\\\/musclos-en-escabetx\\\/#primaryimage\"},\"image\":{\"@id\":\"https:\\\/\\\/amarespectacular.com\\\/ca\\\/producte\\\/musclos-en-escabetx\\\/#primaryimage\"},\"thumbnailUrl\":\"https:\\\/\\\/amarespectacular.com\\\/wp-content\\\/uploads\\\/2022\\\/02\\\/mejillones-escabeche-gallegos-8-12.png\",\"datePublished\":\"2022-02-11T15:28:15+00:00\",\"dateModified\":\"2024-01-24T08:21:42+00:00\",\"description\":\"Els musclos espectaculars s\u00f3n tot un cl\u00e0ssic, no poden faltar al teu rebost!\",\"breadcrumb\":{\"@id\":\"https:\\\/\\\/amarespectacular.com\\\/ca\\\/producte\\\/musclos-en-escabetx\\\/#breadcrumb\"},\"inLanguage\":\"ca\",\"potentialAction\":[{\"@type\":\"ReadAction\",\"target\":[\"https:\\\/\\\/amarespectacular.com\\\/ca\\\/producte\\\/musclos-en-escabetx\\\/\"]}]},{\"@type\":\"ImageObject\",\"inLanguage\":\"ca\",\"@id\":\"https:\\\/\\\/amarespectacular.com\\\/ca\\\/producte\\\/musclos-en-escabetx\\\/#primaryimage\",\"url\":\"https:\\\/\\\/amarespectacular.com\\\/wp-content\\\/uploads\\\/2022\\\/02\\\/mejillones-escabeche-gallegos-8-12.png\",\"contentUrl\":\"https:\\\/\\\/amarespectacular.com\\\/wp-content\\\/uploads\\\/2022\\\/02\\\/mejillones-escabeche-gallegos-8-12.png\",\"width\":1400,\"height\":1695},{\"@type\":\"BreadcrumbList\",\"@id\":\"https:\\\/\\\/amarespectacular.com\\\/ca\\\/producte\\\/musclos-en-escabetx\\\/#breadcrumb\",\"itemListElement\":[{\"@type\":\"ListItem\",\"position\":1,\"name\":\"Portada\",\"item\":\"https:\\\/\\\/amarespectacular.com\\\/ca\\\/\"},{\"@type\":\"ListItem\",\"position\":2,\"name\":\"Productos\",\"item\":\"https:\\\/\\\/amarespectacular.com\\\/shop\\\/\"},{\"@type\":\"ListItem\",\"position\":3,\"name\":\"Musclos en Escabetx\"}]},{\"@type\":\"WebSite\",\"@id\":\"https:\\\/\\\/amarespectacular.com\\\/#website\",\"url\":\"https:\\\/\\\/amarespectacular.com\\\/\",\"name\":\"A Mar Es Espectacular\",\"description\":\"\",\"potentialAction\":[{\"@type\":\"SearchAction\",\"target\":{\"@type\":\"EntryPoint\",\"urlTemplate\":\"https:\\\/\\\/amarespectacular.com\\\/?s={search_term_string}\"},\"query-input\":{\"@type\":\"PropertyValueSpecification\",\"valueRequired\":true,\"valueName\":\"search_term_string\"}}],\"inLanguage\":\"ca\"}]}<\/script>\n<!-- \/ Yoast SEO plugin. -->","yoast_head_json":{"title":"Musclos en Escabetx - A Mar Es Espectacular","description":"Els musclos espectaculars s\u00f3n tot un cl\u00e0ssic, no poden faltar al teu rebost!","robots":{"index":"index","follow":"follow","max-snippet":"max-snippet:-1","max-image-preview":"max-image-preview:large","max-video-preview":"max-video-preview:-1"},"canonical":"https:\/\/amarespectacular.com\/ca\/producte\/musclos-en-escabetx\/","og_locale":"ca_ES","og_type":"article","og_title":"Musclos en Escabetx - A Mar Es Espectacular","og_description":"Els musclos espectaculars s\u00f3n tot un cl\u00e0ssic, no poden faltar al teu rebost!","og_url":"https:\/\/amarespectacular.com\/ca\/producte\/musclos-en-escabetx\/","og_site_name":"A Mar Es Espectacular","article_modified_time":"2024-01-24T08:21:42+00:00","og_image":[{"width":1200,"height":1200,"url":"https:\/\/amarespectacular.com\/wp-content\/uploads\/2022\/02\/mejillones-en-escabeche-1200px-1.png","type":"image\/png"}],"twitter_card":"summary_large_image","twitter_misc":{"Temps estimat de lectura":"1 minut"},"schema":{"@context":"https:\/\/schema.org","@graph":[{"@type":"WebPage","@id":"https:\/\/amarespectacular.com\/ca\/producte\/musclos-en-escabetx\/","url":"https:\/\/amarespectacular.com\/ca\/producte\/musclos-en-escabetx\/","name":"Musclos en Escabetx - A Mar Es Espectacular","isPartOf":{"@id":"https:\/\/amarespectacular.com\/#website"},"primaryImageOfPage":{"@id":"https:\/\/amarespectacular.com\/ca\/producte\/musclos-en-escabetx\/#primaryimage"},"image":{"@id":"https:\/\/amarespectacular.com\/ca\/producte\/musclos-en-escabetx\/#primaryimage"},"thumbnailUrl":"https:\/\/amarespectacular.com\/wp-content\/uploads\/2022\/02\/mejillones-escabeche-gallegos-8-12.png","datePublished":"2022-02-11T15:28:15+00:00","dateModified":"2024-01-24T08:21:42+00:00","description":"Els musclos espectaculars s\u00f3n tot un cl\u00e0ssic, no poden faltar al teu rebost!","breadcrumb":{"@id":"https:\/\/amarespectacular.com\/ca\/producte\/musclos-en-escabetx\/#breadcrumb"},"inLanguage":"ca","potentialAction":[{"@type":"ReadAction","target":["https:\/\/amarespectacular.com\/ca\/producte\/musclos-en-escabetx\/"]}]},{"@type":"ImageObject","inLanguage":"ca","@id":"https:\/\/amarespectacular.com\/ca\/producte\/musclos-en-escabetx\/#primaryimage","url":"https:\/\/amarespectacular.com\/wp-content\/uploads\/2022\/02\/mejillones-escabeche-gallegos-8-12.png","contentUrl":"https:\/\/amarespectacular.com\/wp-content\/uploads\/2022\/02\/mejillones-escabeche-gallegos-8-12.png","width":1400,"height":1695},{"@type":"BreadcrumbList","@id":"https:\/\/amarespectacular.com\/ca\/producte\/musclos-en-escabetx\/#breadcrumb","itemListElement":[{"@type":"ListItem","position":1,"name":"Portada","item":"https:\/\/amarespectacular.com\/ca\/"},{"@type":"ListItem","position":2,"name":"Productos","item":"https:\/\/amarespectacular.com\/shop\/"},{"@type":"ListItem","position":3,"name":"Musclos en Escabetx"}]},{"@type":"WebSite","@id":"https:\/\/amarespectacular.com\/#website","url":"https:\/\/amarespectacular.com\/","name":"A Mar Es Espectacular","description":"","potentialAction":[{"@type":"SearchAction","target":{"@type":"EntryPoint","urlTemplate":"https:\/\/amarespectacular.com\/?s={search_term_string}"},"query-input":{"@type":"PropertyValueSpecification","valueRequired":true,"valueName":"search_term_string"}}],"inLanguage":"ca"}]}},"_links":{"self":[{"href":"https:\/\/amarespectacular.com\/ca\/wp-json\/wp\/v2\/product\/1903","targetHints":{"allow":["GET"]}}],"collection":[{"href":"https:\/\/amarespectacular.com\/ca\/wp-json\/wp\/v2\/product"}],"about":[{"href":"https:\/\/amarespectacular.com\/ca\/wp-json\/wp\/v2\/types\/product"}],"wp:featuredmedia":[{"embeddable":true,"href":"https:\/\/amarespectacular.com\/ca\/wp-json\/wp\/v2\/media\/6079"}],"wp:attachment":[{"href":"https:\/\/amarespectacular.com\/ca\/wp-json\/wp\/v2\/media?parent=1903"}],"wp:term":[{"taxonomy":"product_brand","embeddable":true,"href":"https:\/\/amarespectacular.com\/ca\/wp-json\/wp\/v2\/product_brand?post=1903"},{"taxonomy":"product_cat","embeddable":true,"href":"https:\/\/amarespectacular.com\/ca\/wp-json\/wp\/v2\/product_cat?post=1903"},{"taxonomy":"product_tag","embeddable":true,"href":"https:\/\/amarespectacular.com\/ca\/wp-json\/wp\/v2\/product_tag?post=1903"}],"curies":[{"name":"wp","href":"https:\/\/api.w.org\/{rel}","templated":true}]}}