{"id":1907,"date":"2022-02-11T15:46:31","date_gmt":"2022-02-11T15:46:31","guid":{"rendered":"https:\/\/amarespectacular.com\/?post_type=product&#038;p=1907"},"modified":"2022-10-27T16:10:07","modified_gmt":"2022-10-27T16:10:07","slug":"sardinilles-amb-oli-doliva","status":"publish","type":"product","link":"https:\/\/amarespectacular.com\/ca\/producte\/sardinilles-amb-oli-doliva\/","title":{"rendered":"Sardinilles amb Oli d&#8217;Oliva"},"content":{"rendered":"<p><span style=\"font-weight: 400;\">Aquestes sardinilles espectaculars et canviaran la vida, literalment. Entre les seves propietats m\u00e9s beneficioses hi ha la vitamina B3, que t&#8217;ajudar\u00e0 a reduir el colesterol; la vitamina D, que enforteix el sistema immune; una gran quantitat de calci, que millorar\u00e0 la qualitat dels teus ossos i l&#8217;Omega 3, fam\u00f3s per tenir propietats excel\u00b7lents per a la salut del cor.<\/span><\/p>\n<p><span style=\"font-weight: 400;\"><strong>Ingredients:<\/strong> Sardines (Sardina pilchardus) i oli d&#8217;oliva (28%). Pot contenir mol\u00b7luscs i crustacis.<\/span><\/p>\n<p><img loading=\"lazy\" decoding=\"async\" class=\"alignnone size-full wp-image-1136\" src=\"https:\/\/amarespectacular.com\/wp-content\/uploads\/2022\/02\/sardinillas-1.jpg\" alt=\"\" width=\"653\" height=\"311\" srcset=\"https:\/\/amarespectacular.com\/wp-content\/uploads\/2022\/02\/sardinillas-1.jpg 653w, https:\/\/amarespectacular.com\/wp-content\/uploads\/2022\/02\/sardinillas-1-500x238.jpg 500w, https:\/\/amarespectacular.com\/wp-content\/uploads\/2022\/02\/sardinillas-1-399x190.jpg 399w\" sizes=\"auto, (max-width: 653px) 100vw, 653px\" \/><\/p>\n<p><span style=\"font-weight: 400;\"><strong>Proced\u00e8ncia:<\/strong> Capturat en zona Fao n\u00ba27 Atl\u00e0ntic Nordeste<br \/>\n<\/span><span style=\"font-weight: 400;\"><strong>M\u00e8tode de pesca:<\/strong> Capturat mitjan\u00e7ant xarxa de setge<\/span><\/p>\n","protected":false},"excerpt":{"rendered":"<p><span style=\"font-weight: 400;\">Les sardinetes espectaculars seran les teves aliades perfectes en qualsevol ocasi\u00f3<\/span><\/p>\n","protected":false},"featured_media":4529,"template":"","meta":{"_acf_changed":false},"product_brand":[],"product_cat":[103,100],"product_tag":[],"class_list":{"0":"post-1907","1":"product","2":"type-product","3":"status-publish","4":"has-post-thumbnail","6":"product_cat-sardines","7":"product_cat-sardinetes","9":"first","10":"outofstock","11":"taxable","12":"shipping-taxable","13":"purchasable","14":"product-type-simple"},"acf":[],"yoast_head":"<!-- This site is optimized with the Yoast SEO plugin v27.3 - https:\/\/yoast.com\/product\/yoast-seo-wordpress\/ -->\n<title>Sardinilles amb Oli d&#039;Oliva - A Mar Es Espectacular<\/title>\n<meta name=\"description\" content=\"Les sardinetes espectaculars seran les teves aliades perfectes en qualsevol ocasi\u00f3\" \/>\n<meta name=\"robots\" content=\"index, follow, max-snippet:-1, max-image-preview:large, max-video-preview:-1\" \/>\n<link rel=\"canonical\" href=\"https:\/\/amarespectacular.com\/ca\/producte\/sardinilles-amb-oli-doliva\/\" \/>\n<meta property=\"og:locale\" content=\"ca_ES\" \/>\n<meta property=\"og:type\" content=\"article\" \/>\n<meta property=\"og:title\" content=\"Sardinilles amb Oli d&#039;Oliva - A Mar Es Espectacular\" \/>\n<meta property=\"og:description\" content=\"Les sardinetes espectaculars seran les teves aliades perfectes en qualsevol ocasi\u00f3\" \/>\n<meta property=\"og:url\" content=\"https:\/\/amarespectacular.com\/ca\/producte\/sardinilles-amb-oli-doliva\/\" \/>\n<meta property=\"og:site_name\" content=\"A Mar Es Espectacular\" \/>\n<meta property=\"article:modified_time\" content=\"2022-10-27T16:10:07+00:00\" \/>\n<meta property=\"og:image\" content=\"https:\/\/amarespectacular.com\/wp-content\/uploads\/2022\/02\/sardinillas-aceite-oliva-800x800-1.png\" \/>\n\t<meta property=\"og:image:width\" content=\"800\" \/>\n\t<meta property=\"og:image:height\" content=\"800\" \/>\n\t<meta property=\"og:image:type\" content=\"image\/png\" \/>\n<meta name=\"twitter:card\" content=\"summary_large_image\" \/>\n<meta name=\"twitter:label1\" content=\"Temps estimat de lectura\" \/>\n\t<meta name=\"twitter:data1\" content=\"1 minut\" \/>\n<script type=\"application\/ld+json\" class=\"yoast-schema-graph\">{\"@context\":\"https:\\\/\\\/schema.org\",\"@graph\":[{\"@type\":\"WebPage\",\"@id\":\"https:\\\/\\\/amarespectacular.com\\\/ca\\\/producte\\\/sardinilles-amb-oli-doliva\\\/\",\"url\":\"https:\\\/\\\/amarespectacular.com\\\/ca\\\/producte\\\/sardinilles-amb-oli-doliva\\\/\",\"name\":\"Sardinilles amb Oli d'Oliva - A Mar Es Espectacular\",\"isPartOf\":{\"@id\":\"https:\\\/\\\/amarespectacular.com\\\/#website\"},\"primaryImageOfPage\":{\"@id\":\"https:\\\/\\\/amarespectacular.com\\\/ca\\\/producte\\\/sardinilles-amb-oli-doliva\\\/#primaryimage\"},\"image\":{\"@id\":\"https:\\\/\\\/amarespectacular.com\\\/ca\\\/producte\\\/sardinilles-amb-oli-doliva\\\/#primaryimage\"},\"thumbnailUrl\":\"https:\\\/\\\/amarespectacular.com\\\/wp-content\\\/uploads\\\/2022\\\/02\\\/sardinillas-aceite-oliva-800x800-1.png\",\"datePublished\":\"2022-02-11T15:46:31+00:00\",\"dateModified\":\"2022-10-27T16:10:07+00:00\",\"description\":\"Les sardinetes espectaculars seran les teves aliades perfectes en qualsevol ocasi\u00f3\",\"breadcrumb\":{\"@id\":\"https:\\\/\\\/amarespectacular.com\\\/ca\\\/producte\\\/sardinilles-amb-oli-doliva\\\/#breadcrumb\"},\"inLanguage\":\"ca\",\"potentialAction\":[{\"@type\":\"ReadAction\",\"target\":[\"https:\\\/\\\/amarespectacular.com\\\/ca\\\/producte\\\/sardinilles-amb-oli-doliva\\\/\"]}]},{\"@type\":\"ImageObject\",\"inLanguage\":\"ca\",\"@id\":\"https:\\\/\\\/amarespectacular.com\\\/ca\\\/producte\\\/sardinilles-amb-oli-doliva\\\/#primaryimage\",\"url\":\"https:\\\/\\\/amarespectacular.com\\\/wp-content\\\/uploads\\\/2022\\\/02\\\/sardinillas-aceite-oliva-800x800-1.png\",\"contentUrl\":\"https:\\\/\\\/amarespectacular.com\\\/wp-content\\\/uploads\\\/2022\\\/02\\\/sardinillas-aceite-oliva-800x800-1.png\",\"width\":800,\"height\":800},{\"@type\":\"BreadcrumbList\",\"@id\":\"https:\\\/\\\/amarespectacular.com\\\/ca\\\/producte\\\/sardinilles-amb-oli-doliva\\\/#breadcrumb\",\"itemListElement\":[{\"@type\":\"ListItem\",\"position\":1,\"name\":\"Portada\",\"item\":\"https:\\\/\\\/amarespectacular.com\\\/ca\\\/\"},{\"@type\":\"ListItem\",\"position\":2,\"name\":\"Productos\",\"item\":\"https:\\\/\\\/amarespectacular.com\\\/shop\\\/\"},{\"@type\":\"ListItem\",\"position\":3,\"name\":\"Sardinilles amb Oli d&#8217;Oliva\"}]},{\"@type\":\"WebSite\",\"@id\":\"https:\\\/\\\/amarespectacular.com\\\/#website\",\"url\":\"https:\\\/\\\/amarespectacular.com\\\/\",\"name\":\"A Mar Es Espectacular\",\"description\":\"\",\"potentialAction\":[{\"@type\":\"SearchAction\",\"target\":{\"@type\":\"EntryPoint\",\"urlTemplate\":\"https:\\\/\\\/amarespectacular.com\\\/?s={search_term_string}\"},\"query-input\":{\"@type\":\"PropertyValueSpecification\",\"valueRequired\":true,\"valueName\":\"search_term_string\"}}],\"inLanguage\":\"ca\"}]}<\/script>\n<!-- \/ Yoast SEO plugin. -->","yoast_head_json":{"title":"Sardinilles amb Oli d'Oliva - A Mar Es Espectacular","description":"Les sardinetes espectaculars seran les teves aliades perfectes en qualsevol ocasi\u00f3","robots":{"index":"index","follow":"follow","max-snippet":"max-snippet:-1","max-image-preview":"max-image-preview:large","max-video-preview":"max-video-preview:-1"},"canonical":"https:\/\/amarespectacular.com\/ca\/producte\/sardinilles-amb-oli-doliva\/","og_locale":"ca_ES","og_type":"article","og_title":"Sardinilles amb Oli d'Oliva - A Mar Es Espectacular","og_description":"Les sardinetes espectaculars seran les teves aliades perfectes en qualsevol ocasi\u00f3","og_url":"https:\/\/amarespectacular.com\/ca\/producte\/sardinilles-amb-oli-doliva\/","og_site_name":"A Mar Es Espectacular","article_modified_time":"2022-10-27T16:10:07+00:00","og_image":[{"width":800,"height":800,"url":"https:\/\/amarespectacular.com\/wp-content\/uploads\/2022\/02\/sardinillas-aceite-oliva-800x800-1.png","type":"image\/png"}],"twitter_card":"summary_large_image","twitter_misc":{"Temps estimat de lectura":"1 minut"},"schema":{"@context":"https:\/\/schema.org","@graph":[{"@type":"WebPage","@id":"https:\/\/amarespectacular.com\/ca\/producte\/sardinilles-amb-oli-doliva\/","url":"https:\/\/amarespectacular.com\/ca\/producte\/sardinilles-amb-oli-doliva\/","name":"Sardinilles amb Oli d'Oliva - A Mar Es Espectacular","isPartOf":{"@id":"https:\/\/amarespectacular.com\/#website"},"primaryImageOfPage":{"@id":"https:\/\/amarespectacular.com\/ca\/producte\/sardinilles-amb-oli-doliva\/#primaryimage"},"image":{"@id":"https:\/\/amarespectacular.com\/ca\/producte\/sardinilles-amb-oli-doliva\/#primaryimage"},"thumbnailUrl":"https:\/\/amarespectacular.com\/wp-content\/uploads\/2022\/02\/sardinillas-aceite-oliva-800x800-1.png","datePublished":"2022-02-11T15:46:31+00:00","dateModified":"2022-10-27T16:10:07+00:00","description":"Les sardinetes espectaculars seran les teves aliades perfectes en qualsevol ocasi\u00f3","breadcrumb":{"@id":"https:\/\/amarespectacular.com\/ca\/producte\/sardinilles-amb-oli-doliva\/#breadcrumb"},"inLanguage":"ca","potentialAction":[{"@type":"ReadAction","target":["https:\/\/amarespectacular.com\/ca\/producte\/sardinilles-amb-oli-doliva\/"]}]},{"@type":"ImageObject","inLanguage":"ca","@id":"https:\/\/amarespectacular.com\/ca\/producte\/sardinilles-amb-oli-doliva\/#primaryimage","url":"https:\/\/amarespectacular.com\/wp-content\/uploads\/2022\/02\/sardinillas-aceite-oliva-800x800-1.png","contentUrl":"https:\/\/amarespectacular.com\/wp-content\/uploads\/2022\/02\/sardinillas-aceite-oliva-800x800-1.png","width":800,"height":800},{"@type":"BreadcrumbList","@id":"https:\/\/amarespectacular.com\/ca\/producte\/sardinilles-amb-oli-doliva\/#breadcrumb","itemListElement":[{"@type":"ListItem","position":1,"name":"Portada","item":"https:\/\/amarespectacular.com\/ca\/"},{"@type":"ListItem","position":2,"name":"Productos","item":"https:\/\/amarespectacular.com\/shop\/"},{"@type":"ListItem","position":3,"name":"Sardinilles amb Oli d&#8217;Oliva"}]},{"@type":"WebSite","@id":"https:\/\/amarespectacular.com\/#website","url":"https:\/\/amarespectacular.com\/","name":"A Mar Es Espectacular","description":"","potentialAction":[{"@type":"SearchAction","target":{"@type":"EntryPoint","urlTemplate":"https:\/\/amarespectacular.com\/?s={search_term_string}"},"query-input":{"@type":"PropertyValueSpecification","valueRequired":true,"valueName":"search_term_string"}}],"inLanguage":"ca"}]}},"_links":{"self":[{"href":"https:\/\/amarespectacular.com\/ca\/wp-json\/wp\/v2\/product\/1907","targetHints":{"allow":["GET"]}}],"collection":[{"href":"https:\/\/amarespectacular.com\/ca\/wp-json\/wp\/v2\/product"}],"about":[{"href":"https:\/\/amarespectacular.com\/ca\/wp-json\/wp\/v2\/types\/product"}],"wp:featuredmedia":[{"embeddable":true,"href":"https:\/\/amarespectacular.com\/ca\/wp-json\/wp\/v2\/media\/4529"}],"wp:attachment":[{"href":"https:\/\/amarespectacular.com\/ca\/wp-json\/wp\/v2\/media?parent=1907"}],"wp:term":[{"taxonomy":"product_brand","embeddable":true,"href":"https:\/\/amarespectacular.com\/ca\/wp-json\/wp\/v2\/product_brand?post=1907"},{"taxonomy":"product_cat","embeddable":true,"href":"https:\/\/amarespectacular.com\/ca\/wp-json\/wp\/v2\/product_cat?post=1907"},{"taxonomy":"product_tag","embeddable":true,"href":"https:\/\/amarespectacular.com\/ca\/wp-json\/wp\/v2\/product_tag?post=1907"}],"curies":[{"name":"wp","href":"https:\/\/api.w.org\/{rel}","templated":true}]}}