{"id":1964,"date":"2025-09-01T10:12:16","date_gmt":"2025-09-01T10:12:16","guid":{"rendered":"https:\/\/amarespectacular.com\/?post_type=product&#038;p=1964"},"modified":"2025-09-09T18:42:29","modified_gmt":"2025-09-09T18:42:29","slug":"lot-indic","status":"publish","type":"product","link":"https:\/\/amarespectacular.com\/ca\/producte\/lot-indic\/","title":{"rendered":"Lot \u00cdNDIC"},"content":{"rendered":"<div><strong>Qu\u00e8 cont\u00e9 el lot \u00cdNDIC?<\/strong><\/div>\n<ul>\n<li>2 bosses de Patates Artesanes amb Sal Marina<\/li>\n<li>2 llaunes de Berberechos 35\/45<\/li>\n<li>2 llaunes d&#8217;merlets japonesos al natural<\/li>\n<li>1 llauna de Sardines Mill\u00e9sim\u00e9es a Oli d&#8217;Oliva<\/li>\n<li>1 pot d&#8217;olives gordal marinades amb salsa A Mar d&#8217;Amunt<\/li>\n<li>2 ampolles de cervesa Pale Ale &#8220;Es Vedr\u00e0&#8221;<\/li>\n<li>1 ampolla de Vi Bot\u00e0nic &#8220;Vidorra&#8221;<\/li>\n<li>1 pot de Salsa A Mar d&#8217;Amunt (Inclou dosificador)<\/li>\n<li>1 llauna de Navalles al Natural<\/li>\n<li>1 llauna de Ventresca de Tonyina Clara en Oli d&#8217;Oliva<\/li>\n<\/ul>\n<div>\n<div><strong>A m\u00e9s, recorda que\u2026<\/strong><\/div>\n<div>Quan quan regales \u00cdNDIC, el 10% dels nostres beneficis es destinen a cuidar els nostres oceans.<\/div>\n<div><\/div>\n<\/div>\n<div>Les primeres expedicions per l&#8217;oce\u00e0 \u00cdndic es van fer durant la primera dinastia d&#8217;Egipte, l&#8217;any 3000 aC. Gaireb\u00e9 res! Ha passat molt de temps i l&#8217;Oce\u00e0 \u00cdndic, el tercer m\u00e9s gran del m\u00f3n per superf\u00edcie, continua sent protagonista de les principals rutes mar\u00edtimes que connecten l&#8217;Orient Mitj\u00e0, l&#8217;\u00c0frica i l&#8217;\u00c0sia amb Europa i Am\u00e8rica.<\/div>\n<div><\/div>\n<div>S&#8217;acosta el Nadal i el cap d&#8217;any. Pensa en aquestes persones amb qui vols seguir compartint camins, viatges o experi\u00e8ncies i sorpr\u00e8n-les amb \u00cdNDIC, un dels nostres 5 lots inspirats en els oceans.<\/div>\n","protected":false},"excerpt":{"rendered":"<p>El Lot d&#8217;Aperitius Gourmet \u00cdNDIC de Mar Espectacular ofereix una selecci\u00f3 exclusiva de sabors intensos i aut\u00e8ntics. Amb dues cerveses Pale Ale \u201cEs Vedr\u00e0\u201d i una ampolla de vi bot\u00e0nic \u201cVidorra\u201d, \u00e9s perfecte per acompanyar les patates artesanes amb sal marina. Els musclos en escabetx, les clo\u00efsses japoneses al natural, les sardines en oli d&#8217;oliva, escopinyes i les olives Camamilla marinades completen aquest conjunt ideal per gaudir i compartir un aperitiu inigualable.<\/p>\n","protected":false},"featured_media":6148,"template":"","meta":{"_acf_changed":false},"product_brand":[],"product_cat":[127],"product_tag":[],"class_list":{"0":"post-1964","1":"product","2":"type-product","3":"status-publish","4":"has-post-thumbnail","6":"product_cat-lots-i-regals","8":"first","9":"instock","10":"taxable","11":"shipping-taxable","12":"purchasable","13":"product-type-simple"},"acf":[],"yoast_head":"<!-- This site is optimized with the Yoast SEO plugin v27.3 - https:\/\/yoast.com\/product\/yoast-seo-wordpress\/ -->\n<title>Lot \u00cdNDIC - A Mar Es Espectacular<\/title>\n<meta name=\"description\" content=\"El lote de conservas y aperitivos \u00cdNDICO incluye, 3 latas de berberechos 35\/45, 3 latas de sardinas de la Rias Noia (de las Rias Gallegas), 2 latas de sardinillas bajas en sal y aceite de oliva, 3 latas de mejillones en escabeche 8\/12 de las Rias Gallegas, 3 latas de almejas blancas 20\/30, 1 Lata de aceitunas rellenas, 2 Bolsas de Patatas Artesanas con Sal MArina, 1 Bote de Salsa de aperitivo &quot;A Mar d&#039;Amunt&quot; y 1 Botella de Vermut &quot;Vidorra&quot;\" \/>\n<meta name=\"robots\" content=\"index, follow, max-snippet:-1, max-image-preview:large, max-video-preview:-1\" \/>\n<link rel=\"canonical\" href=\"https:\/\/amarespectacular.com\/ca\/producte\/lot-indic\/\" \/>\n<meta property=\"og:locale\" content=\"ca_ES\" \/>\n<meta property=\"og:type\" content=\"article\" \/>\n<meta property=\"og:title\" content=\"Lot \u00cdNDIC - A Mar Es Espectacular\" \/>\n<meta property=\"og:description\" content=\"El lote de conservas y aperitivos \u00cdNDICO incluye, 3 latas de berberechos 35\/45, 3 latas de sardinas de la Rias Noia (de las Rias Gallegas), 2 latas de sardinillas bajas en sal y aceite de oliva, 3 latas de mejillones en escabeche 8\/12 de las Rias Gallegas, 3 latas de almejas blancas 20\/30, 1 Lata de aceitunas rellenas, 2 Bolsas de Patatas Artesanas con Sal MArina, 1 Bote de Salsa de aperitivo &quot;A Mar d&#039;Amunt&quot; y 1 Botella de Vermut &quot;Vidorra&quot;\" \/>\n<meta property=\"og:url\" content=\"https:\/\/amarespectacular.com\/ca\/producte\/lot-indic\/\" \/>\n<meta property=\"og:site_name\" content=\"A Mar Es Espectacular\" \/>\n<meta property=\"article:modified_time\" content=\"2025-09-09T18:42:29+00:00\" \/>\n<meta property=\"og:image\" content=\"https:\/\/amarespectacular.com\/wp-content\/uploads\/2025\/09\/06-lote-INDICO-2025.png\" \/>\n\t<meta property=\"og:image:width\" content=\"2346\" \/>\n\t<meta property=\"og:image:height\" content=\"1274\" \/>\n\t<meta property=\"og:image:type\" content=\"image\/png\" \/>\n<meta name=\"twitter:card\" content=\"summary_large_image\" \/>\n<meta name=\"twitter:label1\" content=\"Temps estimat de lectura\" \/>\n\t<meta name=\"twitter:data1\" content=\"2 minuts\" \/>\n<script type=\"application\/ld+json\" class=\"yoast-schema-graph\">{\"@context\":\"https:\\\/\\\/schema.org\",\"@graph\":[{\"@type\":\"WebPage\",\"@id\":\"https:\\\/\\\/amarespectacular.com\\\/ca\\\/producte\\\/lot-indic\\\/\",\"url\":\"https:\\\/\\\/amarespectacular.com\\\/ca\\\/producte\\\/lot-indic\\\/\",\"name\":\"Lot \u00cdNDIC - A Mar Es Espectacular\",\"isPartOf\":{\"@id\":\"https:\\\/\\\/amarespectacular.com\\\/#website\"},\"primaryImageOfPage\":{\"@id\":\"https:\\\/\\\/amarespectacular.com\\\/ca\\\/producte\\\/lot-indic\\\/#primaryimage\"},\"image\":{\"@id\":\"https:\\\/\\\/amarespectacular.com\\\/ca\\\/producte\\\/lot-indic\\\/#primaryimage\"},\"thumbnailUrl\":\"https:\\\/\\\/amarespectacular.com\\\/wp-content\\\/uploads\\\/2025\\\/09\\\/lote-indico-1.png\",\"datePublished\":\"2025-09-01T10:12:16+00:00\",\"dateModified\":\"2025-09-09T18:42:29+00:00\",\"description\":\"El lote de conservas y aperitivos \u00cdNDICO incluye, 3 latas de berberechos 35\\\/45, 3 latas de sardinas de la Rias Noia (de las Rias Gallegas), 2 latas de sardinillas bajas en sal y aceite de oliva, 3 latas de mejillones en escabeche 8\\\/12 de las Rias Gallegas, 3 latas de almejas blancas 20\\\/30, 1 Lata de aceitunas rellenas, 2 Bolsas de Patatas Artesanas con Sal MArina, 1 Bote de Salsa de aperitivo \\\"A Mar d'Amunt\\\" y 1 Botella de Vermut \\\"Vidorra\\\"\",\"breadcrumb\":{\"@id\":\"https:\\\/\\\/amarespectacular.com\\\/ca\\\/producte\\\/lot-indic\\\/#breadcrumb\"},\"inLanguage\":\"ca\",\"potentialAction\":[{\"@type\":\"ReadAction\",\"target\":[\"https:\\\/\\\/amarespectacular.com\\\/ca\\\/producte\\\/lot-indic\\\/\"]}]},{\"@type\":\"ImageObject\",\"inLanguage\":\"ca\",\"@id\":\"https:\\\/\\\/amarespectacular.com\\\/ca\\\/producte\\\/lot-indic\\\/#primaryimage\",\"url\":\"https:\\\/\\\/amarespectacular.com\\\/wp-content\\\/uploads\\\/2025\\\/09\\\/lote-indico-1.png\",\"contentUrl\":\"https:\\\/\\\/amarespectacular.com\\\/wp-content\\\/uploads\\\/2025\\\/09\\\/lote-indico-1.png\",\"width\":2251,\"height\":2251},{\"@type\":\"BreadcrumbList\",\"@id\":\"https:\\\/\\\/amarespectacular.com\\\/ca\\\/producte\\\/lot-indic\\\/#breadcrumb\",\"itemListElement\":[{\"@type\":\"ListItem\",\"position\":1,\"name\":\"Portada\",\"item\":\"https:\\\/\\\/amarespectacular.com\\\/ca\\\/\"},{\"@type\":\"ListItem\",\"position\":2,\"name\":\"Productos\",\"item\":\"https:\\\/\\\/amarespectacular.com\\\/shop\\\/\"},{\"@type\":\"ListItem\",\"position\":3,\"name\":\"Lot \u00cdNDIC\"}]},{\"@type\":\"WebSite\",\"@id\":\"https:\\\/\\\/amarespectacular.com\\\/#website\",\"url\":\"https:\\\/\\\/amarespectacular.com\\\/\",\"name\":\"A Mar Es Espectacular\",\"description\":\"\",\"potentialAction\":[{\"@type\":\"SearchAction\",\"target\":{\"@type\":\"EntryPoint\",\"urlTemplate\":\"https:\\\/\\\/amarespectacular.com\\\/?s={search_term_string}\"},\"query-input\":{\"@type\":\"PropertyValueSpecification\",\"valueRequired\":true,\"valueName\":\"search_term_string\"}}],\"inLanguage\":\"ca\"}]}<\/script>\n<!-- \/ Yoast SEO plugin. -->","yoast_head_json":{"title":"Lot \u00cdNDIC - A Mar Es Espectacular","description":"El lote de conservas y aperitivos \u00cdNDICO incluye, 3 latas de berberechos 35\/45, 3 latas de sardinas de la Rias Noia (de las Rias Gallegas), 2 latas de sardinillas bajas en sal y aceite de oliva, 3 latas de mejillones en escabeche 8\/12 de las Rias Gallegas, 3 latas de almejas blancas 20\/30, 1 Lata de aceitunas rellenas, 2 Bolsas de Patatas Artesanas con Sal MArina, 1 Bote de Salsa de aperitivo \"A Mar d'Amunt\" y 1 Botella de Vermut \"Vidorra\"","robots":{"index":"index","follow":"follow","max-snippet":"max-snippet:-1","max-image-preview":"max-image-preview:large","max-video-preview":"max-video-preview:-1"},"canonical":"https:\/\/amarespectacular.com\/ca\/producte\/lot-indic\/","og_locale":"ca_ES","og_type":"article","og_title":"Lot \u00cdNDIC - A Mar Es Espectacular","og_description":"El lote de conservas y aperitivos \u00cdNDICO incluye, 3 latas de berberechos 35\/45, 3 latas de sardinas de la Rias Noia (de las Rias Gallegas), 2 latas de sardinillas bajas en sal y aceite de oliva, 3 latas de mejillones en escabeche 8\/12 de las Rias Gallegas, 3 latas de almejas blancas 20\/30, 1 Lata de aceitunas rellenas, 2 Bolsas de Patatas Artesanas con Sal MArina, 1 Bote de Salsa de aperitivo \"A Mar d'Amunt\" y 1 Botella de Vermut \"Vidorra\"","og_url":"https:\/\/amarespectacular.com\/ca\/producte\/lot-indic\/","og_site_name":"A Mar Es Espectacular","article_modified_time":"2025-09-09T18:42:29+00:00","og_image":[{"width":2346,"height":1274,"url":"https:\/\/amarespectacular.com\/wp-content\/uploads\/2025\/09\/06-lote-INDICO-2025.png","type":"image\/png"}],"twitter_card":"summary_large_image","twitter_misc":{"Temps estimat de lectura":"2 minuts"},"schema":{"@context":"https:\/\/schema.org","@graph":[{"@type":"WebPage","@id":"https:\/\/amarespectacular.com\/ca\/producte\/lot-indic\/","url":"https:\/\/amarespectacular.com\/ca\/producte\/lot-indic\/","name":"Lot \u00cdNDIC - A Mar Es Espectacular","isPartOf":{"@id":"https:\/\/amarespectacular.com\/#website"},"primaryImageOfPage":{"@id":"https:\/\/amarespectacular.com\/ca\/producte\/lot-indic\/#primaryimage"},"image":{"@id":"https:\/\/amarespectacular.com\/ca\/producte\/lot-indic\/#primaryimage"},"thumbnailUrl":"https:\/\/amarespectacular.com\/wp-content\/uploads\/2025\/09\/lote-indico-1.png","datePublished":"2025-09-01T10:12:16+00:00","dateModified":"2025-09-09T18:42:29+00:00","description":"El lote de conservas y aperitivos \u00cdNDICO incluye, 3 latas de berberechos 35\/45, 3 latas de sardinas de la Rias Noia (de las Rias Gallegas), 2 latas de sardinillas bajas en sal y aceite de oliva, 3 latas de mejillones en escabeche 8\/12 de las Rias Gallegas, 3 latas de almejas blancas 20\/30, 1 Lata de aceitunas rellenas, 2 Bolsas de Patatas Artesanas con Sal MArina, 1 Bote de Salsa de aperitivo \"A Mar d'Amunt\" y 1 Botella de Vermut \"Vidorra\"","breadcrumb":{"@id":"https:\/\/amarespectacular.com\/ca\/producte\/lot-indic\/#breadcrumb"},"inLanguage":"ca","potentialAction":[{"@type":"ReadAction","target":["https:\/\/amarespectacular.com\/ca\/producte\/lot-indic\/"]}]},{"@type":"ImageObject","inLanguage":"ca","@id":"https:\/\/amarespectacular.com\/ca\/producte\/lot-indic\/#primaryimage","url":"https:\/\/amarespectacular.com\/wp-content\/uploads\/2025\/09\/lote-indico-1.png","contentUrl":"https:\/\/amarespectacular.com\/wp-content\/uploads\/2025\/09\/lote-indico-1.png","width":2251,"height":2251},{"@type":"BreadcrumbList","@id":"https:\/\/amarespectacular.com\/ca\/producte\/lot-indic\/#breadcrumb","itemListElement":[{"@type":"ListItem","position":1,"name":"Portada","item":"https:\/\/amarespectacular.com\/ca\/"},{"@type":"ListItem","position":2,"name":"Productos","item":"https:\/\/amarespectacular.com\/shop\/"},{"@type":"ListItem","position":3,"name":"Lot \u00cdNDIC"}]},{"@type":"WebSite","@id":"https:\/\/amarespectacular.com\/#website","url":"https:\/\/amarespectacular.com\/","name":"A Mar Es Espectacular","description":"","potentialAction":[{"@type":"SearchAction","target":{"@type":"EntryPoint","urlTemplate":"https:\/\/amarespectacular.com\/?s={search_term_string}"},"query-input":{"@type":"PropertyValueSpecification","valueRequired":true,"valueName":"search_term_string"}}],"inLanguage":"ca"}]}},"_links":{"self":[{"href":"https:\/\/amarespectacular.com\/ca\/wp-json\/wp\/v2\/product\/1964","targetHints":{"allow":["GET"]}}],"collection":[{"href":"https:\/\/amarespectacular.com\/ca\/wp-json\/wp\/v2\/product"}],"about":[{"href":"https:\/\/amarespectacular.com\/ca\/wp-json\/wp\/v2\/types\/product"}],"wp:featuredmedia":[{"embeddable":true,"href":"https:\/\/amarespectacular.com\/ca\/wp-json\/wp\/v2\/media\/6148"}],"wp:attachment":[{"href":"https:\/\/amarespectacular.com\/ca\/wp-json\/wp\/v2\/media?parent=1964"}],"wp:term":[{"taxonomy":"product_brand","embeddable":true,"href":"https:\/\/amarespectacular.com\/ca\/wp-json\/wp\/v2\/product_brand?post=1964"},{"taxonomy":"product_cat","embeddable":true,"href":"https:\/\/amarespectacular.com\/ca\/wp-json\/wp\/v2\/product_cat?post=1964"},{"taxonomy":"product_tag","embeddable":true,"href":"https:\/\/amarespectacular.com\/ca\/wp-json\/wp\/v2\/product_tag?post=1964"}],"curies":[{"name":"wp","href":"https:\/\/api.w.org\/{rel}","templated":true}]}}