{"id":2032,"date":"2025-09-01T10:12:15","date_gmt":"2025-09-01T10:12:15","guid":{"rendered":"https:\/\/amarespectacular.com\/product\/lote-pacifico\/"},"modified":"2024-09-25T14:09:53","modified_gmt":"2024-09-25T14:09:53","slug":"lot-pacific","status":"publish","type":"product","link":"https:\/\/amarespectacular.com\/ca\/producte\/lot-pacific\/","title":{"rendered":"Lot PAC\u00cdFIC"},"content":{"rendered":"<p><img loading=\"lazy\" decoding=\"async\" class=\"alignnone wp-image-4678 size-medium\" src=\"https:\/\/amarespectacular.com\/wp-content\/uploads\/2022\/10\/lote_pacifico_amar-sept-2024-ficha-647x400.png\" alt=\"\" width=\"647\" height=\"400\" srcset=\"https:\/\/amarespectacular.com\/wp-content\/uploads\/2022\/10\/lote_pacifico_amar-sept-2024-ficha-647x400.png 647w, https:\/\/amarespectacular.com\/wp-content\/uploads\/2022\/10\/lote_pacifico_amar-sept-2024-ficha-1294x800.png 1294w, https:\/\/amarespectacular.com\/wp-content\/uploads\/2022\/10\/lote_pacifico_amar-sept-2024-ficha-768x475.png 768w, https:\/\/amarespectacular.com\/wp-content\/uploads\/2022\/10\/lote_pacifico_amar-sept-2024-ficha-1536x950.png 1536w, https:\/\/amarespectacular.com\/wp-content\/uploads\/2022\/10\/lote_pacifico_amar-sept-2024-ficha-2048x1266.png 2048w, https:\/\/amarespectacular.com\/wp-content\/uploads\/2022\/10\/lote_pacifico_amar-sept-2024-ficha-500x309.png 500w, https:\/\/amarespectacular.com\/wp-content\/uploads\/2022\/10\/lote_pacifico_amar-sept-2024-ficha-800x495.png 800w, https:\/\/amarespectacular.com\/wp-content\/uploads\/2022\/10\/lote_pacifico_amar-sept-2024-ficha-1280x791.png 1280w, https:\/\/amarespectacular.com\/wp-content\/uploads\/2022\/10\/lote_pacifico_amar-sept-2024-ficha-1920x1187.png 1920w, https:\/\/amarespectacular.com\/wp-content\/uploads\/2022\/10\/lote_pacifico_amar-sept-2024-ficha-1320x816.png 1320w, https:\/\/amarespectacular.com\/wp-content\/uploads\/2022\/10\/lote_pacifico_amar-sept-2024-ficha-399x247.png 399w, https:\/\/amarespectacular.com\/wp-content\/uploads\/2022\/10\/lote_pacifico_amar-sept-2024-ficha-1400x866.png 1400w\" sizes=\"auto, (max-width: 647px) 100vw, 647px\" \/><\/p>\n<p>Sabies que el nom de l&#8217;oce\u00e0 se&#8217;l va posar Fernando de Magallanes? Va ser el primer europeu que va creuar des de l&#8217;Atl\u00e0ntic al Pac\u00edfic i ho va batejar aix\u00ed en honor a la seva tranquil\u00b7litat, encara que, curiosament, t\u00e9 una intensa activitat s\u00edsmica submarina.<br \/>\nInspirant-nos a l&#8217;oce\u00e0 m\u00e9s gran i m\u00e9s profund, hem creat PAC\u00cdFIC, un dels nostres lots de Nadal per regalar. Totes les conserves a punt per gaudir i fer que fins al moment m\u00e9s petit sigui espectacular.<\/p>\n<p><strong>Qu\u00e8 cont\u00e9 el lot PAC\u00cdFIC?<\/strong><\/p>\n<ul>\n<li>1 llauna d&#8217;olives<\/li>\n<li>1 bossa de patates artesanes<\/li>\n<li>1 pot de salsa a Mar d&#8217;Amunt<\/li>\n<li>1 llauna d&#8217;escopinyes 60\/75<\/li>\n<li>1 llauna de sardines de la Rias Noia (de les Rias Gallegas)<\/li>\n<li>1 llauna de musclos en escabetx de les Rias Gallegues<\/li>\n<li>1 llauna de clo\u00efsses blanques<\/li>\n<\/ul>\n<p><strong>A m\u00e9s, recorda que\u2026<\/strong><br \/>\nQuan regales PAC\u00cdFIC, el 10% dels nostres beneficis es destinen a tenir cura dels nostres oceans.<\/p>\n","protected":false},"excerpt":{"rendered":"<p><strong>Contingut del lot Pac\u00edfic<\/strong>: 1 llauna d&#8217;olives, 1 bossa de patates artesanes, 1 pot de salsa a Mar d&#8217;Amunt, 1 llauna d&#8217;escopinyes 45\/55, 1 llauna de sardines de la Rias Noia (de les Rias Gallegas), 1 llauna de musclos en escabetx de les Rias Gallegues, 1 llauna de clo\u00efsses blanques, 1 llauna de sardines baixes en sal i oli d&#8217;oliva.<\/p>\n","protected":false},"featured_media":6142,"template":"","meta":{"_acf_changed":false},"product_brand":[],"product_cat":[127],"product_tag":[],"class_list":{"0":"post-2032","1":"product","2":"type-product","3":"status-publish","4":"has-post-thumbnail","6":"product_cat-lots-i-regals","8":"first","9":"instock","10":"taxable","11":"shipping-taxable","12":"purchasable","13":"product-type-simple"},"acf":[],"yoast_head":"<!-- This site is optimized with the Yoast SEO plugin v27.3 - https:\/\/yoast.com\/product\/yoast-seo-wordpress\/ -->\n<title>Lot PAC\u00cdFIC - A Mar Es Espectacular<\/title>\n<meta name=\"robots\" content=\"index, follow, max-snippet:-1, max-image-preview:large, max-video-preview:-1\" \/>\n<link rel=\"canonical\" href=\"https:\/\/amarespectacular.com\/producte\/lote-pacifico\/\" \/>\n<meta property=\"og:locale\" content=\"ca_ES\" \/>\n<meta property=\"og:type\" content=\"article\" \/>\n<meta property=\"og:title\" content=\"Lot PAC\u00cdFIC - A Mar Es Espectacular\" \/>\n<meta property=\"og:description\" content=\"Contingut del lot Pac\u00edfic: 1 llauna d&#039;olives, 1 bossa de patates artesanes, 1 pot de salsa a Mar d&#039;Amunt, 1 llauna d&#039;escopinyes 45\/55, 1 llauna de sardines de la Rias Noia (de les Rias Gallegas), 1 llauna de musclos en escabetx de les Rias Gallegues, 1 llauna de clo\u00efsses blanques, 1 llauna de sardines baixes en sal i oli d&#039;oliva.\" \/>\n<meta property=\"og:url\" content=\"https:\/\/amarespectacular.com\/producte\/lote-pacifico\/\" \/>\n<meta property=\"og:site_name\" content=\"A Mar Es Espectacular\" \/>\n<meta property=\"og:image\" content=\"https:\/\/amarespectacular.com\/wp-content\/uploads\/2022\/10\/lote_pacifico_amar-sept-2024-800x800.png\" \/>\n\t<meta property=\"og:image:width\" content=\"800\" \/>\n\t<meta property=\"og:image:height\" content=\"800\" \/>\n\t<meta property=\"og:image:type\" content=\"image\/png\" \/>\n<meta name=\"twitter:card\" content=\"summary_large_image\" \/>\n<meta name=\"twitter:label1\" content=\"Temps estimat de lectura\" \/>\n\t<meta name=\"twitter:data1\" content=\"2 minuts\" \/>\n<script type=\"application\/ld+json\" class=\"yoast-schema-graph\">{\"@context\":\"https:\\\/\\\/schema.org\",\"@graph\":[{\"@type\":\"WebPage\",\"@id\":\"https:\\\/\\\/amarespectacular.com\\\/producte\\\/lote-pacifico\\\/\",\"url\":\"https:\\\/\\\/amarespectacular.com\\\/producte\\\/lote-pacifico\\\/\",\"name\":\"Lot PAC\u00cdFIC - A Mar Es Espectacular\",\"isPartOf\":{\"@id\":\"https:\\\/\\\/amarespectacular.com\\\/#website\"},\"primaryImageOfPage\":{\"@id\":\"https:\\\/\\\/amarespectacular.com\\\/producte\\\/lote-pacifico\\\/#primaryimage\"},\"image\":{\"@id\":\"https:\\\/\\\/amarespectacular.com\\\/producte\\\/lote-pacifico\\\/#primaryimage\"},\"thumbnailUrl\":\"https:\\\/\\\/amarespectacular.com\\\/wp-content\\\/uploads\\\/2025\\\/09\\\/lote-pacifico-2.png\",\"datePublished\":\"2025-09-01T10:12:15+00:00\",\"breadcrumb\":{\"@id\":\"https:\\\/\\\/amarespectacular.com\\\/producte\\\/lote-pacifico\\\/#breadcrumb\"},\"inLanguage\":\"ca\",\"potentialAction\":[{\"@type\":\"ReadAction\",\"target\":[\"https:\\\/\\\/amarespectacular.com\\\/producte\\\/lote-pacifico\\\/\"]}]},{\"@type\":\"ImageObject\",\"inLanguage\":\"ca\",\"@id\":\"https:\\\/\\\/amarespectacular.com\\\/producte\\\/lote-pacifico\\\/#primaryimage\",\"url\":\"https:\\\/\\\/amarespectacular.com\\\/wp-content\\\/uploads\\\/2025\\\/09\\\/lote-pacifico-2.png\",\"contentUrl\":\"https:\\\/\\\/amarespectacular.com\\\/wp-content\\\/uploads\\\/2025\\\/09\\\/lote-pacifico-2.png\",\"width\":2251,\"height\":2251},{\"@type\":\"BreadcrumbList\",\"@id\":\"https:\\\/\\\/amarespectacular.com\\\/producte\\\/lote-pacifico\\\/#breadcrumb\",\"itemListElement\":[{\"@type\":\"ListItem\",\"position\":1,\"name\":\"Portada\",\"item\":\"https:\\\/\\\/amarespectacular.com\\\/ca\\\/\"},{\"@type\":\"ListItem\",\"position\":2,\"name\":\"Productos\",\"item\":\"https:\\\/\\\/amarespectacular.com\\\/shop\\\/\"},{\"@type\":\"ListItem\",\"position\":3,\"name\":\"Lot PAC\u00cdFIC\"}]},{\"@type\":\"WebSite\",\"@id\":\"https:\\\/\\\/amarespectacular.com\\\/#website\",\"url\":\"https:\\\/\\\/amarespectacular.com\\\/\",\"name\":\"A Mar Es Espectacular\",\"description\":\"\",\"potentialAction\":[{\"@type\":\"SearchAction\",\"target\":{\"@type\":\"EntryPoint\",\"urlTemplate\":\"https:\\\/\\\/amarespectacular.com\\\/?s={search_term_string}\"},\"query-input\":{\"@type\":\"PropertyValueSpecification\",\"valueRequired\":true,\"valueName\":\"search_term_string\"}}],\"inLanguage\":\"ca\"}]}<\/script>\n<!-- \/ Yoast SEO plugin. -->","yoast_head_json":{"title":"Lot PAC\u00cdFIC - A Mar Es Espectacular","robots":{"index":"index","follow":"follow","max-snippet":"max-snippet:-1","max-image-preview":"max-image-preview:large","max-video-preview":"max-video-preview:-1"},"canonical":"https:\/\/amarespectacular.com\/producte\/lote-pacifico\/","og_locale":"ca_ES","og_type":"article","og_title":"Lot PAC\u00cdFIC - A Mar Es Espectacular","og_description":"Contingut del lot Pac\u00edfic: 1 llauna d'olives, 1 bossa de patates artesanes, 1 pot de salsa a Mar d'Amunt, 1 llauna d'escopinyes 45\/55, 1 llauna de sardines de la Rias Noia (de les Rias Gallegas), 1 llauna de musclos en escabetx de les Rias Gallegues, 1 llauna de clo\u00efsses blanques, 1 llauna de sardines baixes en sal i oli d'oliva.","og_url":"https:\/\/amarespectacular.com\/producte\/lote-pacifico\/","og_site_name":"A Mar Es Espectacular","og_image":[{"width":800,"height":800,"url":"https:\/\/amarespectacular.com\/wp-content\/uploads\/2022\/10\/lote_pacifico_amar-sept-2024-800x800.png","type":"image\/png"}],"twitter_card":"summary_large_image","twitter_misc":{"Temps estimat de lectura":"2 minuts"},"schema":{"@context":"https:\/\/schema.org","@graph":[{"@type":"WebPage","@id":"https:\/\/amarespectacular.com\/producte\/lote-pacifico\/","url":"https:\/\/amarespectacular.com\/producte\/lote-pacifico\/","name":"Lot PAC\u00cdFIC - A Mar Es Espectacular","isPartOf":{"@id":"https:\/\/amarespectacular.com\/#website"},"primaryImageOfPage":{"@id":"https:\/\/amarespectacular.com\/producte\/lote-pacifico\/#primaryimage"},"image":{"@id":"https:\/\/amarespectacular.com\/producte\/lote-pacifico\/#primaryimage"},"thumbnailUrl":"https:\/\/amarespectacular.com\/wp-content\/uploads\/2025\/09\/lote-pacifico-2.png","datePublished":"2025-09-01T10:12:15+00:00","breadcrumb":{"@id":"https:\/\/amarespectacular.com\/producte\/lote-pacifico\/#breadcrumb"},"inLanguage":"ca","potentialAction":[{"@type":"ReadAction","target":["https:\/\/amarespectacular.com\/producte\/lote-pacifico\/"]}]},{"@type":"ImageObject","inLanguage":"ca","@id":"https:\/\/amarespectacular.com\/producte\/lote-pacifico\/#primaryimage","url":"https:\/\/amarespectacular.com\/wp-content\/uploads\/2025\/09\/lote-pacifico-2.png","contentUrl":"https:\/\/amarespectacular.com\/wp-content\/uploads\/2025\/09\/lote-pacifico-2.png","width":2251,"height":2251},{"@type":"BreadcrumbList","@id":"https:\/\/amarespectacular.com\/producte\/lote-pacifico\/#breadcrumb","itemListElement":[{"@type":"ListItem","position":1,"name":"Portada","item":"https:\/\/amarespectacular.com\/ca\/"},{"@type":"ListItem","position":2,"name":"Productos","item":"https:\/\/amarespectacular.com\/shop\/"},{"@type":"ListItem","position":3,"name":"Lot PAC\u00cdFIC"}]},{"@type":"WebSite","@id":"https:\/\/amarespectacular.com\/#website","url":"https:\/\/amarespectacular.com\/","name":"A Mar Es Espectacular","description":"","potentialAction":[{"@type":"SearchAction","target":{"@type":"EntryPoint","urlTemplate":"https:\/\/amarespectacular.com\/?s={search_term_string}"},"query-input":{"@type":"PropertyValueSpecification","valueRequired":true,"valueName":"search_term_string"}}],"inLanguage":"ca"}]}},"_links":{"self":[{"href":"https:\/\/amarespectacular.com\/ca\/wp-json\/wp\/v2\/product\/2032","targetHints":{"allow":["GET"]}}],"collection":[{"href":"https:\/\/amarespectacular.com\/ca\/wp-json\/wp\/v2\/product"}],"about":[{"href":"https:\/\/amarespectacular.com\/ca\/wp-json\/wp\/v2\/types\/product"}],"wp:featuredmedia":[{"embeddable":true,"href":"https:\/\/amarespectacular.com\/ca\/wp-json\/wp\/v2\/media\/6142"}],"wp:attachment":[{"href":"https:\/\/amarespectacular.com\/ca\/wp-json\/wp\/v2\/media?parent=2032"}],"wp:term":[{"taxonomy":"product_brand","embeddable":true,"href":"https:\/\/amarespectacular.com\/ca\/wp-json\/wp\/v2\/product_brand?post=2032"},{"taxonomy":"product_cat","embeddable":true,"href":"https:\/\/amarespectacular.com\/ca\/wp-json\/wp\/v2\/product_cat?post=2032"},{"taxonomy":"product_tag","embeddable":true,"href":"https:\/\/amarespectacular.com\/ca\/wp-json\/wp\/v2\/product_tag?post=2032"}],"curies":[{"name":"wp","href":"https:\/\/api.w.org\/{rel}","templated":true}]}}