{"id":2035,"date":"2025-09-01T10:12:15","date_gmt":"2025-09-01T10:12:15","guid":{"rendered":"https:\/\/amarespectacular.com\/product\/lote-atlantico\/"},"modified":"2025-09-09T18:25:09","modified_gmt":"2025-09-09T18:25:09","slug":"lot-atlantic","status":"publish","type":"product","link":"https:\/\/amarespectacular.com\/ca\/producte\/lot-atlantic\/","title":{"rendered":"Lot ATL\u00c0NTIC"},"content":{"rendered":"<p><strong>Qu\u00e8 cont\u00e9 el lot ATL\u00c0NTIC?<\/strong><\/p>\n<ul>\n<li>2 bosses de Patates Artesanes amb Sal Marina<\/li>\n<li>1 llauna de Berberechos 35\/45<\/li>\n<li>1 llauna de Clo\u00efssa Jap\u00f3nica la Natural<\/li>\n<li>1 llauna de Sardines Mill\u00e9sim\u00e9es a Oli d&#8217;Oliva<\/li>\n<li>1 Pot d&#8217;olives &#8220;Gordal&#8221; (Marinades amb Salsa A Mar d&#8217;Amunt)<\/li>\n<li>2 ampolles de cervesa Pale Ale &#8220;Es Vedr\u00e0&#8221;<\/li>\n<li>1 Salsa A Mar d&#8217;Amunt (Inclou dosificador)<\/li>\n<li>1 llauna de Navalles al Natural<\/li>\n<li>1 llauna de Ventresca de Tonyina Clara en Oli d&#8217;Oliva<\/li>\n<li>1 safata<\/li>\n<\/ul>\n<p><strong>A m\u00e9s, recorda que\u2026<\/strong><br \/>\nQuan regales ATL\u00c0NTIC, el 10% dels nostres beneficis es destinen a cuidar els nostres oceans.<\/p>\n<p>Conegut com l&#8217;oce\u00e0 Et\u00edop o Gran Oce\u00e0 Occidental, van ser els grecs els qui li van posar el nom d&#8217;Atl\u00e0ntic, en honor a Atles, un tit\u00e0 que carregava el m\u00f3n a les espatlles. L&#8217;Atl\u00e0ntic \u00e9s el segon m\u00e9s gran dels oceans i en les seves profunditats hi guarda molts misteris. Per exemple, realment va existir l&#8217;Atl\u00e0ntida?<\/p>\n<p>Misteris a part, volem que segueixis sumant hist\u00f2ries amb les teves persones preferides i al voltant de la taula \u00e9s un bon lloc per viure-les. Amb el lot Atl\u00e0ntic tens l&#8217;excusa perfecta per asseure&#8217;t amb ells i gaudir del sabor del mar.<\/p>\n","protected":false},"excerpt":{"rendered":"<p><strong>Contingut del lot Atl\u00e0ntic<\/strong>: 2 bosses de Patates Artesanes amb Sal Marina, 1 llauna de Berberechos 35\/45<br \/>\n1 llauna de Clo\u00efssa Jap\u00f3nica la Natural, 1 llauna de Sardines Mill\u00e9sim\u00e9es a Oli d&#8217;Oliva, 1 Pot d&#8217;olives &#8220;Gordal&#8221; (Marinades amb Salsa A Mar d&#8217;Amunt), 2 ampolles de cervesa Pale Ale &#8220;Es Vedr\u00e0&#8221;, 1 Salsa A Mar d&#8217;Amunt (Inclou dosificador), 1 llauna de Navalles al Natural, 1 llauna de Ventresca de Tonyina Clara en Oli d&#8217;Oliva, 1 safata<\/p>\n","protected":false},"featured_media":6145,"template":"","meta":{"_acf_changed":false},"product_brand":[],"product_cat":[127],"product_tag":[],"class_list":{"0":"post-2035","1":"product","2":"type-product","3":"status-publish","4":"has-post-thumbnail","6":"product_cat-lots-i-regals","8":"first","9":"instock","10":"taxable","11":"shipping-taxable","12":"purchasable","13":"product-type-simple"},"acf":[],"yoast_head":"<!-- This site is optimized with the Yoast SEO plugin v27.3 - https:\/\/yoast.com\/product\/yoast-seo-wordpress\/ -->\n<title>Lot ATL\u00c0NTIC - A Mar Es Espectacular<\/title>\n<meta name=\"description\" content=\"El lot Atl\u00e0ntic \u00e9s Espectacular amb 1 llauna d&#039;olives, 2 bosses de patates, 1 pot de Salsa A Mar d&#039;Amunt, 1 llauna de sardines i una altra de sardines, 2 d&#039;escopinyes, 2 de musclos i 2 de clo\u00efsses\" \/>\n<meta name=\"robots\" content=\"index, follow, max-snippet:-1, max-image-preview:large, max-video-preview:-1\" \/>\n<link rel=\"canonical\" href=\"https:\/\/amarespectacular.com\/ca\/producte\/lot-atlantic\/\" \/>\n<meta property=\"og:locale\" content=\"ca_ES\" \/>\n<meta property=\"og:type\" content=\"article\" \/>\n<meta property=\"og:title\" content=\"Lot ATL\u00c0NTIC - A Mar Es Espectacular\" \/>\n<meta property=\"og:description\" content=\"El lot Atl\u00e0ntic \u00e9s Espectacular amb 1 llauna d&#039;olives, 2 bosses de patates, 1 pot de Salsa A Mar d&#039;Amunt, 1 llauna de sardines i una altra de sardines, 2 d&#039;escopinyes, 2 de musclos i 2 de clo\u00efsses\" \/>\n<meta property=\"og:url\" content=\"https:\/\/amarespectacular.com\/ca\/producte\/lot-atlantic\/\" \/>\n<meta property=\"og:site_name\" content=\"A Mar Es Espectacular\" \/>\n<meta property=\"article:modified_time\" content=\"2025-09-09T18:25:09+00:00\" \/>\n<meta property=\"og:image\" content=\"https:\/\/amarespectacular.com\/wp-content\/uploads\/2025\/09\/05-lote-ATLANTICO-2025.png\" \/>\n\t<meta property=\"og:image:width\" content=\"2386\" \/>\n\t<meta property=\"og:image:height\" content=\"1491\" \/>\n\t<meta property=\"og:image:type\" content=\"image\/png\" \/>\n<meta name=\"twitter:card\" content=\"summary_large_image\" \/>\n<meta name=\"twitter:label1\" content=\"Temps estimat de lectura\" \/>\n\t<meta name=\"twitter:data1\" content=\"2 minuts\" \/>\n<script type=\"application\/ld+json\" class=\"yoast-schema-graph\">{\"@context\":\"https:\\\/\\\/schema.org\",\"@graph\":[{\"@type\":\"WebPage\",\"@id\":\"https:\\\/\\\/amarespectacular.com\\\/ca\\\/producte\\\/lot-atlantic\\\/\",\"url\":\"https:\\\/\\\/amarespectacular.com\\\/ca\\\/producte\\\/lot-atlantic\\\/\",\"name\":\"Lot ATL\u00c0NTIC - A Mar Es Espectacular\",\"isPartOf\":{\"@id\":\"https:\\\/\\\/amarespectacular.com\\\/#website\"},\"primaryImageOfPage\":{\"@id\":\"https:\\\/\\\/amarespectacular.com\\\/ca\\\/producte\\\/lot-atlantic\\\/#primaryimage\"},\"image\":{\"@id\":\"https:\\\/\\\/amarespectacular.com\\\/ca\\\/producte\\\/lot-atlantic\\\/#primaryimage\"},\"thumbnailUrl\":\"https:\\\/\\\/amarespectacular.com\\\/wp-content\\\/uploads\\\/2025\\\/09\\\/lote-atlantico-1.png\",\"datePublished\":\"2025-09-01T10:12:15+00:00\",\"dateModified\":\"2025-09-09T18:25:09+00:00\",\"description\":\"El lot Atl\u00e0ntic \u00e9s Espectacular amb 1 llauna d'olives, 2 bosses de patates, 1 pot de Salsa A Mar d'Amunt, 1 llauna de sardines i una altra de sardines, 2 d'escopinyes, 2 de musclos i 2 de clo\u00efsses\",\"breadcrumb\":{\"@id\":\"https:\\\/\\\/amarespectacular.com\\\/ca\\\/producte\\\/lot-atlantic\\\/#breadcrumb\"},\"inLanguage\":\"ca\",\"potentialAction\":[{\"@type\":\"ReadAction\",\"target\":[\"https:\\\/\\\/amarespectacular.com\\\/ca\\\/producte\\\/lot-atlantic\\\/\"]}]},{\"@type\":\"ImageObject\",\"inLanguage\":\"ca\",\"@id\":\"https:\\\/\\\/amarespectacular.com\\\/ca\\\/producte\\\/lot-atlantic\\\/#primaryimage\",\"url\":\"https:\\\/\\\/amarespectacular.com\\\/wp-content\\\/uploads\\\/2025\\\/09\\\/lote-atlantico-1.png\",\"contentUrl\":\"https:\\\/\\\/amarespectacular.com\\\/wp-content\\\/uploads\\\/2025\\\/09\\\/lote-atlantico-1.png\",\"width\":2251,\"height\":2251},{\"@type\":\"BreadcrumbList\",\"@id\":\"https:\\\/\\\/amarespectacular.com\\\/ca\\\/producte\\\/lot-atlantic\\\/#breadcrumb\",\"itemListElement\":[{\"@type\":\"ListItem\",\"position\":1,\"name\":\"Portada\",\"item\":\"https:\\\/\\\/amarespectacular.com\\\/ca\\\/\"},{\"@type\":\"ListItem\",\"position\":2,\"name\":\"Productos\",\"item\":\"https:\\\/\\\/amarespectacular.com\\\/shop\\\/\"},{\"@type\":\"ListItem\",\"position\":3,\"name\":\"Lot ATL\u00c0NTIC\"}]},{\"@type\":\"WebSite\",\"@id\":\"https:\\\/\\\/amarespectacular.com\\\/#website\",\"url\":\"https:\\\/\\\/amarespectacular.com\\\/\",\"name\":\"A Mar Es Espectacular\",\"description\":\"\",\"potentialAction\":[{\"@type\":\"SearchAction\",\"target\":{\"@type\":\"EntryPoint\",\"urlTemplate\":\"https:\\\/\\\/amarespectacular.com\\\/?s={search_term_string}\"},\"query-input\":{\"@type\":\"PropertyValueSpecification\",\"valueRequired\":true,\"valueName\":\"search_term_string\"}}],\"inLanguage\":\"ca\"}]}<\/script>\n<!-- \/ Yoast SEO plugin. -->","yoast_head_json":{"title":"Lot ATL\u00c0NTIC - A Mar Es Espectacular","description":"El lot Atl\u00e0ntic \u00e9s Espectacular amb 1 llauna d'olives, 2 bosses de patates, 1 pot de Salsa A Mar d'Amunt, 1 llauna de sardines i una altra de sardines, 2 d'escopinyes, 2 de musclos i 2 de clo\u00efsses","robots":{"index":"index","follow":"follow","max-snippet":"max-snippet:-1","max-image-preview":"max-image-preview:large","max-video-preview":"max-video-preview:-1"},"canonical":"https:\/\/amarespectacular.com\/ca\/producte\/lot-atlantic\/","og_locale":"ca_ES","og_type":"article","og_title":"Lot ATL\u00c0NTIC - A Mar Es Espectacular","og_description":"El lot Atl\u00e0ntic \u00e9s Espectacular amb 1 llauna d'olives, 2 bosses de patates, 1 pot de Salsa A Mar d'Amunt, 1 llauna de sardines i una altra de sardines, 2 d'escopinyes, 2 de musclos i 2 de clo\u00efsses","og_url":"https:\/\/amarespectacular.com\/ca\/producte\/lot-atlantic\/","og_site_name":"A Mar Es Espectacular","article_modified_time":"2025-09-09T18:25:09+00:00","og_image":[{"width":2386,"height":1491,"url":"https:\/\/amarespectacular.com\/wp-content\/uploads\/2025\/09\/05-lote-ATLANTICO-2025.png","type":"image\/png"}],"twitter_card":"summary_large_image","twitter_misc":{"Temps estimat de lectura":"2 minuts"},"schema":{"@context":"https:\/\/schema.org","@graph":[{"@type":"WebPage","@id":"https:\/\/amarespectacular.com\/ca\/producte\/lot-atlantic\/","url":"https:\/\/amarespectacular.com\/ca\/producte\/lot-atlantic\/","name":"Lot ATL\u00c0NTIC - A Mar Es Espectacular","isPartOf":{"@id":"https:\/\/amarespectacular.com\/#website"},"primaryImageOfPage":{"@id":"https:\/\/amarespectacular.com\/ca\/producte\/lot-atlantic\/#primaryimage"},"image":{"@id":"https:\/\/amarespectacular.com\/ca\/producte\/lot-atlantic\/#primaryimage"},"thumbnailUrl":"https:\/\/amarespectacular.com\/wp-content\/uploads\/2025\/09\/lote-atlantico-1.png","datePublished":"2025-09-01T10:12:15+00:00","dateModified":"2025-09-09T18:25:09+00:00","description":"El lot Atl\u00e0ntic \u00e9s Espectacular amb 1 llauna d'olives, 2 bosses de patates, 1 pot de Salsa A Mar d'Amunt, 1 llauna de sardines i una altra de sardines, 2 d'escopinyes, 2 de musclos i 2 de clo\u00efsses","breadcrumb":{"@id":"https:\/\/amarespectacular.com\/ca\/producte\/lot-atlantic\/#breadcrumb"},"inLanguage":"ca","potentialAction":[{"@type":"ReadAction","target":["https:\/\/amarespectacular.com\/ca\/producte\/lot-atlantic\/"]}]},{"@type":"ImageObject","inLanguage":"ca","@id":"https:\/\/amarespectacular.com\/ca\/producte\/lot-atlantic\/#primaryimage","url":"https:\/\/amarespectacular.com\/wp-content\/uploads\/2025\/09\/lote-atlantico-1.png","contentUrl":"https:\/\/amarespectacular.com\/wp-content\/uploads\/2025\/09\/lote-atlantico-1.png","width":2251,"height":2251},{"@type":"BreadcrumbList","@id":"https:\/\/amarespectacular.com\/ca\/producte\/lot-atlantic\/#breadcrumb","itemListElement":[{"@type":"ListItem","position":1,"name":"Portada","item":"https:\/\/amarespectacular.com\/ca\/"},{"@type":"ListItem","position":2,"name":"Productos","item":"https:\/\/amarespectacular.com\/shop\/"},{"@type":"ListItem","position":3,"name":"Lot ATL\u00c0NTIC"}]},{"@type":"WebSite","@id":"https:\/\/amarespectacular.com\/#website","url":"https:\/\/amarespectacular.com\/","name":"A Mar Es Espectacular","description":"","potentialAction":[{"@type":"SearchAction","target":{"@type":"EntryPoint","urlTemplate":"https:\/\/amarespectacular.com\/?s={search_term_string}"},"query-input":{"@type":"PropertyValueSpecification","valueRequired":true,"valueName":"search_term_string"}}],"inLanguage":"ca"}]}},"_links":{"self":[{"href":"https:\/\/amarespectacular.com\/ca\/wp-json\/wp\/v2\/product\/2035","targetHints":{"allow":["GET"]}}],"collection":[{"href":"https:\/\/amarespectacular.com\/ca\/wp-json\/wp\/v2\/product"}],"about":[{"href":"https:\/\/amarespectacular.com\/ca\/wp-json\/wp\/v2\/types\/product"}],"wp:featuredmedia":[{"embeddable":true,"href":"https:\/\/amarespectacular.com\/ca\/wp-json\/wp\/v2\/media\/6145"}],"wp:attachment":[{"href":"https:\/\/amarespectacular.com\/ca\/wp-json\/wp\/v2\/media?parent=2035"}],"wp:term":[{"taxonomy":"product_brand","embeddable":true,"href":"https:\/\/amarespectacular.com\/ca\/wp-json\/wp\/v2\/product_brand?post=2035"},{"taxonomy":"product_cat","embeddable":true,"href":"https:\/\/amarespectacular.com\/ca\/wp-json\/wp\/v2\/product_cat?post=2035"},{"taxonomy":"product_tag","embeddable":true,"href":"https:\/\/amarespectacular.com\/ca\/wp-json\/wp\/v2\/product_tag?post=2035"}],"curies":[{"name":"wp","href":"https:\/\/api.w.org\/{rel}","templated":true}]}}