{"id":2037,"date":"2025-09-01T10:12:16","date_gmt":"2025-09-01T10:12:16","guid":{"rendered":"https:\/\/amarespectacular.com\/product\/lote-artico\/"},"modified":"2024-09-25T14:09:57","modified_gmt":"2024-09-25T14:09:57","slug":"lot-artic","status":"publish","type":"product","link":"https:\/\/amarespectacular.com\/ca\/producte\/lot-artic\/","title":{"rendered":"Lot \u00c0RTIC"},"content":{"rendered":"<p><img loading=\"lazy\" decoding=\"async\" class=\"alignnone size-thumbnail wp-image-4568\" src=\"https:\/\/amarespectacular.com\/wp-content\/uploads\/2022\/10\/lote-ARTICO-399x399.png\" alt=\"\" width=\"399\" height=\"399\" srcset=\"https:\/\/amarespectacular.com\/wp-content\/uploads\/2022\/10\/lote-ARTICO-399x399.png 399w, https:\/\/amarespectacular.com\/wp-content\/uploads\/2022\/10\/lote-ARTICO-400x400.png 400w, https:\/\/amarespectacular.com\/wp-content\/uploads\/2022\/10\/lote-ARTICO-800x800.png 800w, https:\/\/amarespectacular.com\/wp-content\/uploads\/2022\/10\/lote-ARTICO-768x768.png 768w, https:\/\/amarespectacular.com\/wp-content\/uploads\/2022\/10\/lote-ARTICO-500x500.png 500w, https:\/\/amarespectacular.com\/wp-content\/uploads\/2022\/10\/lote-ARTICO-100x100.png 100w, https:\/\/amarespectacular.com\/wp-content\/uploads\/2022\/10\/lote-ARTICO.png 1080w\" sizes=\"auto, (max-width: 399px) 100vw, 399px\" \/><\/p>\n<p>Envoltant el Pol Nord, es troba l&#8217;\u00c0rtic, el nom del qual ve de la paraula grega \u201c*arktikos\u201d, que significa prop de l&#8217;os i que fa refer\u00e8ncia a la constel\u00b7laci\u00f3 de l&#8217;Ossa major. \u00c9s l&#8217;oce\u00e0 m\u00e9s petit per\u00f2 vital per a la resta del planeta. Encara que sembli que est\u00e0 molt lluny\u00e0, el que ocorre aqu\u00ed t\u00e9 repercussi\u00f3 en la nostra vida: l&#8217;oce\u00e0 t\u00e9 un paper crucial en la regulaci\u00f3 clim\u00e0tica del planeta.<br \/>\nCuidar els nostres oceans ens fa espectaculars i cuidar als nostres sers estimats, tamb\u00e9. Si tu tamb\u00e9 penses el mateix, el lot \u00c0rtic \u00e9s el millor regal que pots fer a aquestes persones especials.<\/p>\n<p><strong>Qu\u00e8 vaig comptar el lot \u00c0RTIC?<\/strong><\/p>\n<ul>\n<li>1 llauna de Musclo de Xile<\/li>\n<li>1 bossa de Patates Artesanes amb Sal MARINA<\/li>\n<li>1 ampolla de cervesa Pale Ale &#8220;Es Vedr\u00e0&#8221;<\/li>\n<li>1 llauna d&#8217;escopinyes 60\/75<\/li>\n<li>1 llauna de Clo\u00efsses Blanques al Natural<\/li>\n<li>1 pot de Salsa A Mar d&#8217;Amunt 35 g<\/li>\n<\/ul>\n<p><strong>A m\u00e9s, recorda que\u2026<\/strong><br \/>\nQuan regalis \u00c0RTIC, el 10% dels nostres beneficis \u00e9s destinin a la cust\u00f2dia marina<\/p>\n","protected":false},"excerpt":{"rendered":"<p>Lot d&#8217;Aperitiu \u00c0RTIC que inclou 1 Llauna de Musclos en escabehe de les Ries Gallegues, 1 Llauna de Berberechos 35\/45 de les Ries Gallegues, 1 Llauna de Clo\u00efsses Blanques 20\/30, 1 Pot de Salsa A Mar d&#8217;Amunt 35 g i 1 Bossa de Patates Artesans amb Sal Marina<\/p>\n","protected":false},"featured_media":6139,"template":"","meta":{"_acf_changed":false},"product_brand":[],"product_cat":[127],"product_tag":[],"class_list":{"0":"post-2037","1":"product","2":"type-product","3":"status-publish","4":"has-post-thumbnail","6":"product_cat-lots-i-regals","8":"first","9":"instock","10":"taxable","11":"shipping-taxable","12":"purchasable","13":"product-type-simple"},"acf":[],"yoast_head":"<!-- This site is optimized with the Yoast SEO plugin v27.3 - https:\/\/yoast.com\/product\/yoast-seo-wordpress\/ -->\n<title>Lot \u00c0RTIC - A Mar Es Espectacular<\/title>\n<meta name=\"description\" content=\"Lot d&#039;Aperitiu \u00c0RTIC que inclou 1 Llauna de Musclos en escabehe de les Ries Gallegues, 1 Llauna de Berberechos 35\/45 de les Ries Gallegues, 1 Llauna de Clo\u00efsses Blanques 20\/30, 1 Pot de Salsa A Mar d&#039;Amunt 35 g i 1 Bossa de Patates Artesans amb Sal Marina\" \/>\n<meta name=\"robots\" content=\"index, follow, max-snippet:-1, max-image-preview:large, max-video-preview:-1\" \/>\n<link rel=\"canonical\" href=\"https:\/\/amarespectacular.com\/producte\/lote-artico\/\" \/>\n<meta property=\"og:locale\" content=\"ca_ES\" \/>\n<meta property=\"og:type\" content=\"article\" \/>\n<meta property=\"og:title\" content=\"Lot \u00c0RTIC - A Mar Es Espectacular\" \/>\n<meta property=\"og:description\" content=\"Lot d&#039;Aperitiu \u00c0RTIC que inclou 1 Llauna de Musclos en escabehe de les Ries Gallegues, 1 Llauna de Berberechos 35\/45 de les Ries Gallegues, 1 Llauna de Clo\u00efsses Blanques 20\/30, 1 Pot de Salsa A Mar d&#039;Amunt 35 g i 1 Bossa de Patates Artesans amb Sal Marina\" \/>\n<meta property=\"og:url\" content=\"https:\/\/amarespectacular.com\/producte\/lote-artico\/\" \/>\n<meta property=\"og:site_name\" content=\"A Mar Es Espectacular\" \/>\n<meta property=\"og:image\" content=\"https:\/\/amarespectacular.com\/wp-content\/uploads\/2022\/10\/lote_artico_amar-sept-2024-800x800.png\" \/>\n\t<meta property=\"og:image:width\" content=\"800\" \/>\n\t<meta property=\"og:image:height\" content=\"800\" \/>\n\t<meta property=\"og:image:type\" content=\"image\/png\" \/>\n<meta name=\"twitter:card\" content=\"summary_large_image\" \/>\n<meta name=\"twitter:label1\" content=\"Temps estimat de lectura\" \/>\n\t<meta name=\"twitter:data1\" content=\"2 minuts\" \/>\n<script type=\"application\/ld+json\" class=\"yoast-schema-graph\">{\"@context\":\"https:\\\/\\\/schema.org\",\"@graph\":[{\"@type\":\"WebPage\",\"@id\":\"https:\\\/\\\/amarespectacular.com\\\/producte\\\/lote-artico\\\/\",\"url\":\"https:\\\/\\\/amarespectacular.com\\\/producte\\\/lote-artico\\\/\",\"name\":\"Lot \u00c0RTIC - A Mar Es Espectacular\",\"isPartOf\":{\"@id\":\"https:\\\/\\\/amarespectacular.com\\\/#website\"},\"primaryImageOfPage\":{\"@id\":\"https:\\\/\\\/amarespectacular.com\\\/producte\\\/lote-artico\\\/#primaryimage\"},\"image\":{\"@id\":\"https:\\\/\\\/amarespectacular.com\\\/producte\\\/lote-artico\\\/#primaryimage\"},\"thumbnailUrl\":\"https:\\\/\\\/amarespectacular.com\\\/wp-content\\\/uploads\\\/2025\\\/09\\\/lote-artico-2.png\",\"datePublished\":\"2025-09-01T10:12:16+00:00\",\"description\":\"Lot d'Aperitiu \u00c0RTIC que inclou 1 Llauna de Musclos en escabehe de les Ries Gallegues, 1 Llauna de Berberechos 35\\\/45 de les Ries Gallegues, 1 Llauna de Clo\u00efsses Blanques 20\\\/30, 1 Pot de Salsa A Mar d'Amunt 35 g i 1 Bossa de Patates Artesans amb Sal Marina\",\"breadcrumb\":{\"@id\":\"https:\\\/\\\/amarespectacular.com\\\/producte\\\/lote-artico\\\/#breadcrumb\"},\"inLanguage\":\"ca\",\"potentialAction\":[{\"@type\":\"ReadAction\",\"target\":[\"https:\\\/\\\/amarespectacular.com\\\/producte\\\/lote-artico\\\/\"]}]},{\"@type\":\"ImageObject\",\"inLanguage\":\"ca\",\"@id\":\"https:\\\/\\\/amarespectacular.com\\\/producte\\\/lote-artico\\\/#primaryimage\",\"url\":\"https:\\\/\\\/amarespectacular.com\\\/wp-content\\\/uploads\\\/2025\\\/09\\\/lote-artico-2.png\",\"contentUrl\":\"https:\\\/\\\/amarespectacular.com\\\/wp-content\\\/uploads\\\/2025\\\/09\\\/lote-artico-2.png\",\"width\":1081,\"height\":1081},{\"@type\":\"BreadcrumbList\",\"@id\":\"https:\\\/\\\/amarespectacular.com\\\/producte\\\/lote-artico\\\/#breadcrumb\",\"itemListElement\":[{\"@type\":\"ListItem\",\"position\":1,\"name\":\"Portada\",\"item\":\"https:\\\/\\\/amarespectacular.com\\\/ca\\\/\"},{\"@type\":\"ListItem\",\"position\":2,\"name\":\"Productos\",\"item\":\"https:\\\/\\\/amarespectacular.com\\\/shop\\\/\"},{\"@type\":\"ListItem\",\"position\":3,\"name\":\"Lot \u00c0RTIC\"}]},{\"@type\":\"WebSite\",\"@id\":\"https:\\\/\\\/amarespectacular.com\\\/#website\",\"url\":\"https:\\\/\\\/amarespectacular.com\\\/\",\"name\":\"A Mar Es Espectacular\",\"description\":\"\",\"potentialAction\":[{\"@type\":\"SearchAction\",\"target\":{\"@type\":\"EntryPoint\",\"urlTemplate\":\"https:\\\/\\\/amarespectacular.com\\\/?s={search_term_string}\"},\"query-input\":{\"@type\":\"PropertyValueSpecification\",\"valueRequired\":true,\"valueName\":\"search_term_string\"}}],\"inLanguage\":\"ca\"}]}<\/script>\n<!-- \/ Yoast SEO plugin. -->","yoast_head_json":{"title":"Lot \u00c0RTIC - A Mar Es Espectacular","description":"Lot d'Aperitiu \u00c0RTIC que inclou 1 Llauna de Musclos en escabehe de les Ries Gallegues, 1 Llauna de Berberechos 35\/45 de les Ries Gallegues, 1 Llauna de Clo\u00efsses Blanques 20\/30, 1 Pot de Salsa A Mar d'Amunt 35 g i 1 Bossa de Patates Artesans amb Sal Marina","robots":{"index":"index","follow":"follow","max-snippet":"max-snippet:-1","max-image-preview":"max-image-preview:large","max-video-preview":"max-video-preview:-1"},"canonical":"https:\/\/amarespectacular.com\/producte\/lote-artico\/","og_locale":"ca_ES","og_type":"article","og_title":"Lot \u00c0RTIC - A Mar Es Espectacular","og_description":"Lot d'Aperitiu \u00c0RTIC que inclou 1 Llauna de Musclos en escabehe de les Ries Gallegues, 1 Llauna de Berberechos 35\/45 de les Ries Gallegues, 1 Llauna de Clo\u00efsses Blanques 20\/30, 1 Pot de Salsa A Mar d'Amunt 35 g i 1 Bossa de Patates Artesans amb Sal Marina","og_url":"https:\/\/amarespectacular.com\/producte\/lote-artico\/","og_site_name":"A Mar Es Espectacular","og_image":[{"width":800,"height":800,"url":"https:\/\/amarespectacular.com\/wp-content\/uploads\/2022\/10\/lote_artico_amar-sept-2024-800x800.png","type":"image\/png"}],"twitter_card":"summary_large_image","twitter_misc":{"Temps estimat de lectura":"2 minuts"},"schema":{"@context":"https:\/\/schema.org","@graph":[{"@type":"WebPage","@id":"https:\/\/amarespectacular.com\/producte\/lote-artico\/","url":"https:\/\/amarespectacular.com\/producte\/lote-artico\/","name":"Lot \u00c0RTIC - A Mar Es Espectacular","isPartOf":{"@id":"https:\/\/amarespectacular.com\/#website"},"primaryImageOfPage":{"@id":"https:\/\/amarespectacular.com\/producte\/lote-artico\/#primaryimage"},"image":{"@id":"https:\/\/amarespectacular.com\/producte\/lote-artico\/#primaryimage"},"thumbnailUrl":"https:\/\/amarespectacular.com\/wp-content\/uploads\/2025\/09\/lote-artico-2.png","datePublished":"2025-09-01T10:12:16+00:00","description":"Lot d'Aperitiu \u00c0RTIC que inclou 1 Llauna de Musclos en escabehe de les Ries Gallegues, 1 Llauna de Berberechos 35\/45 de les Ries Gallegues, 1 Llauna de Clo\u00efsses Blanques 20\/30, 1 Pot de Salsa A Mar d'Amunt 35 g i 1 Bossa de Patates Artesans amb Sal Marina","breadcrumb":{"@id":"https:\/\/amarespectacular.com\/producte\/lote-artico\/#breadcrumb"},"inLanguage":"ca","potentialAction":[{"@type":"ReadAction","target":["https:\/\/amarespectacular.com\/producte\/lote-artico\/"]}]},{"@type":"ImageObject","inLanguage":"ca","@id":"https:\/\/amarespectacular.com\/producte\/lote-artico\/#primaryimage","url":"https:\/\/amarespectacular.com\/wp-content\/uploads\/2025\/09\/lote-artico-2.png","contentUrl":"https:\/\/amarespectacular.com\/wp-content\/uploads\/2025\/09\/lote-artico-2.png","width":1081,"height":1081},{"@type":"BreadcrumbList","@id":"https:\/\/amarespectacular.com\/producte\/lote-artico\/#breadcrumb","itemListElement":[{"@type":"ListItem","position":1,"name":"Portada","item":"https:\/\/amarespectacular.com\/ca\/"},{"@type":"ListItem","position":2,"name":"Productos","item":"https:\/\/amarespectacular.com\/shop\/"},{"@type":"ListItem","position":3,"name":"Lot \u00c0RTIC"}]},{"@type":"WebSite","@id":"https:\/\/amarespectacular.com\/#website","url":"https:\/\/amarespectacular.com\/","name":"A Mar Es Espectacular","description":"","potentialAction":[{"@type":"SearchAction","target":{"@type":"EntryPoint","urlTemplate":"https:\/\/amarespectacular.com\/?s={search_term_string}"},"query-input":{"@type":"PropertyValueSpecification","valueRequired":true,"valueName":"search_term_string"}}],"inLanguage":"ca"}]}},"_links":{"self":[{"href":"https:\/\/amarespectacular.com\/ca\/wp-json\/wp\/v2\/product\/2037","targetHints":{"allow":["GET"]}}],"collection":[{"href":"https:\/\/amarespectacular.com\/ca\/wp-json\/wp\/v2\/product"}],"about":[{"href":"https:\/\/amarespectacular.com\/ca\/wp-json\/wp\/v2\/types\/product"}],"wp:featuredmedia":[{"embeddable":true,"href":"https:\/\/amarespectacular.com\/ca\/wp-json\/wp\/v2\/media\/6139"}],"wp:attachment":[{"href":"https:\/\/amarespectacular.com\/ca\/wp-json\/wp\/v2\/media?parent=2037"}],"wp:term":[{"taxonomy":"product_brand","embeddable":true,"href":"https:\/\/amarespectacular.com\/ca\/wp-json\/wp\/v2\/product_brand?post=2037"},{"taxonomy":"product_cat","embeddable":true,"href":"https:\/\/amarespectacular.com\/ca\/wp-json\/wp\/v2\/product_cat?post=2037"},{"taxonomy":"product_tag","embeddable":true,"href":"https:\/\/amarespectacular.com\/ca\/wp-json\/wp\/v2\/product_tag?post=2037"}],"curies":[{"name":"wp","href":"https:\/\/api.w.org\/{rel}","templated":true}]}}