{"id":2561,"date":"2023-04-20T13:24:52","date_gmt":"2023-04-20T13:24:52","guid":{"rendered":"https:\/\/amarespectacular.com\/product\/salsa-a-mar-damunt-by-paco-perez\/"},"modified":"2024-11-13T12:27:17","modified_gmt":"2024-11-13T12:27:17","slug":"salsa-a-mar-damunt-by-paco-perez","status":"publish","type":"product","link":"https:\/\/amarespectacular.com\/ca\/producte\/salsa-a-mar-damunt-by-paco-perez\/","title":{"rendered":"Salsa A Mar d\u00b4Amunt by Paco P\u00e9rez"},"content":{"rendered":"<p>Descobreix la Salsa A Mar d&#8217;Amunt, una creaci\u00f3 exclusiva del conegut xef Paco P\u00e9rez. Aquesta sofisticada salsa d&#8217;aperitiu, elaborada amb un cultiu d&#8217;algues sostenible, \u00e9s la combinaci\u00f3 perfecta de tradici\u00f3 i innovaci\u00f3 culin\u00e0ria. La Salsa A Mar d\u2019Amunt est\u00e0 dissenyada per acompanyar i real\u00e7ar el sabor de peix, marisc i una varietat d\u00b4aperitius.<\/p>\n<p>Elaborada amb ingredients acuradament seleccionats, la Salsa A Mar d\u00b4Amunt inclou vinagre de poma i vinagre d\u00b4arr\u00f2s, que aporten una acidesa equilibrada i refrescant. La soja afegeix una profunditat de sabor umami, mentre que les algues deshidratades contribueixen amb un toc mar\u00ed distintiu que evoca la frescor de l&#8217;oce\u00e0.<\/p>\n<p>Perfecta per acompanyar una \u00e0mplia gamma d&#8217;aperitius, aquesta salsa \u00e9s ideal per gaudir amb escopinyes, clo\u00efsses, patates xip, musclos i olives. Cada mossegada es transforma en una experi\u00e8ncia gastron\u00f2mica \u00fanica, on els sabors es fusionen de manera harmoniosa i sorprenent.<\/p>\n<p>La Salsa A Mar d\u00b4Amunt no nom\u00e9s eleva el sabor dels mariscs i peixos, sin\u00f3 que tamb\u00e9 \u00e9s un complement vers\u00e0til per a qualsevol taula d\u00b4aperitius. Ja sigui que estiguis organitzant un sopar elegant o una reuni\u00f3 informal amb amics, aquesta salsa es converteix en el centre d&#8217;atenci\u00f3, afegint un toc gurmet als plats.<\/p>\n<p>Elaborada amb la passi\u00f3 i el mestratge del xef Paco P\u00e9rez, la Salsa A Mar d&#8217;Amunt \u00e9s un reflex del seu comprom\u00eds amb la qualitat i la innovaci\u00f3 culin\u00e0ria. La seva versatilitat i exquisit sabor la fan imprescindible per als amants de la gastronomia i els exploradors de nous sabors. Veure v\u00eddeo de la nostra salsa explicat per Paco P\u00e9rez.<\/p>\n<p>Submergeix-te en una experi\u00e8ncia de sabor inigualable amb la Salsa A Mar d\u2019Amunt i descobreix com pot transformar els teus aperitius i menjars en moments memorables plens de sabor i sofisticaci\u00f3.<\/p>\n","protected":false},"excerpt":{"rendered":"<p>La Salsa A Mar d&#8217;Amunt, creada pel xef Paco P\u00e9rez, \u00e9s una exquisida salsa d&#8217;aperitiu elaborada a base d&#8217;algues. \u00c9s el complement perfecte per real\u00e7ar el sabor de peix i marisc. Gaudeix d\u00b4una experi\u00e8ncia culin\u00e0ria \u00fanica i sofisticada amb aquesta delicada fusi\u00f3 d\u00b4ingredients naturals. Ideal per als amants de la gastronomia marina i cuina d&#8217;autor.<\/p>\n","protected":false},"featured_media":4795,"template":"","meta":{"_acf_changed":false},"product_brand":[],"product_cat":[259],"product_tag":[],"class_list":{"0":"post-2561","1":"product","2":"type-product","3":"status-publish","4":"has-post-thumbnail","6":"product_cat-aperitius","8":"first","9":"instock","10":"taxable","11":"shipping-taxable","12":"purchasable","13":"product-type-simple"},"acf":[],"yoast_head":"<!-- This site is optimized with the Yoast SEO plugin v27.3 - https:\/\/yoast.com\/product\/yoast-seo-wordpress\/ -->\n<title>Salsa A Mar d\u00b4Amunt by Paco P\u00e9rez - A Mar Es Espectacular<\/title>\n<meta name=\"description\" content=\"Junto al chef Paco P\u00e9rez hemos creado nuestra salsa A Mar d\u2019Amunt que ser\u00e1 el combinado perfecto para nuestras conservas.\" \/>\n<meta name=\"robots\" content=\"index, follow, max-snippet:-1, max-image-preview:large, max-video-preview:-1\" \/>\n<link rel=\"canonical\" href=\"https:\/\/amarespectacular.com\/producte\/salsa-a-mar-damunt-by-paco-perez\/\" \/>\n<meta property=\"og:locale\" content=\"ca_ES\" \/>\n<meta property=\"og:type\" content=\"article\" \/>\n<meta property=\"og:title\" content=\"Salsa A Mar d\u00b4Amunt by Paco P\u00e9rez - A Mar Es Espectacular\" \/>\n<meta property=\"og:description\" content=\"Junto al chef Paco P\u00e9rez hemos creado nuestra salsa A Mar d\u2019Amunt que ser\u00e1 el combinado perfecto para nuestras conservas.\" \/>\n<meta property=\"og:url\" content=\"https:\/\/amarespectacular.com\/producte\/salsa-a-mar-damunt-by-paco-perez\/\" \/>\n<meta property=\"og:site_name\" content=\"A Mar Es Espectacular\" \/>\n<meta property=\"article:modified_time\" content=\"2024-11-13T12:27:17+00:00\" \/>\n<meta property=\"og:image\" content=\"https:\/\/amarespectacular.com\/wp-content\/uploads\/2023\/04\/salsa-a-mar-damunt-grande-01.png\" \/>\n\t<meta property=\"og:image:width\" content=\"1200\" \/>\n\t<meta property=\"og:image:height\" content=\"1200\" \/>\n\t<meta property=\"og:image:type\" content=\"image\/png\" \/>\n<meta name=\"twitter:card\" content=\"summary_large_image\" \/>\n<meta name=\"twitter:label1\" content=\"Temps estimat de lectura\" \/>\n\t<meta name=\"twitter:data1\" content=\"2 minuts\" \/>\n<script type=\"application\/ld+json\" class=\"yoast-schema-graph\">{\"@context\":\"https:\\\/\\\/schema.org\",\"@graph\":[{\"@type\":\"WebPage\",\"@id\":\"https:\\\/\\\/amarespectacular.com\\\/producte\\\/salsa-a-mar-damunt-by-paco-perez\\\/\",\"url\":\"https:\\\/\\\/amarespectacular.com\\\/producte\\\/salsa-a-mar-damunt-by-paco-perez\\\/\",\"name\":\"Salsa A Mar d\u00b4Amunt by Paco P\u00e9rez - A Mar Es Espectacular\",\"isPartOf\":{\"@id\":\"https:\\\/\\\/amarespectacular.com\\\/#website\"},\"primaryImageOfPage\":{\"@id\":\"https:\\\/\\\/amarespectacular.com\\\/producte\\\/salsa-a-mar-damunt-by-paco-perez\\\/#primaryimage\"},\"image\":{\"@id\":\"https:\\\/\\\/amarespectacular.com\\\/producte\\\/salsa-a-mar-damunt-by-paco-perez\\\/#primaryimage\"},\"thumbnailUrl\":\"https:\\\/\\\/amarespectacular.com\\\/wp-content\\\/uploads\\\/2023\\\/04\\\/salsa-a-mar-damunt-grande-01.png\",\"datePublished\":\"2023-04-20T13:24:52+00:00\",\"dateModified\":\"2024-11-13T12:27:17+00:00\",\"description\":\"Junto al chef Paco P\u00e9rez hemos creado nuestra salsa A Mar d\u2019Amunt que ser\u00e1 el combinado perfecto para nuestras conservas.\",\"breadcrumb\":{\"@id\":\"https:\\\/\\\/amarespectacular.com\\\/producte\\\/salsa-a-mar-damunt-by-paco-perez\\\/#breadcrumb\"},\"inLanguage\":\"ca\",\"potentialAction\":[{\"@type\":\"ReadAction\",\"target\":[\"https:\\\/\\\/amarespectacular.com\\\/producte\\\/salsa-a-mar-damunt-by-paco-perez\\\/\"]}]},{\"@type\":\"ImageObject\",\"inLanguage\":\"ca\",\"@id\":\"https:\\\/\\\/amarespectacular.com\\\/producte\\\/salsa-a-mar-damunt-by-paco-perez\\\/#primaryimage\",\"url\":\"https:\\\/\\\/amarespectacular.com\\\/wp-content\\\/uploads\\\/2023\\\/04\\\/salsa-a-mar-damunt-grande-01.png\",\"contentUrl\":\"https:\\\/\\\/amarespectacular.com\\\/wp-content\\\/uploads\\\/2023\\\/04\\\/salsa-a-mar-damunt-grande-01.png\",\"width\":1200,\"height\":1200},{\"@type\":\"BreadcrumbList\",\"@id\":\"https:\\\/\\\/amarespectacular.com\\\/producte\\\/salsa-a-mar-damunt-by-paco-perez\\\/#breadcrumb\",\"itemListElement\":[{\"@type\":\"ListItem\",\"position\":1,\"name\":\"Portada\",\"item\":\"https:\\\/\\\/amarespectacular.com\\\/ca\\\/\"},{\"@type\":\"ListItem\",\"position\":2,\"name\":\"Productos\",\"item\":\"https:\\\/\\\/amarespectacular.com\\\/shop\\\/\"},{\"@type\":\"ListItem\",\"position\":3,\"name\":\"Salsa A Mar d\u00b4Amunt by Paco P\u00e9rez\"}]},{\"@type\":\"WebSite\",\"@id\":\"https:\\\/\\\/amarespectacular.com\\\/#website\",\"url\":\"https:\\\/\\\/amarespectacular.com\\\/\",\"name\":\"A Mar Es Espectacular\",\"description\":\"\",\"potentialAction\":[{\"@type\":\"SearchAction\",\"target\":{\"@type\":\"EntryPoint\",\"urlTemplate\":\"https:\\\/\\\/amarespectacular.com\\\/?s={search_term_string}\"},\"query-input\":{\"@type\":\"PropertyValueSpecification\",\"valueRequired\":true,\"valueName\":\"search_term_string\"}}],\"inLanguage\":\"ca\"}]}<\/script>\n<!-- \/ Yoast SEO plugin. -->","yoast_head_json":{"title":"Salsa A Mar d\u00b4Amunt by Paco P\u00e9rez - A Mar Es Espectacular","description":"Junto al chef Paco P\u00e9rez hemos creado nuestra salsa A Mar d\u2019Amunt que ser\u00e1 el combinado perfecto para nuestras conservas.","robots":{"index":"index","follow":"follow","max-snippet":"max-snippet:-1","max-image-preview":"max-image-preview:large","max-video-preview":"max-video-preview:-1"},"canonical":"https:\/\/amarespectacular.com\/producte\/salsa-a-mar-damunt-by-paco-perez\/","og_locale":"ca_ES","og_type":"article","og_title":"Salsa A Mar d\u00b4Amunt by Paco P\u00e9rez - A Mar Es Espectacular","og_description":"Junto al chef Paco P\u00e9rez hemos creado nuestra salsa A Mar d\u2019Amunt que ser\u00e1 el combinado perfecto para nuestras conservas.","og_url":"https:\/\/amarespectacular.com\/producte\/salsa-a-mar-damunt-by-paco-perez\/","og_site_name":"A Mar Es Espectacular","article_modified_time":"2024-11-13T12:27:17+00:00","og_image":[{"width":1200,"height":1200,"url":"https:\/\/amarespectacular.com\/wp-content\/uploads\/2023\/04\/salsa-a-mar-damunt-grande-01.png","type":"image\/png"}],"twitter_card":"summary_large_image","twitter_misc":{"Temps estimat de lectura":"2 minuts"},"schema":{"@context":"https:\/\/schema.org","@graph":[{"@type":"WebPage","@id":"https:\/\/amarespectacular.com\/producte\/salsa-a-mar-damunt-by-paco-perez\/","url":"https:\/\/amarespectacular.com\/producte\/salsa-a-mar-damunt-by-paco-perez\/","name":"Salsa A Mar d\u00b4Amunt by Paco P\u00e9rez - A Mar Es Espectacular","isPartOf":{"@id":"https:\/\/amarespectacular.com\/#website"},"primaryImageOfPage":{"@id":"https:\/\/amarespectacular.com\/producte\/salsa-a-mar-damunt-by-paco-perez\/#primaryimage"},"image":{"@id":"https:\/\/amarespectacular.com\/producte\/salsa-a-mar-damunt-by-paco-perez\/#primaryimage"},"thumbnailUrl":"https:\/\/amarespectacular.com\/wp-content\/uploads\/2023\/04\/salsa-a-mar-damunt-grande-01.png","datePublished":"2023-04-20T13:24:52+00:00","dateModified":"2024-11-13T12:27:17+00:00","description":"Junto al chef Paco P\u00e9rez hemos creado nuestra salsa A Mar d\u2019Amunt que ser\u00e1 el combinado perfecto para nuestras conservas.","breadcrumb":{"@id":"https:\/\/amarespectacular.com\/producte\/salsa-a-mar-damunt-by-paco-perez\/#breadcrumb"},"inLanguage":"ca","potentialAction":[{"@type":"ReadAction","target":["https:\/\/amarespectacular.com\/producte\/salsa-a-mar-damunt-by-paco-perez\/"]}]},{"@type":"ImageObject","inLanguage":"ca","@id":"https:\/\/amarespectacular.com\/producte\/salsa-a-mar-damunt-by-paco-perez\/#primaryimage","url":"https:\/\/amarespectacular.com\/wp-content\/uploads\/2023\/04\/salsa-a-mar-damunt-grande-01.png","contentUrl":"https:\/\/amarespectacular.com\/wp-content\/uploads\/2023\/04\/salsa-a-mar-damunt-grande-01.png","width":1200,"height":1200},{"@type":"BreadcrumbList","@id":"https:\/\/amarespectacular.com\/producte\/salsa-a-mar-damunt-by-paco-perez\/#breadcrumb","itemListElement":[{"@type":"ListItem","position":1,"name":"Portada","item":"https:\/\/amarespectacular.com\/ca\/"},{"@type":"ListItem","position":2,"name":"Productos","item":"https:\/\/amarespectacular.com\/shop\/"},{"@type":"ListItem","position":3,"name":"Salsa A Mar d\u00b4Amunt by Paco P\u00e9rez"}]},{"@type":"WebSite","@id":"https:\/\/amarespectacular.com\/#website","url":"https:\/\/amarespectacular.com\/","name":"A Mar Es Espectacular","description":"","potentialAction":[{"@type":"SearchAction","target":{"@type":"EntryPoint","urlTemplate":"https:\/\/amarespectacular.com\/?s={search_term_string}"},"query-input":{"@type":"PropertyValueSpecification","valueRequired":true,"valueName":"search_term_string"}}],"inLanguage":"ca"}]}},"_links":{"self":[{"href":"https:\/\/amarespectacular.com\/ca\/wp-json\/wp\/v2\/product\/2561","targetHints":{"allow":["GET"]}}],"collection":[{"href":"https:\/\/amarespectacular.com\/ca\/wp-json\/wp\/v2\/product"}],"about":[{"href":"https:\/\/amarespectacular.com\/ca\/wp-json\/wp\/v2\/types\/product"}],"wp:featuredmedia":[{"embeddable":true,"href":"https:\/\/amarespectacular.com\/ca\/wp-json\/wp\/v2\/media\/4795"}],"wp:attachment":[{"href":"https:\/\/amarespectacular.com\/ca\/wp-json\/wp\/v2\/media?parent=2561"}],"wp:term":[{"taxonomy":"product_brand","embeddable":true,"href":"https:\/\/amarespectacular.com\/ca\/wp-json\/wp\/v2\/product_brand?post=2561"},{"taxonomy":"product_cat","embeddable":true,"href":"https:\/\/amarespectacular.com\/ca\/wp-json\/wp\/v2\/product_cat?post=2561"},{"taxonomy":"product_tag","embeddable":true,"href":"https:\/\/amarespectacular.com\/ca\/wp-json\/wp\/v2\/product_tag?post=2561"}],"curies":[{"name":"wp","href":"https:\/\/api.w.org\/{rel}","templated":true}]}}