{"id":4540,"date":"2024-05-16T14:55:24","date_gmt":"2024-05-16T14:55:24","guid":{"rendered":"https:\/\/amarespectacular.com\/product\/mejillones-de-chile-en-escabeche\/"},"modified":"2024-11-13T13:55:30","modified_gmt":"2024-11-13T13:55:30","slug":"musclos-de-xile-en-escabetx","status":"publish","type":"product","link":"https:\/\/amarespectacular.com\/ca\/producte\/musclos-de-xile-en-escabetx\/","title":{"rendered":"Musclos de Xile en Escabetx"},"content":{"rendered":"<p>Presentem els nostres Musclos Xilens a Escabeche, un producte acuradament elaborat per oferir una experi\u00e8ncia culin\u00e0ria \u00fanica i deliciosa. Aquests musclos, provinents de les costes netes i riques de Xile, de l&#8217;illa de Chilo\u00e9, destaquen per la seva frescor i qualitat inigualables. Sense petxina i llestos per gaudir, la seva presentaci\u00f3 ressalta pel caracter\u00edstic color ataronjat que defineix els musclos de primera qualitat.<\/p>\n<p>Submergits en una deliciosa barreja d&#8217;oli de gira-sol i vinagre de vi, aquests musclos adquireixen un sabor suau, per\u00f2 perfectament equilibrat amb matisos lleugerament avinagrats. El toc de sal i les aromes naturals utilitzades en la seva preparaci\u00f3 potencien el sabor del musclo sense opacar-lo, oferint una harmonia de sabors que desperta el paladar sense ser aclaparadora.<\/p>\n<p>El que m\u00e9s destaca dels nostres Musclos Xilens a Escabeche \u00e9s la seva textura ferma, fruit d&#8217;un proc\u00e9s d&#8217;elaboraci\u00f3 acurat que garanteix que cada pe\u00e7a mantingui la seva forma i consist\u00e8ncia. En mossegar, sentir\u00e0s una carn llisa i sucosa que es desf\u00e0 delicadament a la boca, alliberant el seu inconfusible sabor mar\u00ed amb un suau toc \u00e0cid.<\/p>\n<p>Aquest producte \u00e9s ideal tant per gaudir-lo sol, com a aperitiu, com per incloure&#8217;l en una varietat de preparacions gastron\u00f2miques. Ja sigui en amanides, tapes, o com a acompanyament en plats principals, els Musclos Xilens a Escabeche aportaran un toc gurmet i sofisticat a qualsevol \u00e0pat.<\/p>\n<p><strong>Conservaci\u00f3<\/strong><br \/>\nConservar en un lloc fresc i sec. Un cop obert mantenir en refrigeraci\u00f3 i consumir abans de 24 hores.<\/p>\n","protected":false},"excerpt":{"rendered":"<p>Descobreix l&#8217;exquisidesa dels nostres Musclos Xilens a Escabeche preparats per gaudir. Amb oli de gira-sol, vinagre de vi i una selecci\u00f3 d&#8217;aromes naturals, ofereixen un sabor avinagrat i suaument salat. . Perfectes com a aperitiu o complement gurmet per als teus plats favorits. Submergeix-te en una experi\u00e8ncia culin\u00e0ria inigualable amb cada mos.<\/p>\n","protected":false},"featured_media":4701,"template":"","meta":{"_acf_changed":false},"product_brand":[],"product_cat":[427],"product_tag":[],"class_list":{"0":"post-4540","1":"product","2":"type-product","3":"status-publish","4":"has-post-thumbnail","6":"product_cat-uncategorized-ca","8":"first","9":"instock","10":"taxable","11":"shipping-taxable","12":"purchasable","13":"product-type-simple"},"acf":[],"yoast_head":"<!-- This site is optimized with the Yoast SEO plugin v27.3 - https:\/\/yoast.com\/product\/yoast-seo-wordpress\/ -->\n<title>Musclos de Xile en Escabetx - A Mar Es Espectacular<\/title>\n<meta name=\"robots\" content=\"index, follow, max-snippet:-1, max-image-preview:large, max-video-preview:-1\" \/>\n<link rel=\"canonical\" href=\"https:\/\/amarespectacular.com\/producte\/mejillones-de-chile-en-escabeche\/\" \/>\n<meta property=\"og:locale\" content=\"ca_ES\" \/>\n<meta property=\"og:type\" content=\"article\" \/>\n<meta property=\"og:title\" content=\"Musclos de Xile en Escabetx - A Mar Es Espectacular\" \/>\n<meta property=\"og:url\" content=\"https:\/\/amarespectacular.com\/producte\/mejillones-de-chile-en-escabeche\/\" \/>\n<meta property=\"og:site_name\" content=\"A Mar Es Espectacular\" \/>\n<meta property=\"article:modified_time\" content=\"2024-11-13T13:55:30+00:00\" \/>\n<meta property=\"og:image\" content=\"https:\/\/amarespectacular.com\/wp-content\/uploads\/2024\/05\/mejillones-de-chile-en-escabeche-1.png\" \/>\n\t<meta property=\"og:image:width\" content=\"800\" \/>\n\t<meta property=\"og:image:height\" content=\"800\" \/>\n\t<meta property=\"og:image:type\" content=\"image\/png\" \/>\n<meta name=\"twitter:card\" content=\"summary_large_image\" \/>\n<meta name=\"twitter:label1\" content=\"Temps estimat de lectura\" \/>\n\t<meta name=\"twitter:data1\" content=\"2 minuts\" \/>\n<script type=\"application\/ld+json\" class=\"yoast-schema-graph\">{\"@context\":\"https:\\\/\\\/schema.org\",\"@graph\":[{\"@type\":\"WebPage\",\"@id\":\"https:\\\/\\\/amarespectacular.com\\\/producte\\\/mejillones-de-chile-en-escabeche\\\/\",\"url\":\"https:\\\/\\\/amarespectacular.com\\\/producte\\\/mejillones-de-chile-en-escabeche\\\/\",\"name\":\"Musclos de Xile en Escabetx - A Mar Es Espectacular\",\"isPartOf\":{\"@id\":\"https:\\\/\\\/amarespectacular.com\\\/#website\"},\"primaryImageOfPage\":{\"@id\":\"https:\\\/\\\/amarespectacular.com\\\/producte\\\/mejillones-de-chile-en-escabeche\\\/#primaryimage\"},\"image\":{\"@id\":\"https:\\\/\\\/amarespectacular.com\\\/producte\\\/mejillones-de-chile-en-escabeche\\\/#primaryimage\"},\"thumbnailUrl\":\"https:\\\/\\\/amarespectacular.com\\\/wp-content\\\/uploads\\\/2024\\\/05\\\/mejillones-de-chile-en-escabeche-1.png\",\"datePublished\":\"2024-05-16T14:55:24+00:00\",\"dateModified\":\"2024-11-13T13:55:30+00:00\",\"breadcrumb\":{\"@id\":\"https:\\\/\\\/amarespectacular.com\\\/producte\\\/mejillones-de-chile-en-escabeche\\\/#breadcrumb\"},\"inLanguage\":\"ca\",\"potentialAction\":[{\"@type\":\"ReadAction\",\"target\":[\"https:\\\/\\\/amarespectacular.com\\\/producte\\\/mejillones-de-chile-en-escabeche\\\/\"]}]},{\"@type\":\"ImageObject\",\"inLanguage\":\"ca\",\"@id\":\"https:\\\/\\\/amarespectacular.com\\\/producte\\\/mejillones-de-chile-en-escabeche\\\/#primaryimage\",\"url\":\"https:\\\/\\\/amarespectacular.com\\\/wp-content\\\/uploads\\\/2024\\\/05\\\/mejillones-de-chile-en-escabeche-1.png\",\"contentUrl\":\"https:\\\/\\\/amarespectacular.com\\\/wp-content\\\/uploads\\\/2024\\\/05\\\/mejillones-de-chile-en-escabeche-1.png\",\"width\":800,\"height\":800},{\"@type\":\"BreadcrumbList\",\"@id\":\"https:\\\/\\\/amarespectacular.com\\\/producte\\\/mejillones-de-chile-en-escabeche\\\/#breadcrumb\",\"itemListElement\":[{\"@type\":\"ListItem\",\"position\":1,\"name\":\"Portada\",\"item\":\"https:\\\/\\\/amarespectacular.com\\\/ca\\\/\"},{\"@type\":\"ListItem\",\"position\":2,\"name\":\"Productos\",\"item\":\"https:\\\/\\\/amarespectacular.com\\\/shop\\\/\"},{\"@type\":\"ListItem\",\"position\":3,\"name\":\"Musclos de Xile en Escabetx\"}]},{\"@type\":\"WebSite\",\"@id\":\"https:\\\/\\\/amarespectacular.com\\\/#website\",\"url\":\"https:\\\/\\\/amarespectacular.com\\\/\",\"name\":\"A Mar Es Espectacular\",\"description\":\"\",\"potentialAction\":[{\"@type\":\"SearchAction\",\"target\":{\"@type\":\"EntryPoint\",\"urlTemplate\":\"https:\\\/\\\/amarespectacular.com\\\/?s={search_term_string}\"},\"query-input\":{\"@type\":\"PropertyValueSpecification\",\"valueRequired\":true,\"valueName\":\"search_term_string\"}}],\"inLanguage\":\"ca\"}]}<\/script>\n<!-- \/ Yoast SEO plugin. -->","yoast_head_json":{"title":"Musclos de Xile en Escabetx - A Mar Es Espectacular","robots":{"index":"index","follow":"follow","max-snippet":"max-snippet:-1","max-image-preview":"max-image-preview:large","max-video-preview":"max-video-preview:-1"},"canonical":"https:\/\/amarespectacular.com\/producte\/mejillones-de-chile-en-escabeche\/","og_locale":"ca_ES","og_type":"article","og_title":"Musclos de Xile en Escabetx - A Mar Es Espectacular","og_url":"https:\/\/amarespectacular.com\/producte\/mejillones-de-chile-en-escabeche\/","og_site_name":"A Mar Es Espectacular","article_modified_time":"2024-11-13T13:55:30+00:00","og_image":[{"width":800,"height":800,"url":"https:\/\/amarespectacular.com\/wp-content\/uploads\/2024\/05\/mejillones-de-chile-en-escabeche-1.png","type":"image\/png"}],"twitter_card":"summary_large_image","twitter_misc":{"Temps estimat de lectura":"2 minuts"},"schema":{"@context":"https:\/\/schema.org","@graph":[{"@type":"WebPage","@id":"https:\/\/amarespectacular.com\/producte\/mejillones-de-chile-en-escabeche\/","url":"https:\/\/amarespectacular.com\/producte\/mejillones-de-chile-en-escabeche\/","name":"Musclos de Xile en Escabetx - A Mar Es Espectacular","isPartOf":{"@id":"https:\/\/amarespectacular.com\/#website"},"primaryImageOfPage":{"@id":"https:\/\/amarespectacular.com\/producte\/mejillones-de-chile-en-escabeche\/#primaryimage"},"image":{"@id":"https:\/\/amarespectacular.com\/producte\/mejillones-de-chile-en-escabeche\/#primaryimage"},"thumbnailUrl":"https:\/\/amarespectacular.com\/wp-content\/uploads\/2024\/05\/mejillones-de-chile-en-escabeche-1.png","datePublished":"2024-05-16T14:55:24+00:00","dateModified":"2024-11-13T13:55:30+00:00","breadcrumb":{"@id":"https:\/\/amarespectacular.com\/producte\/mejillones-de-chile-en-escabeche\/#breadcrumb"},"inLanguage":"ca","potentialAction":[{"@type":"ReadAction","target":["https:\/\/amarespectacular.com\/producte\/mejillones-de-chile-en-escabeche\/"]}]},{"@type":"ImageObject","inLanguage":"ca","@id":"https:\/\/amarespectacular.com\/producte\/mejillones-de-chile-en-escabeche\/#primaryimage","url":"https:\/\/amarespectacular.com\/wp-content\/uploads\/2024\/05\/mejillones-de-chile-en-escabeche-1.png","contentUrl":"https:\/\/amarespectacular.com\/wp-content\/uploads\/2024\/05\/mejillones-de-chile-en-escabeche-1.png","width":800,"height":800},{"@type":"BreadcrumbList","@id":"https:\/\/amarespectacular.com\/producte\/mejillones-de-chile-en-escabeche\/#breadcrumb","itemListElement":[{"@type":"ListItem","position":1,"name":"Portada","item":"https:\/\/amarespectacular.com\/ca\/"},{"@type":"ListItem","position":2,"name":"Productos","item":"https:\/\/amarespectacular.com\/shop\/"},{"@type":"ListItem","position":3,"name":"Musclos de Xile en Escabetx"}]},{"@type":"WebSite","@id":"https:\/\/amarespectacular.com\/#website","url":"https:\/\/amarespectacular.com\/","name":"A Mar Es Espectacular","description":"","potentialAction":[{"@type":"SearchAction","target":{"@type":"EntryPoint","urlTemplate":"https:\/\/amarespectacular.com\/?s={search_term_string}"},"query-input":{"@type":"PropertyValueSpecification","valueRequired":true,"valueName":"search_term_string"}}],"inLanguage":"ca"}]}},"_links":{"self":[{"href":"https:\/\/amarespectacular.com\/ca\/wp-json\/wp\/v2\/product\/4540","targetHints":{"allow":["GET"]}}],"collection":[{"href":"https:\/\/amarespectacular.com\/ca\/wp-json\/wp\/v2\/product"}],"about":[{"href":"https:\/\/amarespectacular.com\/ca\/wp-json\/wp\/v2\/types\/product"}],"wp:featuredmedia":[{"embeddable":true,"href":"https:\/\/amarespectacular.com\/ca\/wp-json\/wp\/v2\/media\/4701"}],"wp:attachment":[{"href":"https:\/\/amarespectacular.com\/ca\/wp-json\/wp\/v2\/media?parent=4540"}],"wp:term":[{"taxonomy":"product_brand","embeddable":true,"href":"https:\/\/amarespectacular.com\/ca\/wp-json\/wp\/v2\/product_brand?post=4540"},{"taxonomy":"product_cat","embeddable":true,"href":"https:\/\/amarespectacular.com\/ca\/wp-json\/wp\/v2\/product_cat?post=4540"},{"taxonomy":"product_tag","embeddable":true,"href":"https:\/\/amarespectacular.com\/ca\/wp-json\/wp\/v2\/product_tag?post=4540"}],"curies":[{"name":"wp","href":"https:\/\/api.w.org\/{rel}","templated":true}]}}