{"id":4717,"date":"2024-10-17T09:44:50","date_gmt":"2024-10-17T09:44:50","guid":{"rendered":"https:\/\/amarespectacular.com\/?post_type=product&#038;p=4717"},"modified":"2024-12-11T14:18:25","modified_gmt":"2024-12-11T14:18:25","slug":"sardines-millesimees-en-oli-doliva","status":"publish","type":"product","link":"https:\/\/amarespectacular.com\/ca\/producte\/sardines-millesimees-en-oli-doliva\/","title":{"rendered":"Sardines MILL\u00c9SIM\u00c9ES en Oli d&#8217;Oliva"},"content":{"rendered":"<p>Les Sardines Mill\u00e9sim\u00e9es a Oli d&#8217;Oliva s\u00f3n una aut\u00e8ntica joia gastron\u00f2mica, elaborades amb ingredients de la m\u00e9s alta qualitat: oli d&#8217;oliva verge i sal marina. El seu caracter\u00edstic color brillant i platejat reflecteix la seva frescor i cura a la selecci\u00f3. Amb una aroma fresca i marina que evoca les brises de l&#8217;oce\u00e0, aquestes sardines ofereixen una textura ferma i un sabor aut\u00e8ntic i equilibrat que delecta els amants del mar.<\/p>\n<p>El concepte Mil\u00e9sim\u00e9es a les sardines es refereix a un proc\u00e9s de selecci\u00f3 i envelliment exclusiu. Aquestes sardines provenen d&#8217;una collita espec\u00edfica i d&#8217;alta qualitat i es preparen seguint m\u00e8todes tradicionals. Despr\u00e9s, es maduren en oli d&#8217;oliva durant mesos o fins i tot anys, cosa que permet que els sabors es desenvolupin i s&#8217;intensifiquin amb el temps, semblant al proc\u00e9s d&#8217;envelliment d&#8217;un bon vi. Aquest terme subratlla la qualitat premium i el car\u00e0cter \u00fanic del producte.<\/p>\n<p>A m\u00e9s de la seva exquisidesa, les sardines s\u00f3n una font excepcional de beneficis per a la salut. Riques en \u00e0cids grassos Omega-3, contribueixen a la cura del cor i al benestar general.<\/p>\n<p>Ideals per a moments especials, les Sardines Mill\u00e9sim\u00e9es s\u00f3n perfectes per gaudir soles o com a part de combinacions que realcen el seu sabor \u00fanic. Per a un aperitiu complet, combina-les amb les olives farcides d&#8217;Anxova, que aporten un contrast suau i salat, i les patates artesanes amb sal marina, que afegeixen un toc cruixent i equilibrat. Juntes, aquestes del\u00edcies formen una simfonia de sabors perfecta per compartir en reunions amb amics o en una taula gurmet.<\/p>\n<p>Descobreix l&#8217;excel\u00b7l\u00e8ncia de les Sardines Mill\u00e9sim\u00e9es a Oli d&#8217;Oliva, un producte que no nom\u00e9s celebra els sabors del mar, sin\u00f3 que tamb\u00e9 t\u00e9 cura de la teva salut i transforma qualsevol ocasi\u00f3 en un moment inoblidable. Afegeix-les a taula i gaudeix d&#8217;una experi\u00e8ncia gastron\u00f2mica \u00fanica.<\/p>\n","protected":false},"excerpt":{"rendered":"<p>Les Sardines Mill\u00e9sim\u00e9es a Oli d&#8217;Oliva destaquen pel seu color brillant, aroma mar\u00ed, textura ferma i sabor aut\u00e8ntic. Aquestes sardines maduren en oli d&#8217;oliva durant mesos, permetent que els sabors es desenvolupin i intensifiquin amb el temps. prote\u00efnes i minerals, s\u00f3n ideals per a una dieta equilibrada. Mariden perfectament amb la salsa A Mar d\u2019Amunt by Paco P\u00e9rez, transformant qualsevol ocasi\u00f3 en una experi\u00e8ncia gastron\u00f2mica inoblidable.<\/p>\n","protected":false},"featured_media":5744,"template":"","meta":{"_acf_changed":false},"product_brand":[],"product_cat":[103],"product_tag":[],"class_list":{"0":"post-4717","1":"product","2":"type-product","3":"status-publish","4":"has-post-thumbnail","6":"product_cat-sardines","8":"first","9":"instock","10":"taxable","11":"shipping-taxable","12":"purchasable","13":"product-type-simple"},"acf":[],"yoast_head":"<!-- This site is optimized with the Yoast SEO plugin v27.3 - https:\/\/yoast.com\/product\/yoast-seo-wordpress\/ -->\n<title>Sardines MILL\u00c9SIM\u00c9ES en Oli d&#039;Oliva - A Mar Es Espectacular<\/title>\n<meta name=\"robots\" content=\"index, follow, max-snippet:-1, max-image-preview:large, max-video-preview:-1\" \/>\n<link rel=\"canonical\" href=\"https:\/\/amarespectacular.com\/producte\/sardinas-millesimees-en-aceite-de-oliva\/\" \/>\n<meta property=\"og:locale\" content=\"ca_ES\" \/>\n<meta property=\"og:type\" content=\"article\" \/>\n<meta property=\"og:title\" content=\"Sardines MILL\u00c9SIM\u00c9ES en Oli d&#039;Oliva - A Mar Es Espectacular\" \/>\n<meta property=\"og:description\" content=\"Les Sardines Mill\u00e9sim\u00e9es a Oli d&#039;Oliva destaquen pel seu color brillant, aroma mar\u00ed, textura ferma i sabor aut\u00e8ntic. Aquestes sardines maduren en oli d&#039;oliva durant mesos, permetent que els sabors es desenvolupin i intensifiquin amb el temps. prote\u00efnes i minerals, s\u00f3n ideals per a una dieta equilibrada. Mariden perfectament amb la salsa A Mar d\u2019Amunt by Paco P\u00e9rez, transformant qualsevol ocasi\u00f3 en una experi\u00e8ncia gastron\u00f2mica inoblidable.\" \/>\n<meta property=\"og:url\" content=\"https:\/\/amarespectacular.com\/producte\/sardinas-millesimees-en-aceite-de-oliva\/\" \/>\n<meta property=\"og:site_name\" content=\"A Mar Es Espectacular\" \/>\n<meta property=\"article:modified_time\" content=\"2024-12-11T14:18:25+00:00\" \/>\n<meta property=\"og:image\" content=\"https:\/\/amarespectacular.com\/wp-content\/uploads\/2024\/10\/sardinas-millesimees-1200px.png\" \/>\n\t<meta property=\"og:image:width\" content=\"1200\" \/>\n\t<meta property=\"og:image:height\" content=\"1200\" \/>\n\t<meta property=\"og:image:type\" content=\"image\/png\" \/>\n<meta name=\"twitter:card\" content=\"summary_large_image\" \/>\n<meta name=\"twitter:label1\" content=\"Temps estimat de lectura\" \/>\n\t<meta name=\"twitter:data1\" content=\"2 minuts\" \/>\n<script type=\"application\/ld+json\" class=\"yoast-schema-graph\">{\"@context\":\"https:\\\/\\\/schema.org\",\"@graph\":[{\"@type\":\"WebPage\",\"@id\":\"https:\\\/\\\/amarespectacular.com\\\/producte\\\/sardinas-millesimees-en-aceite-de-oliva\\\/\",\"url\":\"https:\\\/\\\/amarespectacular.com\\\/producte\\\/sardinas-millesimees-en-aceite-de-oliva\\\/\",\"name\":\"Sardines MILL\u00c9SIM\u00c9ES en Oli d'Oliva - A Mar Es Espectacular\",\"isPartOf\":{\"@id\":\"https:\\\/\\\/amarespectacular.com\\\/#website\"},\"primaryImageOfPage\":{\"@id\":\"https:\\\/\\\/amarespectacular.com\\\/producte\\\/sardinas-millesimees-en-aceite-de-oliva\\\/#primaryimage\"},\"image\":{\"@id\":\"https:\\\/\\\/amarespectacular.com\\\/producte\\\/sardinas-millesimees-en-aceite-de-oliva\\\/#primaryimage\"},\"thumbnailUrl\":\"https:\\\/\\\/amarespectacular.com\\\/wp-content\\\/uploads\\\/2024\\\/09\\\/mockup_pack_amar_sardinas-scaled.png\",\"datePublished\":\"2024-10-17T09:44:50+00:00\",\"dateModified\":\"2024-12-11T14:18:25+00:00\",\"breadcrumb\":{\"@id\":\"https:\\\/\\\/amarespectacular.com\\\/producte\\\/sardinas-millesimees-en-aceite-de-oliva\\\/#breadcrumb\"},\"inLanguage\":\"ca\",\"potentialAction\":[{\"@type\":\"ReadAction\",\"target\":[\"https:\\\/\\\/amarespectacular.com\\\/producte\\\/sardinas-millesimees-en-aceite-de-oliva\\\/\"]}]},{\"@type\":\"ImageObject\",\"inLanguage\":\"ca\",\"@id\":\"https:\\\/\\\/amarespectacular.com\\\/producte\\\/sardinas-millesimees-en-aceite-de-oliva\\\/#primaryimage\",\"url\":\"https:\\\/\\\/amarespectacular.com\\\/wp-content\\\/uploads\\\/2024\\\/09\\\/mockup_pack_amar_sardinas-scaled.png\",\"contentUrl\":\"https:\\\/\\\/amarespectacular.com\\\/wp-content\\\/uploads\\\/2024\\\/09\\\/mockup_pack_amar_sardinas-scaled.png\",\"width\":2115,\"height\":2560},{\"@type\":\"BreadcrumbList\",\"@id\":\"https:\\\/\\\/amarespectacular.com\\\/producte\\\/sardinas-millesimees-en-aceite-de-oliva\\\/#breadcrumb\",\"itemListElement\":[{\"@type\":\"ListItem\",\"position\":1,\"name\":\"Portada\",\"item\":\"https:\\\/\\\/amarespectacular.com\\\/ca\\\/\"},{\"@type\":\"ListItem\",\"position\":2,\"name\":\"Productos\",\"item\":\"https:\\\/\\\/amarespectacular.com\\\/shop\\\/\"},{\"@type\":\"ListItem\",\"position\":3,\"name\":\"Sardines MILL\u00c9SIM\u00c9ES en Oli d&#8217;Oliva\"}]},{\"@type\":\"WebSite\",\"@id\":\"https:\\\/\\\/amarespectacular.com\\\/#website\",\"url\":\"https:\\\/\\\/amarespectacular.com\\\/\",\"name\":\"A Mar Es Espectacular\",\"description\":\"\",\"potentialAction\":[{\"@type\":\"SearchAction\",\"target\":{\"@type\":\"EntryPoint\",\"urlTemplate\":\"https:\\\/\\\/amarespectacular.com\\\/?s={search_term_string}\"},\"query-input\":{\"@type\":\"PropertyValueSpecification\",\"valueRequired\":true,\"valueName\":\"search_term_string\"}}],\"inLanguage\":\"ca\"}]}<\/script>\n<!-- \/ Yoast SEO plugin. -->","yoast_head_json":{"title":"Sardines MILL\u00c9SIM\u00c9ES en Oli d'Oliva - A Mar Es Espectacular","robots":{"index":"index","follow":"follow","max-snippet":"max-snippet:-1","max-image-preview":"max-image-preview:large","max-video-preview":"max-video-preview:-1"},"canonical":"https:\/\/amarespectacular.com\/producte\/sardinas-millesimees-en-aceite-de-oliva\/","og_locale":"ca_ES","og_type":"article","og_title":"Sardines MILL\u00c9SIM\u00c9ES en Oli d'Oliva - A Mar Es Espectacular","og_description":"Les Sardines Mill\u00e9sim\u00e9es a Oli d'Oliva destaquen pel seu color brillant, aroma mar\u00ed, textura ferma i sabor aut\u00e8ntic. Aquestes sardines maduren en oli d'oliva durant mesos, permetent que els sabors es desenvolupin i intensifiquin amb el temps. prote\u00efnes i minerals, s\u00f3n ideals per a una dieta equilibrada. Mariden perfectament amb la salsa A Mar d\u2019Amunt by Paco P\u00e9rez, transformant qualsevol ocasi\u00f3 en una experi\u00e8ncia gastron\u00f2mica inoblidable.","og_url":"https:\/\/amarespectacular.com\/producte\/sardinas-millesimees-en-aceite-de-oliva\/","og_site_name":"A Mar Es Espectacular","article_modified_time":"2024-12-11T14:18:25+00:00","og_image":[{"width":1200,"height":1200,"url":"https:\/\/amarespectacular.com\/wp-content\/uploads\/2024\/10\/sardinas-millesimees-1200px.png","type":"image\/png"}],"twitter_card":"summary_large_image","twitter_misc":{"Temps estimat de lectura":"2 minuts"},"schema":{"@context":"https:\/\/schema.org","@graph":[{"@type":"WebPage","@id":"https:\/\/amarespectacular.com\/producte\/sardinas-millesimees-en-aceite-de-oliva\/","url":"https:\/\/amarespectacular.com\/producte\/sardinas-millesimees-en-aceite-de-oliva\/","name":"Sardines MILL\u00c9SIM\u00c9ES en Oli d'Oliva - A Mar Es Espectacular","isPartOf":{"@id":"https:\/\/amarespectacular.com\/#website"},"primaryImageOfPage":{"@id":"https:\/\/amarespectacular.com\/producte\/sardinas-millesimees-en-aceite-de-oliva\/#primaryimage"},"image":{"@id":"https:\/\/amarespectacular.com\/producte\/sardinas-millesimees-en-aceite-de-oliva\/#primaryimage"},"thumbnailUrl":"https:\/\/amarespectacular.com\/wp-content\/uploads\/2024\/09\/mockup_pack_amar_sardinas-scaled.png","datePublished":"2024-10-17T09:44:50+00:00","dateModified":"2024-12-11T14:18:25+00:00","breadcrumb":{"@id":"https:\/\/amarespectacular.com\/producte\/sardinas-millesimees-en-aceite-de-oliva\/#breadcrumb"},"inLanguage":"ca","potentialAction":[{"@type":"ReadAction","target":["https:\/\/amarespectacular.com\/producte\/sardinas-millesimees-en-aceite-de-oliva\/"]}]},{"@type":"ImageObject","inLanguage":"ca","@id":"https:\/\/amarespectacular.com\/producte\/sardinas-millesimees-en-aceite-de-oliva\/#primaryimage","url":"https:\/\/amarespectacular.com\/wp-content\/uploads\/2024\/09\/mockup_pack_amar_sardinas-scaled.png","contentUrl":"https:\/\/amarespectacular.com\/wp-content\/uploads\/2024\/09\/mockup_pack_amar_sardinas-scaled.png","width":2115,"height":2560},{"@type":"BreadcrumbList","@id":"https:\/\/amarespectacular.com\/producte\/sardinas-millesimees-en-aceite-de-oliva\/#breadcrumb","itemListElement":[{"@type":"ListItem","position":1,"name":"Portada","item":"https:\/\/amarespectacular.com\/ca\/"},{"@type":"ListItem","position":2,"name":"Productos","item":"https:\/\/amarespectacular.com\/shop\/"},{"@type":"ListItem","position":3,"name":"Sardines MILL\u00c9SIM\u00c9ES en Oli d&#8217;Oliva"}]},{"@type":"WebSite","@id":"https:\/\/amarespectacular.com\/#website","url":"https:\/\/amarespectacular.com\/","name":"A Mar Es Espectacular","description":"","potentialAction":[{"@type":"SearchAction","target":{"@type":"EntryPoint","urlTemplate":"https:\/\/amarespectacular.com\/?s={search_term_string}"},"query-input":{"@type":"PropertyValueSpecification","valueRequired":true,"valueName":"search_term_string"}}],"inLanguage":"ca"}]}},"_links":{"self":[{"href":"https:\/\/amarespectacular.com\/ca\/wp-json\/wp\/v2\/product\/4717","targetHints":{"allow":["GET"]}}],"collection":[{"href":"https:\/\/amarespectacular.com\/ca\/wp-json\/wp\/v2\/product"}],"about":[{"href":"https:\/\/amarespectacular.com\/ca\/wp-json\/wp\/v2\/types\/product"}],"wp:featuredmedia":[{"embeddable":true,"href":"https:\/\/amarespectacular.com\/ca\/wp-json\/wp\/v2\/media\/5744"}],"wp:attachment":[{"href":"https:\/\/amarespectacular.com\/ca\/wp-json\/wp\/v2\/media?parent=4717"}],"wp:term":[{"taxonomy":"product_brand","embeddable":true,"href":"https:\/\/amarespectacular.com\/ca\/wp-json\/wp\/v2\/product_brand?post=4717"},{"taxonomy":"product_cat","embeddable":true,"href":"https:\/\/amarespectacular.com\/ca\/wp-json\/wp\/v2\/product_cat?post=4717"},{"taxonomy":"product_tag","embeddable":true,"href":"https:\/\/amarespectacular.com\/ca\/wp-json\/wp\/v2\/product_tag?post=4717"}],"curies":[{"name":"wp","href":"https:\/\/api.w.org\/{rel}","templated":true}]}}