{"id":4762,"date":"2024-10-17T10:25:12","date_gmt":"2024-10-17T10:25:12","guid":{"rendered":"https:\/\/amarespectacular.com\/?post_type=product&#038;p=4762"},"modified":"2025-01-22T13:38:26","modified_gmt":"2025-01-22T13:38:26","slug":"escopinyes-al-natural-60-75","status":"publish","type":"product","link":"https:\/\/amarespectacular.com\/ca\/producte\/escopinyes-al-natural-60-75\/","title":{"rendered":"Escopinyes al Natural 60\/75"},"content":{"rendered":"<p>Les escopinyes al Natural 60\/75 d&#8217;A Mar Espectacular s\u00f3n una aut\u00e8ntica experi\u00e8ncia gurmet, ideals per als que busquen l&#8217;ess\u00e8ncia m\u00e9s pura del mar. El seu intens i aut\u00e8ntic sabor recorda la frescor de les onades i la seva aroma evoca les costes verges del mar Celtic.<\/p>\n<p>Procedents de l&#8217;extraordinari estuari de Three Rivers a Gal\u00b7les, on convergeixen els rius Towy, Taf i Gwendraeth abans de desembocar a la badia de Carmarthen, aquestes escopinyes s\u00f3n un reflex de la riquesa natural i biodiversitat del seu entorn. Aquest privilegiat h\u00e0bitat garanteix una qualitat excepcional a cada pe\u00e7a.<\/p>\n<p>A m\u00e9s del sabor incomparable, aquestes escopinyes destaquen pels seus beneficis nutricionals: s\u00f3n rics en prote\u00efnes, ferro, zinc i vitamines del grup B, ideals per a una dieta equilibrada i saludable. El baix contingut en greixos els converteix en un aliment lleuger i nutritiu.<\/p>\n<p>Perfectes com a centre d&#8217;atenci\u00f3 en qualsevol aperitiu, les escopinyes al Natural 34\/45 es llueixen a cada taula. Pots combinar-los amb altres productes d&#8217;A Mar Espectacular, com les Clo\u00efsses al Natural o les Sardines a l&#8217;Oli d&#8217;Oliva. Per real\u00e7ar encara m\u00e9s el sabor, acompanya&#8217;ls amb la Salsa A Mar d&#8217;Amunt, una elecci\u00f3 que porta aquesta experi\u00e8ncia culin\u00e0ria a noves al\u00e7ades.<\/p>\n","protected":false},"excerpt":{"rendered":"<p>Descobreix les aut\u00e8ntiques escopinyes al Natural 60\/75 d&#8217;A Mar Espectacular, una joia del mar, d&#8217;un entorn \u00fanic. Aquests petits tresors marins destaquen per la frescor, la textura ferma i un delicat toc sal\u00ed que evoca l&#8217;ess\u00e8ncia de l&#8217;oce\u00e0. S\u00f3n una excel\u00b7lent font de prote\u00efnes, ferro i vitamines, perfectes per complementar una dieta saludable. Gaudeix-los com a protagonista dels teus aperitius o acompanya&#8217;ls amb la salsa A Mar d&#8217;Amunt by Paco P\u00e9rez per crear combinacions plenes de sabor. Perfectes en qualsevol ocasi\u00f3, aquestes escopinyes transformaran les teves reunions en experi\u00e8ncies memorables.<\/p>\n","protected":false},"featured_media":4747,"template":"","meta":{"_acf_changed":false},"product_brand":[],"product_cat":[109],"product_tag":[],"class_list":{"0":"post-4762","1":"product","2":"type-product","3":"status-publish","4":"has-post-thumbnail","6":"product_cat-escopinyes","8":"first","9":"instock","10":"taxable","11":"shipping-taxable","12":"purchasable","13":"product-type-simple"},"acf":[],"yoast_head":"<!-- This site is optimized with the Yoast SEO plugin v27.3 - https:\/\/yoast.com\/product\/yoast-seo-wordpress\/ -->\n<title>Escopinyes al Natural 60\/75 - A Mar Es Espectacular<\/title>\n<meta name=\"robots\" content=\"index, follow, max-snippet:-1, max-image-preview:large, max-video-preview:-1\" \/>\n<link rel=\"canonical\" href=\"https:\/\/amarespectacular.com\/ca\/producte\/escopinyes-al-natural-60-75\/\" \/>\n<meta property=\"og:locale\" content=\"ca_ES\" \/>\n<meta property=\"og:type\" content=\"article\" \/>\n<meta property=\"og:title\" content=\"Escopinyes al Natural 60\/75 - A Mar Es Espectacular\" \/>\n<meta property=\"og:description\" content=\"Descobreix les aut\u00e8ntiques escopinyes al Natural 60\/75 d&#039;A Mar Espectacular, una joia del mar, d&#039;un entorn \u00fanic. Aquests petits tresors marins destaquen per la frescor, la textura ferma i un delicat toc sal\u00ed que evoca l&#039;ess\u00e8ncia de l&#039;oce\u00e0. S\u00f3n una excel\u00b7lent font de prote\u00efnes, ferro i vitamines, perfectes per complementar una dieta saludable. Gaudeix-los com a protagonista dels teus aperitius o acompanya&#039;ls amb la salsa A Mar d&#039;Amunt by Paco P\u00e9rez per crear combinacions plenes de sabor. Perfectes en qualsevol ocasi\u00f3, aquestes escopinyes transformaran les teves reunions en experi\u00e8ncies memorables.\" \/>\n<meta property=\"og:url\" content=\"https:\/\/amarespectacular.com\/ca\/producte\/escopinyes-al-natural-60-75\/\" \/>\n<meta property=\"og:site_name\" content=\"A Mar Es Espectacular\" \/>\n<meta property=\"article:modified_time\" content=\"2025-01-22T13:38:26+00:00\" \/>\n<meta property=\"og:image\" content=\"https:\/\/amarespectacular.com\/wp-content\/uploads\/2024\/10\/berberechos-natural-60-75.png\" \/>\n\t<meta property=\"og:image:width\" content=\"1200\" \/>\n\t<meta property=\"og:image:height\" content=\"1200\" \/>\n\t<meta property=\"og:image:type\" content=\"image\/png\" \/>\n<meta name=\"twitter:card\" content=\"summary_large_image\" \/>\n<meta name=\"twitter:label1\" content=\"Temps estimat de lectura\" \/>\n\t<meta name=\"twitter:data1\" content=\"2 minuts\" \/>\n<script type=\"application\/ld+json\" class=\"yoast-schema-graph\">{\"@context\":\"https:\\\/\\\/schema.org\",\"@graph\":[{\"@type\":\"WebPage\",\"@id\":\"https:\\\/\\\/amarespectacular.com\\\/ca\\\/producte\\\/escopinyes-al-natural-60-75\\\/\",\"url\":\"https:\\\/\\\/amarespectacular.com\\\/ca\\\/producte\\\/escopinyes-al-natural-60-75\\\/\",\"name\":\"Escopinyes al Natural 60\\\/75 - A Mar Es Espectacular\",\"isPartOf\":{\"@id\":\"https:\\\/\\\/amarespectacular.com\\\/#website\"},\"primaryImageOfPage\":{\"@id\":\"https:\\\/\\\/amarespectacular.com\\\/ca\\\/producte\\\/escopinyes-al-natural-60-75\\\/#primaryimage\"},\"image\":{\"@id\":\"https:\\\/\\\/amarespectacular.com\\\/ca\\\/producte\\\/escopinyes-al-natural-60-75\\\/#primaryimage\"},\"thumbnailUrl\":\"https:\\\/\\\/amarespectacular.com\\\/wp-content\\\/uploads\\\/2024\\\/10\\\/berberechos-natural-60-75.png\",\"datePublished\":\"2024-10-17T10:25:12+00:00\",\"dateModified\":\"2025-01-22T13:38:26+00:00\",\"breadcrumb\":{\"@id\":\"https:\\\/\\\/amarespectacular.com\\\/ca\\\/producte\\\/escopinyes-al-natural-60-75\\\/#breadcrumb\"},\"inLanguage\":\"ca\",\"potentialAction\":[{\"@type\":\"ReadAction\",\"target\":[\"https:\\\/\\\/amarespectacular.com\\\/ca\\\/producte\\\/escopinyes-al-natural-60-75\\\/\"]}]},{\"@type\":\"ImageObject\",\"inLanguage\":\"ca\",\"@id\":\"https:\\\/\\\/amarespectacular.com\\\/ca\\\/producte\\\/escopinyes-al-natural-60-75\\\/#primaryimage\",\"url\":\"https:\\\/\\\/amarespectacular.com\\\/wp-content\\\/uploads\\\/2024\\\/10\\\/berberechos-natural-60-75.png\",\"contentUrl\":\"https:\\\/\\\/amarespectacular.com\\\/wp-content\\\/uploads\\\/2024\\\/10\\\/berberechos-natural-60-75.png\",\"width\":1200,\"height\":1200},{\"@type\":\"BreadcrumbList\",\"@id\":\"https:\\\/\\\/amarespectacular.com\\\/ca\\\/producte\\\/escopinyes-al-natural-60-75\\\/#breadcrumb\",\"itemListElement\":[{\"@type\":\"ListItem\",\"position\":1,\"name\":\"Portada\",\"item\":\"https:\\\/\\\/amarespectacular.com\\\/ca\\\/\"},{\"@type\":\"ListItem\",\"position\":2,\"name\":\"Productos\",\"item\":\"https:\\\/\\\/amarespectacular.com\\\/shop\\\/\"},{\"@type\":\"ListItem\",\"position\":3,\"name\":\"Escopinyes al Natural 60\\\/75\"}]},{\"@type\":\"WebSite\",\"@id\":\"https:\\\/\\\/amarespectacular.com\\\/#website\",\"url\":\"https:\\\/\\\/amarespectacular.com\\\/\",\"name\":\"A Mar Es Espectacular\",\"description\":\"\",\"potentialAction\":[{\"@type\":\"SearchAction\",\"target\":{\"@type\":\"EntryPoint\",\"urlTemplate\":\"https:\\\/\\\/amarespectacular.com\\\/?s={search_term_string}\"},\"query-input\":{\"@type\":\"PropertyValueSpecification\",\"valueRequired\":true,\"valueName\":\"search_term_string\"}}],\"inLanguage\":\"ca\"}]}<\/script>\n<!-- \/ Yoast SEO plugin. -->","yoast_head_json":{"title":"Escopinyes al Natural 60\/75 - A Mar Es Espectacular","robots":{"index":"index","follow":"follow","max-snippet":"max-snippet:-1","max-image-preview":"max-image-preview:large","max-video-preview":"max-video-preview:-1"},"canonical":"https:\/\/amarespectacular.com\/ca\/producte\/escopinyes-al-natural-60-75\/","og_locale":"ca_ES","og_type":"article","og_title":"Escopinyes al Natural 60\/75 - A Mar Es Espectacular","og_description":"Descobreix les aut\u00e8ntiques escopinyes al Natural 60\/75 d'A Mar Espectacular, una joia del mar, d'un entorn \u00fanic. Aquests petits tresors marins destaquen per la frescor, la textura ferma i un delicat toc sal\u00ed que evoca l'ess\u00e8ncia de l'oce\u00e0. S\u00f3n una excel\u00b7lent font de prote\u00efnes, ferro i vitamines, perfectes per complementar una dieta saludable. Gaudeix-los com a protagonista dels teus aperitius o acompanya'ls amb la salsa A Mar d'Amunt by Paco P\u00e9rez per crear combinacions plenes de sabor. Perfectes en qualsevol ocasi\u00f3, aquestes escopinyes transformaran les teves reunions en experi\u00e8ncies memorables.","og_url":"https:\/\/amarespectacular.com\/ca\/producte\/escopinyes-al-natural-60-75\/","og_site_name":"A Mar Es Espectacular","article_modified_time":"2025-01-22T13:38:26+00:00","og_image":[{"width":1200,"height":1200,"url":"https:\/\/amarespectacular.com\/wp-content\/uploads\/2024\/10\/berberechos-natural-60-75.png","type":"image\/png"}],"twitter_card":"summary_large_image","twitter_misc":{"Temps estimat de lectura":"2 minuts"},"schema":{"@context":"https:\/\/schema.org","@graph":[{"@type":"WebPage","@id":"https:\/\/amarespectacular.com\/ca\/producte\/escopinyes-al-natural-60-75\/","url":"https:\/\/amarespectacular.com\/ca\/producte\/escopinyes-al-natural-60-75\/","name":"Escopinyes al Natural 60\/75 - A Mar Es Espectacular","isPartOf":{"@id":"https:\/\/amarespectacular.com\/#website"},"primaryImageOfPage":{"@id":"https:\/\/amarespectacular.com\/ca\/producte\/escopinyes-al-natural-60-75\/#primaryimage"},"image":{"@id":"https:\/\/amarespectacular.com\/ca\/producte\/escopinyes-al-natural-60-75\/#primaryimage"},"thumbnailUrl":"https:\/\/amarespectacular.com\/wp-content\/uploads\/2024\/10\/berberechos-natural-60-75.png","datePublished":"2024-10-17T10:25:12+00:00","dateModified":"2025-01-22T13:38:26+00:00","breadcrumb":{"@id":"https:\/\/amarespectacular.com\/ca\/producte\/escopinyes-al-natural-60-75\/#breadcrumb"},"inLanguage":"ca","potentialAction":[{"@type":"ReadAction","target":["https:\/\/amarespectacular.com\/ca\/producte\/escopinyes-al-natural-60-75\/"]}]},{"@type":"ImageObject","inLanguage":"ca","@id":"https:\/\/amarespectacular.com\/ca\/producte\/escopinyes-al-natural-60-75\/#primaryimage","url":"https:\/\/amarespectacular.com\/wp-content\/uploads\/2024\/10\/berberechos-natural-60-75.png","contentUrl":"https:\/\/amarespectacular.com\/wp-content\/uploads\/2024\/10\/berberechos-natural-60-75.png","width":1200,"height":1200},{"@type":"BreadcrumbList","@id":"https:\/\/amarespectacular.com\/ca\/producte\/escopinyes-al-natural-60-75\/#breadcrumb","itemListElement":[{"@type":"ListItem","position":1,"name":"Portada","item":"https:\/\/amarespectacular.com\/ca\/"},{"@type":"ListItem","position":2,"name":"Productos","item":"https:\/\/amarespectacular.com\/shop\/"},{"@type":"ListItem","position":3,"name":"Escopinyes al Natural 60\/75"}]},{"@type":"WebSite","@id":"https:\/\/amarespectacular.com\/#website","url":"https:\/\/amarespectacular.com\/","name":"A Mar Es Espectacular","description":"","potentialAction":[{"@type":"SearchAction","target":{"@type":"EntryPoint","urlTemplate":"https:\/\/amarespectacular.com\/?s={search_term_string}"},"query-input":{"@type":"PropertyValueSpecification","valueRequired":true,"valueName":"search_term_string"}}],"inLanguage":"ca"}]}},"_links":{"self":[{"href":"https:\/\/amarespectacular.com\/ca\/wp-json\/wp\/v2\/product\/4762","targetHints":{"allow":["GET"]}}],"collection":[{"href":"https:\/\/amarespectacular.com\/ca\/wp-json\/wp\/v2\/product"}],"about":[{"href":"https:\/\/amarespectacular.com\/ca\/wp-json\/wp\/v2\/types\/product"}],"wp:featuredmedia":[{"embeddable":true,"href":"https:\/\/amarespectacular.com\/ca\/wp-json\/wp\/v2\/media\/4747"}],"wp:attachment":[{"href":"https:\/\/amarespectacular.com\/ca\/wp-json\/wp\/v2\/media?parent=4762"}],"wp:term":[{"taxonomy":"product_brand","embeddable":true,"href":"https:\/\/amarespectacular.com\/ca\/wp-json\/wp\/v2\/product_brand?post=4762"},{"taxonomy":"product_cat","embeddable":true,"href":"https:\/\/amarespectacular.com\/ca\/wp-json\/wp\/v2\/product_cat?post=4762"},{"taxonomy":"product_tag","embeddable":true,"href":"https:\/\/amarespectacular.com\/ca\/wp-json\/wp\/v2\/product_tag?post=4762"}],"curies":[{"name":"wp","href":"https:\/\/api.w.org\/{rel}","templated":true}]}}