{"id":4838,"date":"2024-10-17T10:10:25","date_gmt":"2024-10-17T10:10:25","guid":{"rendered":"https:\/\/amarespectacular.com\/product\/pack-salsa-dosificador\/"},"modified":"2024-11-19T20:45:12","modified_gmt":"2024-11-19T20:45:12","slug":"pack-salsa-dosificador","status":"publish","type":"product","link":"https:\/\/amarespectacular.com\/ca\/producte\/pack-salsa-dosificador\/","title":{"rendered":"Pack Salsa &#038; Dosificador"},"content":{"rendered":"<p>El pack Salsa &amp; Dosificador d&#8217;A Mar Espectacular \u00e9s l&#8217;elecci\u00f3 ideal per gaudir al m\u00e0xim de la Salsa A Mar d&#8217;Amunt, creada en col\u00b7laboraci\u00f3 amb el prestigi\u00f3s xef Paco P\u00e9rez. Aquesta salsa, inspirada en els sabors del Mediterrani, real\u00e7a qualsevol plat amb el seu perfil \u00fanic, ideal per acompanyar aperitius, peixos, marisc, amanides i pastes. L&#8217;accessori dosificador incl\u00f2s facilita servir la quantitat justa, mantenint la frescor i la precisi\u00f3 a cada porci\u00f3. Aquest pack \u00e9s perfecte per als que busquen un toc gurmet i pr\u00e0ctic, permetent assaborir l&#8217;ess\u00e8ncia del mar a cada mos de manera senzilla i elegant.<\/p>\n","protected":false},"excerpt":{"rendered":"<p>El pack Salsa &amp; Dosificador d&#8217;A Mar Espectacular \u00e9s l&#8217;elecci\u00f3 ideal per gaudir al m\u00e0xim de la Salsa A Mar d&#8217;Amunt, creada en col\u00b7laboraci\u00f3 amb el prestigi\u00f3s xef Paco P\u00e9rez.<\/p>\n","protected":false},"featured_media":4727,"template":"","meta":{"_acf_changed":false},"product_brand":[],"product_cat":[427],"product_tag":[],"class_list":{"0":"post-4838","1":"product","2":"type-product","3":"status-publish","4":"has-post-thumbnail","6":"product_cat-uncategorized-ca","8":"first","9":"instock","10":"taxable","11":"shipping-taxable","12":"purchasable","13":"product-type-simple"},"acf":[],"yoast_head":"<!-- This site is optimized with the Yoast SEO plugin v27.3 - https:\/\/yoast.com\/product\/yoast-seo-wordpress\/ -->\n<title>Pack Salsa &amp; Dosificador - A Mar Es Espectacular<\/title>\n<meta name=\"robots\" content=\"index, follow, max-snippet:-1, max-image-preview:large, max-video-preview:-1\" \/>\n<link rel=\"canonical\" href=\"https:\/\/amarespectacular.com\/producte\/dosificador-de-salsa\/\" \/>\n<meta property=\"og:locale\" content=\"ca_ES\" \/>\n<meta property=\"og:type\" content=\"article\" \/>\n<meta property=\"og:title\" content=\"Pack Salsa &amp; Dosificador - A Mar Es Espectacular\" \/>\n<meta property=\"og:description\" content=\"El pack Salsa &amp; Dosificador d&#039;A Mar Espectacular \u00e9s l&#039;elecci\u00f3 ideal per gaudir al m\u00e0xim de la Salsa A Mar d&#039;Amunt, creada en col\u00b7laboraci\u00f3 amb el prestigi\u00f3s xef Paco P\u00e9rez.\" \/>\n<meta property=\"og:url\" content=\"https:\/\/amarespectacular.com\/producte\/dosificador-de-salsa\/\" \/>\n<meta property=\"og:site_name\" content=\"A Mar Es Espectacular\" \/>\n<meta property=\"article:modified_time\" content=\"2024-11-19T20:45:12+00:00\" \/>\n<meta property=\"og:image\" content=\"https:\/\/amarespectacular.com\/wp-content\/uploads\/2024\/10\/foto-dosificador-01.png\" \/>\n\t<meta property=\"og:image:width\" content=\"1200\" \/>\n\t<meta property=\"og:image:height\" content=\"1200\" \/>\n\t<meta property=\"og:image:type\" content=\"image\/png\" \/>\n<meta name=\"twitter:card\" content=\"summary_large_image\" \/>\n<meta name=\"twitter:label1\" content=\"Temps estimat de lectura\" \/>\n\t<meta name=\"twitter:data1\" content=\"1 minut\" \/>\n<script type=\"application\/ld+json\" class=\"yoast-schema-graph\">{\"@context\":\"https:\\\/\\\/schema.org\",\"@graph\":[{\"@type\":\"WebPage\",\"@id\":\"https:\\\/\\\/amarespectacular.com\\\/producte\\\/dosificador-de-salsa\\\/\",\"url\":\"https:\\\/\\\/amarespectacular.com\\\/producte\\\/dosificador-de-salsa\\\/\",\"name\":\"Pack Salsa & Dosificador - A Mar Es Espectacular\",\"isPartOf\":{\"@id\":\"https:\\\/\\\/amarespectacular.com\\\/#website\"},\"primaryImageOfPage\":{\"@id\":\"https:\\\/\\\/amarespectacular.com\\\/producte\\\/dosificador-de-salsa\\\/#primaryimage\"},\"image\":{\"@id\":\"https:\\\/\\\/amarespectacular.com\\\/producte\\\/dosificador-de-salsa\\\/#primaryimage\"},\"thumbnailUrl\":\"https:\\\/\\\/amarespectacular.com\\\/wp-content\\\/uploads\\\/2024\\\/10\\\/foto-dosificador-01.png\",\"datePublished\":\"2024-10-17T10:10:25+00:00\",\"dateModified\":\"2024-11-19T20:45:12+00:00\",\"breadcrumb\":{\"@id\":\"https:\\\/\\\/amarespectacular.com\\\/producte\\\/dosificador-de-salsa\\\/#breadcrumb\"},\"inLanguage\":\"ca\",\"potentialAction\":[{\"@type\":\"ReadAction\",\"target\":[\"https:\\\/\\\/amarespectacular.com\\\/producte\\\/dosificador-de-salsa\\\/\"]}]},{\"@type\":\"ImageObject\",\"inLanguage\":\"ca\",\"@id\":\"https:\\\/\\\/amarespectacular.com\\\/producte\\\/dosificador-de-salsa\\\/#primaryimage\",\"url\":\"https:\\\/\\\/amarespectacular.com\\\/wp-content\\\/uploads\\\/2024\\\/10\\\/foto-dosificador-01.png\",\"contentUrl\":\"https:\\\/\\\/amarespectacular.com\\\/wp-content\\\/uploads\\\/2024\\\/10\\\/foto-dosificador-01.png\",\"width\":1200,\"height\":1200},{\"@type\":\"BreadcrumbList\",\"@id\":\"https:\\\/\\\/amarespectacular.com\\\/producte\\\/dosificador-de-salsa\\\/#breadcrumb\",\"itemListElement\":[{\"@type\":\"ListItem\",\"position\":1,\"name\":\"Portada\",\"item\":\"https:\\\/\\\/amarespectacular.com\\\/ca\\\/\"},{\"@type\":\"ListItem\",\"position\":2,\"name\":\"Productos\",\"item\":\"https:\\\/\\\/amarespectacular.com\\\/shop\\\/\"},{\"@type\":\"ListItem\",\"position\":3,\"name\":\"Pack Salsa &#038; Dosificador\"}]},{\"@type\":\"WebSite\",\"@id\":\"https:\\\/\\\/amarespectacular.com\\\/#website\",\"url\":\"https:\\\/\\\/amarespectacular.com\\\/\",\"name\":\"A Mar Es Espectacular\",\"description\":\"\",\"potentialAction\":[{\"@type\":\"SearchAction\",\"target\":{\"@type\":\"EntryPoint\",\"urlTemplate\":\"https:\\\/\\\/amarespectacular.com\\\/?s={search_term_string}\"},\"query-input\":{\"@type\":\"PropertyValueSpecification\",\"valueRequired\":true,\"valueName\":\"search_term_string\"}}],\"inLanguage\":\"ca\"}]}<\/script>\n<!-- \/ Yoast SEO plugin. -->","yoast_head_json":{"title":"Pack Salsa & Dosificador - A Mar Es Espectacular","robots":{"index":"index","follow":"follow","max-snippet":"max-snippet:-1","max-image-preview":"max-image-preview:large","max-video-preview":"max-video-preview:-1"},"canonical":"https:\/\/amarespectacular.com\/producte\/dosificador-de-salsa\/","og_locale":"ca_ES","og_type":"article","og_title":"Pack Salsa & Dosificador - A Mar Es Espectacular","og_description":"El pack Salsa &amp; Dosificador d'A Mar Espectacular \u00e9s l'elecci\u00f3 ideal per gaudir al m\u00e0xim de la Salsa A Mar d'Amunt, creada en col\u00b7laboraci\u00f3 amb el prestigi\u00f3s xef Paco P\u00e9rez.","og_url":"https:\/\/amarespectacular.com\/producte\/dosificador-de-salsa\/","og_site_name":"A Mar Es Espectacular","article_modified_time":"2024-11-19T20:45:12+00:00","og_image":[{"width":1200,"height":1200,"url":"https:\/\/amarespectacular.com\/wp-content\/uploads\/2024\/10\/foto-dosificador-01.png","type":"image\/png"}],"twitter_card":"summary_large_image","twitter_misc":{"Temps estimat de lectura":"1 minut"},"schema":{"@context":"https:\/\/schema.org","@graph":[{"@type":"WebPage","@id":"https:\/\/amarespectacular.com\/producte\/dosificador-de-salsa\/","url":"https:\/\/amarespectacular.com\/producte\/dosificador-de-salsa\/","name":"Pack Salsa & Dosificador - A Mar Es Espectacular","isPartOf":{"@id":"https:\/\/amarespectacular.com\/#website"},"primaryImageOfPage":{"@id":"https:\/\/amarespectacular.com\/producte\/dosificador-de-salsa\/#primaryimage"},"image":{"@id":"https:\/\/amarespectacular.com\/producte\/dosificador-de-salsa\/#primaryimage"},"thumbnailUrl":"https:\/\/amarespectacular.com\/wp-content\/uploads\/2024\/10\/foto-dosificador-01.png","datePublished":"2024-10-17T10:10:25+00:00","dateModified":"2024-11-19T20:45:12+00:00","breadcrumb":{"@id":"https:\/\/amarespectacular.com\/producte\/dosificador-de-salsa\/#breadcrumb"},"inLanguage":"ca","potentialAction":[{"@type":"ReadAction","target":["https:\/\/amarespectacular.com\/producte\/dosificador-de-salsa\/"]}]},{"@type":"ImageObject","inLanguage":"ca","@id":"https:\/\/amarespectacular.com\/producte\/dosificador-de-salsa\/#primaryimage","url":"https:\/\/amarespectacular.com\/wp-content\/uploads\/2024\/10\/foto-dosificador-01.png","contentUrl":"https:\/\/amarespectacular.com\/wp-content\/uploads\/2024\/10\/foto-dosificador-01.png","width":1200,"height":1200},{"@type":"BreadcrumbList","@id":"https:\/\/amarespectacular.com\/producte\/dosificador-de-salsa\/#breadcrumb","itemListElement":[{"@type":"ListItem","position":1,"name":"Portada","item":"https:\/\/amarespectacular.com\/ca\/"},{"@type":"ListItem","position":2,"name":"Productos","item":"https:\/\/amarespectacular.com\/shop\/"},{"@type":"ListItem","position":3,"name":"Pack Salsa &#038; Dosificador"}]},{"@type":"WebSite","@id":"https:\/\/amarespectacular.com\/#website","url":"https:\/\/amarespectacular.com\/","name":"A Mar Es Espectacular","description":"","potentialAction":[{"@type":"SearchAction","target":{"@type":"EntryPoint","urlTemplate":"https:\/\/amarespectacular.com\/?s={search_term_string}"},"query-input":{"@type":"PropertyValueSpecification","valueRequired":true,"valueName":"search_term_string"}}],"inLanguage":"ca"}]}},"_links":{"self":[{"href":"https:\/\/amarespectacular.com\/ca\/wp-json\/wp\/v2\/product\/4838","targetHints":{"allow":["GET"]}}],"collection":[{"href":"https:\/\/amarespectacular.com\/ca\/wp-json\/wp\/v2\/product"}],"about":[{"href":"https:\/\/amarespectacular.com\/ca\/wp-json\/wp\/v2\/types\/product"}],"wp:featuredmedia":[{"embeddable":true,"href":"https:\/\/amarespectacular.com\/ca\/wp-json\/wp\/v2\/media\/4727"}],"wp:attachment":[{"href":"https:\/\/amarespectacular.com\/ca\/wp-json\/wp\/v2\/media?parent=4838"}],"wp:term":[{"taxonomy":"product_brand","embeddable":true,"href":"https:\/\/amarespectacular.com\/ca\/wp-json\/wp\/v2\/product_brand?post=4838"},{"taxonomy":"product_cat","embeddable":true,"href":"https:\/\/amarespectacular.com\/ca\/wp-json\/wp\/v2\/product_cat?post=4838"},{"taxonomy":"product_tag","embeddable":true,"href":"https:\/\/amarespectacular.com\/ca\/wp-json\/wp\/v2\/product_tag?post=4838"}],"curies":[{"name":"wp","href":"https:\/\/api.w.org\/{rel}","templated":true}]}}