{"id":6028,"date":"2025-10-03T21:49:37","date_gmt":"2025-10-03T19:49:37","guid":{"rendered":"https:\/\/amarespectacular.com\/?post_type=product&#038;p=6028"},"modified":"2025-10-21T21:52:05","modified_gmt":"2025-10-21T19:52:05","slug":"patates-artesanes-amb-sal-marina-250g","status":"publish","type":"product","link":"https:\/\/amarespectacular.com\/ca\/producte\/patates-artesanes-amb-sal-marina-250g\/","title":{"rendered":"Patates Artesanes amb Sal Marina 250g"},"content":{"rendered":"<p>Elaborades amb patata seleccionada i sal marina, aquestes xips s\u00f3n extra cruixents i delicioses \u2014l\u2019acompanyament perfecte per a qualsevol aperitiu. El seu sabor aut\u00e8ntic i la seva textura \u00fanica harmonitzen a la perfecci\u00f3 amb la nostra Salsa A Mar d\u2019Amunt i amb totes les nostres llaunes.<\/p>\n<p>Ideals per compartir en qualsevol ocasi\u00f3, aquestes patates transformaran els teus moments de picoteig en una experi\u00e8ncia gurmet inigualable.<\/p>\n","protected":false},"excerpt":{"rendered":"<p>Elaborades amb patata seleccionada i sal marina, aquestes xips s\u00f3n extra cruixents i delicioses \u2014l\u2019acompanyament perfecte per a qualsevol aperitiu.<\/p>\n","protected":false},"featured_media":6025,"template":"","meta":{"_acf_changed":false},"product_brand":[],"product_cat":[259],"product_tag":[],"class_list":{"0":"post-6028","1":"product","2":"type-product","3":"status-publish","4":"has-post-thumbnail","6":"product_cat-aperitius","8":"first","9":"instock","10":"taxable","11":"shipping-taxable","12":"purchasable","13":"product-type-simple"},"acf":[],"yoast_head":"<!-- This site is optimized with the Yoast SEO plugin v27.3 - https:\/\/yoast.com\/product\/yoast-seo-wordpress\/ -->\n<title>Patates Artesanes amb Sal Marina 250g - A Mar Es Espectacular<\/title>\n<meta name=\"robots\" content=\"index, follow, max-snippet:-1, max-image-preview:large, max-video-preview:-1\" \/>\n<link rel=\"canonical\" href=\"https:\/\/amarespectacular.com\/ca\/producte\/patates-artesanes-amb-sal-marina-250g\/\" \/>\n<meta property=\"og:locale\" content=\"ca_ES\" \/>\n<meta property=\"og:type\" content=\"article\" \/>\n<meta property=\"og:title\" content=\"Patates Artesanes amb Sal Marina 250g - A Mar Es Espectacular\" \/>\n<meta property=\"og:description\" content=\"Elaborades amb patata seleccionada i sal marina, aquestes xips s\u00f3n extra cruixents i delicioses \u2014l\u2019acompanyament perfecte per a qualsevol aperitiu.\" \/>\n<meta property=\"og:url\" content=\"https:\/\/amarespectacular.com\/ca\/producte\/patates-artesanes-amb-sal-marina-250g\/\" \/>\n<meta property=\"og:site_name\" content=\"A Mar Es Espectacular\" \/>\n<meta property=\"article:modified_time\" content=\"2025-10-21T19:52:05+00:00\" \/>\n<meta property=\"og:image\" content=\"https:\/\/amarespectacular.com\/wp-content\/uploads\/2023\/07\/bolsa-patatas-250gr.png\" \/>\n\t<meta property=\"og:image:width\" content=\"1200\" \/>\n\t<meta property=\"og:image:height\" content=\"1200\" \/>\n\t<meta property=\"og:image:type\" content=\"image\/png\" \/>\n<meta name=\"twitter:card\" content=\"summary_large_image\" \/>\n<meta name=\"twitter:label1\" content=\"Temps estimat de lectura\" \/>\n\t<meta name=\"twitter:data1\" content=\"1 minut\" \/>\n<script type=\"application\/ld+json\" class=\"yoast-schema-graph\">{\"@context\":\"https:\\\/\\\/schema.org\",\"@graph\":[{\"@type\":\"WebPage\",\"@id\":\"https:\\\/\\\/amarespectacular.com\\\/ca\\\/producte\\\/patates-artesanes-amb-sal-marina-250g\\\/\",\"url\":\"https:\\\/\\\/amarespectacular.com\\\/ca\\\/producte\\\/patates-artesanes-amb-sal-marina-250g\\\/\",\"name\":\"Patates Artesanes amb Sal Marina 250g - A Mar Es Espectacular\",\"isPartOf\":{\"@id\":\"https:\\\/\\\/amarespectacular.com\\\/#website\"},\"primaryImageOfPage\":{\"@id\":\"https:\\\/\\\/amarespectacular.com\\\/ca\\\/producte\\\/patates-artesanes-amb-sal-marina-250g\\\/#primaryimage\"},\"image\":{\"@id\":\"https:\\\/\\\/amarespectacular.com\\\/ca\\\/producte\\\/patates-artesanes-amb-sal-marina-250g\\\/#primaryimage\"},\"thumbnailUrl\":\"https:\\\/\\\/amarespectacular.com\\\/wp-content\\\/uploads\\\/2023\\\/07\\\/bolsa-patatas-250gr.png\",\"datePublished\":\"2025-10-03T19:49:37+00:00\",\"dateModified\":\"2025-10-21T19:52:05+00:00\",\"breadcrumb\":{\"@id\":\"https:\\\/\\\/amarespectacular.com\\\/ca\\\/producte\\\/patates-artesanes-amb-sal-marina-250g\\\/#breadcrumb\"},\"inLanguage\":\"ca\",\"potentialAction\":[{\"@type\":\"ReadAction\",\"target\":[\"https:\\\/\\\/amarespectacular.com\\\/ca\\\/producte\\\/patates-artesanes-amb-sal-marina-250g\\\/\"]}]},{\"@type\":\"ImageObject\",\"inLanguage\":\"ca\",\"@id\":\"https:\\\/\\\/amarespectacular.com\\\/ca\\\/producte\\\/patates-artesanes-amb-sal-marina-250g\\\/#primaryimage\",\"url\":\"https:\\\/\\\/amarespectacular.com\\\/wp-content\\\/uploads\\\/2023\\\/07\\\/bolsa-patatas-250gr.png\",\"contentUrl\":\"https:\\\/\\\/amarespectacular.com\\\/wp-content\\\/uploads\\\/2023\\\/07\\\/bolsa-patatas-250gr.png\",\"width\":1200,\"height\":1200},{\"@type\":\"BreadcrumbList\",\"@id\":\"https:\\\/\\\/amarespectacular.com\\\/ca\\\/producte\\\/patates-artesanes-amb-sal-marina-250g\\\/#breadcrumb\",\"itemListElement\":[{\"@type\":\"ListItem\",\"position\":1,\"name\":\"Portada\",\"item\":\"https:\\\/\\\/amarespectacular.com\\\/ca\\\/\"},{\"@type\":\"ListItem\",\"position\":2,\"name\":\"Productos\",\"item\":\"https:\\\/\\\/amarespectacular.com\\\/shop\\\/\"},{\"@type\":\"ListItem\",\"position\":3,\"name\":\"Patates Artesanes amb Sal Marina 250g\"}]},{\"@type\":\"WebSite\",\"@id\":\"https:\\\/\\\/amarespectacular.com\\\/#website\",\"url\":\"https:\\\/\\\/amarespectacular.com\\\/\",\"name\":\"A Mar Es Espectacular\",\"description\":\"\",\"potentialAction\":[{\"@type\":\"SearchAction\",\"target\":{\"@type\":\"EntryPoint\",\"urlTemplate\":\"https:\\\/\\\/amarespectacular.com\\\/?s={search_term_string}\"},\"query-input\":{\"@type\":\"PropertyValueSpecification\",\"valueRequired\":true,\"valueName\":\"search_term_string\"}}],\"inLanguage\":\"ca\"}]}<\/script>\n<!-- \/ Yoast SEO plugin. -->","yoast_head_json":{"title":"Patates Artesanes amb Sal Marina 250g - A Mar Es Espectacular","robots":{"index":"index","follow":"follow","max-snippet":"max-snippet:-1","max-image-preview":"max-image-preview:large","max-video-preview":"max-video-preview:-1"},"canonical":"https:\/\/amarespectacular.com\/ca\/producte\/patates-artesanes-amb-sal-marina-250g\/","og_locale":"ca_ES","og_type":"article","og_title":"Patates Artesanes amb Sal Marina 250g - A Mar Es Espectacular","og_description":"Elaborades amb patata seleccionada i sal marina, aquestes xips s\u00f3n extra cruixents i delicioses \u2014l\u2019acompanyament perfecte per a qualsevol aperitiu.","og_url":"https:\/\/amarespectacular.com\/ca\/producte\/patates-artesanes-amb-sal-marina-250g\/","og_site_name":"A Mar Es Espectacular","article_modified_time":"2025-10-21T19:52:05+00:00","og_image":[{"width":1200,"height":1200,"url":"https:\/\/amarespectacular.com\/wp-content\/uploads\/2023\/07\/bolsa-patatas-250gr.png","type":"image\/png"}],"twitter_card":"summary_large_image","twitter_misc":{"Temps estimat de lectura":"1 minut"},"schema":{"@context":"https:\/\/schema.org","@graph":[{"@type":"WebPage","@id":"https:\/\/amarespectacular.com\/ca\/producte\/patates-artesanes-amb-sal-marina-250g\/","url":"https:\/\/amarespectacular.com\/ca\/producte\/patates-artesanes-amb-sal-marina-250g\/","name":"Patates Artesanes amb Sal Marina 250g - A Mar Es Espectacular","isPartOf":{"@id":"https:\/\/amarespectacular.com\/#website"},"primaryImageOfPage":{"@id":"https:\/\/amarespectacular.com\/ca\/producte\/patates-artesanes-amb-sal-marina-250g\/#primaryimage"},"image":{"@id":"https:\/\/amarespectacular.com\/ca\/producte\/patates-artesanes-amb-sal-marina-250g\/#primaryimage"},"thumbnailUrl":"https:\/\/amarespectacular.com\/wp-content\/uploads\/2023\/07\/bolsa-patatas-250gr.png","datePublished":"2025-10-03T19:49:37+00:00","dateModified":"2025-10-21T19:52:05+00:00","breadcrumb":{"@id":"https:\/\/amarespectacular.com\/ca\/producte\/patates-artesanes-amb-sal-marina-250g\/#breadcrumb"},"inLanguage":"ca","potentialAction":[{"@type":"ReadAction","target":["https:\/\/amarespectacular.com\/ca\/producte\/patates-artesanes-amb-sal-marina-250g\/"]}]},{"@type":"ImageObject","inLanguage":"ca","@id":"https:\/\/amarespectacular.com\/ca\/producte\/patates-artesanes-amb-sal-marina-250g\/#primaryimage","url":"https:\/\/amarespectacular.com\/wp-content\/uploads\/2023\/07\/bolsa-patatas-250gr.png","contentUrl":"https:\/\/amarespectacular.com\/wp-content\/uploads\/2023\/07\/bolsa-patatas-250gr.png","width":1200,"height":1200},{"@type":"BreadcrumbList","@id":"https:\/\/amarespectacular.com\/ca\/producte\/patates-artesanes-amb-sal-marina-250g\/#breadcrumb","itemListElement":[{"@type":"ListItem","position":1,"name":"Portada","item":"https:\/\/amarespectacular.com\/ca\/"},{"@type":"ListItem","position":2,"name":"Productos","item":"https:\/\/amarespectacular.com\/shop\/"},{"@type":"ListItem","position":3,"name":"Patates Artesanes amb Sal Marina 250g"}]},{"@type":"WebSite","@id":"https:\/\/amarespectacular.com\/#website","url":"https:\/\/amarespectacular.com\/","name":"A Mar Es Espectacular","description":"","potentialAction":[{"@type":"SearchAction","target":{"@type":"EntryPoint","urlTemplate":"https:\/\/amarespectacular.com\/?s={search_term_string}"},"query-input":{"@type":"PropertyValueSpecification","valueRequired":true,"valueName":"search_term_string"}}],"inLanguage":"ca"}]}},"_links":{"self":[{"href":"https:\/\/amarespectacular.com\/ca\/wp-json\/wp\/v2\/product\/6028","targetHints":{"allow":["GET"]}}],"collection":[{"href":"https:\/\/amarespectacular.com\/ca\/wp-json\/wp\/v2\/product"}],"about":[{"href":"https:\/\/amarespectacular.com\/ca\/wp-json\/wp\/v2\/types\/product"}],"wp:featuredmedia":[{"embeddable":true,"href":"https:\/\/amarespectacular.com\/ca\/wp-json\/wp\/v2\/media\/6025"}],"wp:attachment":[{"href":"https:\/\/amarespectacular.com\/ca\/wp-json\/wp\/v2\/media?parent=6028"}],"wp:term":[{"taxonomy":"product_brand","embeddable":true,"href":"https:\/\/amarespectacular.com\/ca\/wp-json\/wp\/v2\/product_brand?post=6028"},{"taxonomy":"product_cat","embeddable":true,"href":"https:\/\/amarespectacular.com\/ca\/wp-json\/wp\/v2\/product_cat?post=6028"},{"taxonomy":"product_tag","embeddable":true,"href":"https:\/\/amarespectacular.com\/ca\/wp-json\/wp\/v2\/product_tag?post=6028"}],"curies":[{"name":"wp","href":"https:\/\/api.w.org\/{rel}","templated":true}]}}