{"id":6604,"date":"2026-03-28T22:28:11","date_gmt":"2026-03-28T21:28:11","guid":{"rendered":"https:\/\/amarespectacular.com\/?post_type=product&#038;p=6604"},"modified":"2026-04-14T09:05:15","modified_gmt":"2026-04-14T07:05:15","slug":"lot-artic-copia-2","status":"publish","type":"product","link":"https:\/\/amarespectacular.com\/ca\/producte\/lot-artic-copia-2\/","title":{"rendered":"Lot Sant Jordi"},"content":{"rendered":"<p data-start=\"0\" data-end=\"61\">Hi ha hist\u00f2ries que es llegeixen\u2026 i d\u2019altres que es degusten.<\/p>\n<p data-start=\"63\" data-end=\"276\">Aquest Sant Jordi, et proposem un regal diferent: una experi\u00e8ncia que combina mar, literatura i moments compartits. Perqu\u00e8 no \u00e9s nom\u00e9s un llibre, ni nom\u00e9s un aperitiu: \u00e9s una declaraci\u00f3 d\u2019amor en tots els sentits.<\/p>\n<p data-start=\"278\" data-end=\"417\">Inspirat en l\u2019aventura i en el poder de l\u2019oce\u00e0, aquest lot uneix sabors aut\u00e8ntics amb una hist\u00f2ria que t\u2019atrapar\u00e0 des de la primera p\u00e0gina.<\/p>\n<p data-start=\"419\" data-end=\"600\"><strong style=\"font-size: 14.4px;\">Qu\u00e8 inclou el lot de Sant Jordi?<\/strong><\/p>\n<ul>\n<li data-start=\"419\" data-end=\"600\">Llibre \u201c7 d\u00edas en el mar sin agua ni comida\u201d, de Mariano Arnal<\/li>\n<li data-start=\"419\" data-end=\"600\">1 llauna d\u2019escopinyes<\/li>\n<li data-start=\"419\" data-end=\"600\">1 bossa de patates artesanes amb sal marina<\/li>\n<li data-start=\"419\" data-end=\"600\">1 pot d\u2019olives Gordal<\/li>\n<li data-start=\"419\" data-end=\"600\">1 pot de salsa A Mar<\/li>\n<\/ul>\n<p data-start=\"602\" data-end=\"720\" data-is-last-node=\"\" data-is-only-node=\"\"><strong>A m\u00e9s, recorda que\u2026<\/strong><br \/>\nQuan regalis \u00c0RTIC, el 10% dels nostres beneficis \u00e9s destinin a la cust\u00f2dia marina<\/p>\n","protected":false},"excerpt":{"rendered":"<p>El Lot de Sant Jordi d\u2019A Mar Espectacular \u00e9s una proposta \u00fanica per regalar i compartir. Combina el llibre \u201c7 d\u00edas en el mar sin agua ni comida\u201d de Mariano Arnal amb una selecci\u00f3 de sabors del mar: escopinyes, patates artesanes amb sal marina, olives Gordal i salsa A Mar.<\/p>\n<p>Un pack pensat per gaudir de la lectura amb els cinc sentits i convertir qualsevol moment en una experi\u00e8ncia especial.<\/p>\n","protected":false},"featured_media":6610,"template":"","meta":{"_acf_changed":false},"product_brand":[],"product_cat":[127],"product_tag":[],"class_list":{"0":"post-6604","1":"product","2":"type-product","3":"status-publish","4":"has-post-thumbnail","6":"product_cat-lots-i-regals","8":"first","9":"instock","10":"featured","11":"taxable","12":"shipping-taxable","13":"purchasable","14":"product-type-simple"},"acf":[],"yoast_head":"<!-- This site is optimized with the Yoast SEO plugin v27.4 - https:\/\/yoast.com\/product\/yoast-seo-wordpress\/ -->\n<title>Lot Sant Jordi - A Mar Es Espectacular<\/title>\n<meta name=\"description\" content=\"Lot d&#039;Aperitiu \u00c0RTIC que inclou 1 Llauna de Musclos en escabehe de les Ries Gallegues, 1 Llauna de Berberechos 35\/45 de les Ries Gallegues, 1 Llauna de Clo\u00efsses Blanques 20\/30, 1 Pot de Salsa A Mar d&#039;Amunt 35 g i 1 Bossa de Patates Artesans amb Sal Marina\" \/>\n<meta name=\"robots\" content=\"index, follow, max-snippet:-1, max-image-preview:large, max-video-preview:-1\" \/>\n<link rel=\"canonical\" href=\"https:\/\/amarespectacular.com\/en\/?post_type=product&p=6605\" \/>\n<meta property=\"og:locale\" content=\"ca_ES\" \/>\n<meta property=\"og:type\" content=\"article\" \/>\n<meta property=\"og:title\" content=\"Lot Sant Jordi - A Mar Es Espectacular\" \/>\n<meta property=\"og:description\" content=\"Lot d&#039;Aperitiu \u00c0RTIC que inclou 1 Llauna de Musclos en escabehe de les Ries Gallegues, 1 Llauna de Berberechos 35\/45 de les Ries Gallegues, 1 Llauna de Clo\u00efsses Blanques 20\/30, 1 Pot de Salsa A Mar d&#039;Amunt 35 g i 1 Bossa de Patates Artesans amb Sal Marina\" \/>\n<meta property=\"og:url\" content=\"https:\/\/amarespectacular.com\/en\/?post_type=product&amp;p=6605\" \/>\n<meta property=\"og:site_name\" content=\"A Mar Es Espectacular\" \/>\n<meta property=\"article:modified_time\" content=\"2026-04-14T07:05:15+00:00\" \/>\n<meta property=\"og:image\" content=\"https:\/\/amarespectacular.com\/wp-content\/uploads\/2026\/03\/POST-A-Mar-Espectacular-scaled.webp\" \/>\n\t<meta property=\"og:image:width\" content=\"2048\" \/>\n\t<meta property=\"og:image:height\" content=\"2560\" \/>\n\t<meta property=\"og:image:type\" content=\"image\/webp\" \/>\n<meta name=\"twitter:card\" content=\"summary_large_image\" \/>\n<meta name=\"twitter:label1\" content=\"Temps estimat de lectura\" \/>\n\t<meta name=\"twitter:data1\" content=\"1 minut\" \/>\n<script type=\"application\/ld+json\" class=\"yoast-schema-graph\">{\"@context\":\"https:\\\/\\\/schema.org\",\"@graph\":[{\"@type\":\"WebPage\",\"@id\":\"https:\\\/\\\/amarespectacular.com\\\/en\\\/?post_type=product&p=6605\",\"url\":\"https:\\\/\\\/amarespectacular.com\\\/en\\\/?post_type=product&p=6605\",\"name\":\"Lot Sant Jordi - A Mar Es Espectacular\",\"isPartOf\":{\"@id\":\"https:\\\/\\\/amarespectacular.com\\\/#website\"},\"primaryImageOfPage\":{\"@id\":\"https:\\\/\\\/amarespectacular.com\\\/en\\\/?post_type=product&p=6605#primaryimage\"},\"image\":{\"@id\":\"https:\\\/\\\/amarespectacular.com\\\/en\\\/?post_type=product&p=6605#primaryimage\"},\"thumbnailUrl\":\"https:\\\/\\\/amarespectacular.com\\\/wp-content\\\/uploads\\\/2026\\\/03\\\/POST-A-Mar-Espectacular-scaled.webp\",\"datePublished\":\"2026-03-28T21:28:11+00:00\",\"dateModified\":\"2026-04-14T07:05:15+00:00\",\"description\":\"Lot d'Aperitiu \u00c0RTIC que inclou 1 Llauna de Musclos en escabehe de les Ries Gallegues, 1 Llauna de Berberechos 35\\\/45 de les Ries Gallegues, 1 Llauna de Clo\u00efsses Blanques 20\\\/30, 1 Pot de Salsa A Mar d'Amunt 35 g i 1 Bossa de Patates Artesans amb Sal Marina\",\"breadcrumb\":{\"@id\":\"https:\\\/\\\/amarespectacular.com\\\/en\\\/?post_type=product&p=6605#breadcrumb\"},\"inLanguage\":\"ca\",\"potentialAction\":[{\"@type\":\"ReadAction\",\"target\":[\"https:\\\/\\\/amarespectacular.com\\\/en\\\/?post_type=product&p=6605\"]}]},{\"@type\":\"ImageObject\",\"inLanguage\":\"ca\",\"@id\":\"https:\\\/\\\/amarespectacular.com\\\/en\\\/?post_type=product&p=6605#primaryimage\",\"url\":\"https:\\\/\\\/amarespectacular.com\\\/wp-content\\\/uploads\\\/2026\\\/03\\\/POST-A-Mar-Espectacular-scaled.webp\",\"contentUrl\":\"https:\\\/\\\/amarespectacular.com\\\/wp-content\\\/uploads\\\/2026\\\/03\\\/POST-A-Mar-Espectacular-scaled.webp\",\"width\":2048,\"height\":2560,\"caption\":\"Lote sant jordi\"},{\"@type\":\"BreadcrumbList\",\"@id\":\"https:\\\/\\\/amarespectacular.com\\\/en\\\/?post_type=product&p=6605#breadcrumb\",\"itemListElement\":[{\"@type\":\"ListItem\",\"position\":1,\"name\":\"Portada\",\"item\":\"https:\\\/\\\/amarespectacular.com\\\/ca\\\/\"},{\"@type\":\"ListItem\",\"position\":2,\"name\":\"Productos\",\"item\":\"https:\\\/\\\/amarespectacular.com\\\/shop\\\/\"},{\"@type\":\"ListItem\",\"position\":3,\"name\":\"Lot Sant Jordi\"}]},{\"@type\":\"WebSite\",\"@id\":\"https:\\\/\\\/amarespectacular.com\\\/#website\",\"url\":\"https:\\\/\\\/amarespectacular.com\\\/\",\"name\":\"A Mar Es Espectacular\",\"description\":\"\",\"potentialAction\":[{\"@type\":\"SearchAction\",\"target\":{\"@type\":\"EntryPoint\",\"urlTemplate\":\"https:\\\/\\\/amarespectacular.com\\\/?s={search_term_string}\"},\"query-input\":{\"@type\":\"PropertyValueSpecification\",\"valueRequired\":true,\"valueName\":\"search_term_string\"}}],\"inLanguage\":\"ca\"}]}<\/script>\n<!-- \/ Yoast SEO plugin. -->","yoast_head_json":{"title":"Lot Sant Jordi - A Mar Es Espectacular","description":"Lot d'Aperitiu \u00c0RTIC que inclou 1 Llauna de Musclos en escabehe de les Ries Gallegues, 1 Llauna de Berberechos 35\/45 de les Ries Gallegues, 1 Llauna de Clo\u00efsses Blanques 20\/30, 1 Pot de Salsa A Mar d'Amunt 35 g i 1 Bossa de Patates Artesans amb Sal Marina","robots":{"index":"index","follow":"follow","max-snippet":"max-snippet:-1","max-image-preview":"max-image-preview:large","max-video-preview":"max-video-preview:-1"},"canonical":"https:\/\/amarespectacular.com\/en\/?post_type=product&p=6605","og_locale":"ca_ES","og_type":"article","og_title":"Lot Sant Jordi - A Mar Es Espectacular","og_description":"Lot d'Aperitiu \u00c0RTIC que inclou 1 Llauna de Musclos en escabehe de les Ries Gallegues, 1 Llauna de Berberechos 35\/45 de les Ries Gallegues, 1 Llauna de Clo\u00efsses Blanques 20\/30, 1 Pot de Salsa A Mar d'Amunt 35 g i 1 Bossa de Patates Artesans amb Sal Marina","og_url":"https:\/\/amarespectacular.com\/en\/?post_type=product&p=6605","og_site_name":"A Mar Es Espectacular","article_modified_time":"2026-04-14T07:05:15+00:00","og_image":[{"width":2048,"height":2560,"url":"https:\/\/amarespectacular.com\/wp-content\/uploads\/2026\/03\/POST-A-Mar-Espectacular-scaled.webp","type":"image\/webp"}],"twitter_card":"summary_large_image","twitter_misc":{"Temps estimat de lectura":"1 minut"},"schema":{"@context":"https:\/\/schema.org","@graph":[{"@type":"WebPage","@id":"https:\/\/amarespectacular.com\/en\/?post_type=product&p=6605","url":"https:\/\/amarespectacular.com\/en\/?post_type=product&p=6605","name":"Lot Sant Jordi - A Mar Es Espectacular","isPartOf":{"@id":"https:\/\/amarespectacular.com\/#website"},"primaryImageOfPage":{"@id":"https:\/\/amarespectacular.com\/en\/?post_type=product&p=6605#primaryimage"},"image":{"@id":"https:\/\/amarespectacular.com\/en\/?post_type=product&p=6605#primaryimage"},"thumbnailUrl":"https:\/\/amarespectacular.com\/wp-content\/uploads\/2026\/03\/POST-A-Mar-Espectacular-scaled.webp","datePublished":"2026-03-28T21:28:11+00:00","dateModified":"2026-04-14T07:05:15+00:00","description":"Lot d'Aperitiu \u00c0RTIC que inclou 1 Llauna de Musclos en escabehe de les Ries Gallegues, 1 Llauna de Berberechos 35\/45 de les Ries Gallegues, 1 Llauna de Clo\u00efsses Blanques 20\/30, 1 Pot de Salsa A Mar d'Amunt 35 g i 1 Bossa de Patates Artesans amb Sal Marina","breadcrumb":{"@id":"https:\/\/amarespectacular.com\/en\/?post_type=product&p=6605#breadcrumb"},"inLanguage":"ca","potentialAction":[{"@type":"ReadAction","target":["https:\/\/amarespectacular.com\/en\/?post_type=product&p=6605"]}]},{"@type":"ImageObject","inLanguage":"ca","@id":"https:\/\/amarespectacular.com\/en\/?post_type=product&p=6605#primaryimage","url":"https:\/\/amarespectacular.com\/wp-content\/uploads\/2026\/03\/POST-A-Mar-Espectacular-scaled.webp","contentUrl":"https:\/\/amarespectacular.com\/wp-content\/uploads\/2026\/03\/POST-A-Mar-Espectacular-scaled.webp","width":2048,"height":2560,"caption":"Lote sant jordi"},{"@type":"BreadcrumbList","@id":"https:\/\/amarespectacular.com\/en\/?post_type=product&p=6605#breadcrumb","itemListElement":[{"@type":"ListItem","position":1,"name":"Portada","item":"https:\/\/amarespectacular.com\/ca\/"},{"@type":"ListItem","position":2,"name":"Productos","item":"https:\/\/amarespectacular.com\/shop\/"},{"@type":"ListItem","position":3,"name":"Lot Sant Jordi"}]},{"@type":"WebSite","@id":"https:\/\/amarespectacular.com\/#website","url":"https:\/\/amarespectacular.com\/","name":"A Mar Es Espectacular","description":"","potentialAction":[{"@type":"SearchAction","target":{"@type":"EntryPoint","urlTemplate":"https:\/\/amarespectacular.com\/?s={search_term_string}"},"query-input":{"@type":"PropertyValueSpecification","valueRequired":true,"valueName":"search_term_string"}}],"inLanguage":"ca"}]}},"_links":{"self":[{"href":"https:\/\/amarespectacular.com\/ca\/wp-json\/wp\/v2\/product\/6604","targetHints":{"allow":["GET"]}}],"collection":[{"href":"https:\/\/amarespectacular.com\/ca\/wp-json\/wp\/v2\/product"}],"about":[{"href":"https:\/\/amarespectacular.com\/ca\/wp-json\/wp\/v2\/types\/product"}],"wp:featuredmedia":[{"embeddable":true,"href":"https:\/\/amarespectacular.com\/ca\/wp-json\/wp\/v2\/media\/6610"}],"wp:attachment":[{"href":"https:\/\/amarespectacular.com\/ca\/wp-json\/wp\/v2\/media?parent=6604"}],"wp:term":[{"taxonomy":"product_brand","embeddable":true,"href":"https:\/\/amarespectacular.com\/ca\/wp-json\/wp\/v2\/product_brand?post=6604"},{"taxonomy":"product_cat","embeddable":true,"href":"https:\/\/amarespectacular.com\/ca\/wp-json\/wp\/v2\/product_cat?post=6604"},{"taxonomy":"product_tag","embeddable":true,"href":"https:\/\/amarespectacular.com\/ca\/wp-json\/wp\/v2\/product_tag?post=6604"}],"curies":[{"name":"wp","href":"https:\/\/api.w.org\/{rel}","templated":true}]}}