{"id":1894,"date":"2022-02-02T13:03:34","date_gmt":"2022-02-02T13:03:34","guid":{"rendered":"https:\/\/amarespectacular.com\/?post_type=product&#038;p=1894"},"modified":"2025-09-30T21:43:09","modified_gmt":"2025-09-30T19:43:09","slug":"cockles-in-brine-35-45","status":"publish","type":"product","link":"https:\/\/amarespectacular.com\/en\/product\/cockles-in-brine-35-45\/","title":{"rendered":"Cockles in Brine 35\/45"},"content":{"rendered":"<p>Los Berberechos al Natural de A Mar Espectacular son un aut\u00e9ntico tesoro del mar, perfectos para los paladares m\u00e1s exigentes. Con un sabor puro y caracter\u00edstico, evocan la frescura de las olas y un aroma que transporta a las costas m\u00e1s limpias y cristalinas del mar C\u00e9tico.<\/p>\n<p>El enclave conocido como \u00abThree Rivers\u00bb en Gales y donde se mariscan estos berberechos, se refiere al estuario donde confluyen los r\u00edos Towy, Taf y Gwendraeth, desembocando en la bah\u00eda de Carmarthen, que forma parte del mar C\u00e9ltico. Este estuario es reconocido por su riqueza natural y biodiversidad, ofreciendo un h\u00e1bitat ideal para diversas especies marinas y aves.<\/p>\n<p>Este manjar no solo destaca por su sabor, sino tambi\u00e9n por sus propiedades nutricionales. Los berberechos son una fuente natural de prote\u00ednas, bajas en grasas y ricas en hierro, zinc y vitaminas del grupo B, que contribuyen al funcionamiento adecuado del organismo. Incorporarlos a tu dieta es una forma deliciosa de cuidar tu salud.<\/p>\n<p>En la mesa, los Berberechos al Natural 34\/45 se transforman en protagonistas indiscutibles. Son el producto gourmet ideal para compartir con amigos, ya sea como aperitivo o como parte de una combinaci\u00f3n de sabores excepcionales. Para una experiencia completa, acomp\u00e1\u00f1alos con otros productos de A Mar Espectacular como las Almejas al Natural, las Sardinas en Aceite de Oliva o los Mejillones en Escabeche. Pero el maridaje perfecto lo encontrar\u00e1s con la Salsa A Mar d\u2019Amunt, que resalta y equilibra su sabor, llevando cada bocado a un nivel superior.<\/p>\n","protected":false},"excerpt":{"rendered":"<p>A Mar Espectacular\u2019s \u200b\u200bNatural Cockles are an exquisite gourmet product with a smooth and authentic sea flavour, a fresh aroma and a firm texture. They are caught in the Three Rivers estuary, an extraordinary natural enclave that gives them their unmistakable and exquisite flavour. They are rich in proteins, iron and vitamins, ideal for taking care of your health. They are ideal for a balanced diet. They pair perfectly with the A Mar d\u2019Amunt sauce by Paco P\u00e9rez, and they also shine in combinations with Clams, Mussels or the A Mar d\u2019Amunt Sauce, making them a must-have for enjoying unique moments with friends.<\/p>\n","protected":false},"featured_media":5730,"template":"","meta":{"_acf_changed":false},"product_brand":[],"product_cat":[110],"product_tag":[],"class_list":{"0":"post-1894","1":"product","2":"type-product","3":"status-publish","4":"has-post-thumbnail","6":"product_cat-berberechos-en","8":"first","9":"outofstock","10":"taxable","11":"shipping-taxable","12":"purchasable","13":"product-type-simple"},"acf":[],"yoast_head":"<!-- This site is optimized with the Yoast SEO plugin v27.3 - https:\/\/yoast.com\/product\/yoast-seo-wordpress\/ -->\n<title>Cockles in Brine 35\/45 - A Mar Es Espectacular<\/title>\n<meta name=\"description\" content=\"A Mar Espectacular\u2019s \u200b\u200bNatural Cockles are an exquisite gourmet product with a smooth and authentic sea flavour, a fresh aroma and a firm texture. They are caught in the Three Rivers estuary, an extraordinary natural enclave that gives them their unmistakable and exquisite flavour.\" \/>\n<meta name=\"robots\" content=\"index, follow, max-snippet:-1, max-image-preview:large, max-video-preview:-1\" \/>\n<link rel=\"canonical\" href=\"https:\/\/amarespectacular.com\/en\/product\/cockles-in-brine-35-45\/\" \/>\n<meta property=\"og:locale\" content=\"en_US\" \/>\n<meta property=\"og:type\" content=\"article\" \/>\n<meta property=\"og:title\" content=\"Cockles in Brine 35\/45 - A Mar Es Espectacular\" \/>\n<meta property=\"og:description\" content=\"A Mar Espectacular\u2019s \u200b\u200bNatural Cockles are an exquisite gourmet product with a smooth and authentic sea flavour, a fresh aroma and a firm texture. They are caught in the Three Rivers estuary, an extraordinary natural enclave that gives them their unmistakable and exquisite flavour.\" \/>\n<meta property=\"og:url\" content=\"https:\/\/amarespectacular.com\/en\/product\/cockles-in-brine-35-45\/\" \/>\n<meta property=\"og:site_name\" content=\"A Mar Es Espectacular\" \/>\n<meta property=\"article:modified_time\" content=\"2025-09-30T19:43:09+00:00\" \/>\n<meta property=\"og:image\" content=\"https:\/\/amarespectacular.com\/wp-content\/uploads\/2024\/09\/mockup_pack_amar_berberechos_35-45-661x800.png\" \/>\n\t<meta property=\"og:image:width\" content=\"661\" \/>\n\t<meta property=\"og:image:height\" content=\"800\" \/>\n\t<meta property=\"og:image:type\" content=\"image\/png\" \/>\n<meta name=\"twitter:card\" content=\"summary_large_image\" \/>\n<meta name=\"twitter:label1\" content=\"Est. reading time\" \/>\n\t<meta name=\"twitter:data1\" content=\"2 minutes\" \/>\n<script type=\"application\/ld+json\" class=\"yoast-schema-graph\">{\"@context\":\"https:\\\/\\\/schema.org\",\"@graph\":[{\"@type\":\"WebPage\",\"@id\":\"https:\\\/\\\/amarespectacular.com\\\/en\\\/product\\\/cockles-in-brine-35-45\\\/\",\"url\":\"https:\\\/\\\/amarespectacular.com\\\/en\\\/product\\\/cockles-in-brine-35-45\\\/\",\"name\":\"Cockles in Brine 35\\\/45 - A Mar Es Espectacular\",\"isPartOf\":{\"@id\":\"https:\\\/\\\/amarespectacular.com\\\/#website\"},\"primaryImageOfPage\":{\"@id\":\"https:\\\/\\\/amarespectacular.com\\\/en\\\/product\\\/cockles-in-brine-35-45\\\/#primaryimage\"},\"image\":{\"@id\":\"https:\\\/\\\/amarespectacular.com\\\/en\\\/product\\\/cockles-in-brine-35-45\\\/#primaryimage\"},\"thumbnailUrl\":\"https:\\\/\\\/amarespectacular.com\\\/wp-content\\\/uploads\\\/2024\\\/09\\\/mockup_pack_amar_berberechos_35-45-scaled.png\",\"datePublished\":\"2022-02-02T13:03:34+00:00\",\"dateModified\":\"2025-09-30T19:43:09+00:00\",\"description\":\"A Mar Espectacular\u2019s \u200b\u200bNatural Cockles are an exquisite gourmet product with a smooth and authentic sea flavour, a fresh aroma and a firm texture. They are caught in the Three Rivers estuary, an extraordinary natural enclave that gives them their unmistakable and exquisite flavour.\",\"breadcrumb\":{\"@id\":\"https:\\\/\\\/amarespectacular.com\\\/en\\\/product\\\/cockles-in-brine-35-45\\\/#breadcrumb\"},\"inLanguage\":\"en-US\",\"potentialAction\":[{\"@type\":\"ReadAction\",\"target\":[\"https:\\\/\\\/amarespectacular.com\\\/en\\\/product\\\/cockles-in-brine-35-45\\\/\"]}]},{\"@type\":\"ImageObject\",\"inLanguage\":\"en-US\",\"@id\":\"https:\\\/\\\/amarespectacular.com\\\/en\\\/product\\\/cockles-in-brine-35-45\\\/#primaryimage\",\"url\":\"https:\\\/\\\/amarespectacular.com\\\/wp-content\\\/uploads\\\/2024\\\/09\\\/mockup_pack_amar_berberechos_35-45-scaled.png\",\"contentUrl\":\"https:\\\/\\\/amarespectacular.com\\\/wp-content\\\/uploads\\\/2024\\\/09\\\/mockup_pack_amar_berberechos_35-45-scaled.png\",\"width\":2115,\"height\":2560},{\"@type\":\"BreadcrumbList\",\"@id\":\"https:\\\/\\\/amarespectacular.com\\\/en\\\/product\\\/cockles-in-brine-35-45\\\/#breadcrumb\",\"itemListElement\":[{\"@type\":\"ListItem\",\"position\":1,\"name\":\"Portada\",\"item\":\"https:\\\/\\\/amarespectacular.com\\\/en\\\/\"},{\"@type\":\"ListItem\",\"position\":2,\"name\":\"Productos\",\"item\":\"https:\\\/\\\/amarespectacular.com\\\/shop\\\/\"},{\"@type\":\"ListItem\",\"position\":3,\"name\":\"Cockles in Brine 35\\\/45\"}]},{\"@type\":\"WebSite\",\"@id\":\"https:\\\/\\\/amarespectacular.com\\\/#website\",\"url\":\"https:\\\/\\\/amarespectacular.com\\\/\",\"name\":\"A Mar Es Espectacular\",\"description\":\"\",\"potentialAction\":[{\"@type\":\"SearchAction\",\"target\":{\"@type\":\"EntryPoint\",\"urlTemplate\":\"https:\\\/\\\/amarespectacular.com\\\/?s={search_term_string}\"},\"query-input\":{\"@type\":\"PropertyValueSpecification\",\"valueRequired\":true,\"valueName\":\"search_term_string\"}}],\"inLanguage\":\"en-US\"}]}<\/script>\n<!-- \/ Yoast SEO plugin. -->","yoast_head_json":{"title":"Cockles in Brine 35\/45 - A Mar Es Espectacular","description":"A Mar Espectacular\u2019s \u200b\u200bNatural Cockles are an exquisite gourmet product with a smooth and authentic sea flavour, a fresh aroma and a firm texture. They are caught in the Three Rivers estuary, an extraordinary natural enclave that gives them their unmistakable and exquisite flavour.","robots":{"index":"index","follow":"follow","max-snippet":"max-snippet:-1","max-image-preview":"max-image-preview:large","max-video-preview":"max-video-preview:-1"},"canonical":"https:\/\/amarespectacular.com\/en\/product\/cockles-in-brine-35-45\/","og_locale":"en_US","og_type":"article","og_title":"Cockles in Brine 35\/45 - A Mar Es Espectacular","og_description":"A Mar Espectacular\u2019s \u200b\u200bNatural Cockles are an exquisite gourmet product with a smooth and authentic sea flavour, a fresh aroma and a firm texture. They are caught in the Three Rivers estuary, an extraordinary natural enclave that gives them their unmistakable and exquisite flavour.","og_url":"https:\/\/amarespectacular.com\/en\/product\/cockles-in-brine-35-45\/","og_site_name":"A Mar Es Espectacular","article_modified_time":"2025-09-30T19:43:09+00:00","og_image":[{"width":661,"height":800,"url":"https:\/\/amarespectacular.com\/wp-content\/uploads\/2024\/09\/mockup_pack_amar_berberechos_35-45-661x800.png","type":"image\/png"}],"twitter_card":"summary_large_image","twitter_misc":{"Est. reading time":"2 minutes"},"schema":{"@context":"https:\/\/schema.org","@graph":[{"@type":"WebPage","@id":"https:\/\/amarespectacular.com\/en\/product\/cockles-in-brine-35-45\/","url":"https:\/\/amarespectacular.com\/en\/product\/cockles-in-brine-35-45\/","name":"Cockles in Brine 35\/45 - A Mar Es Espectacular","isPartOf":{"@id":"https:\/\/amarespectacular.com\/#website"},"primaryImageOfPage":{"@id":"https:\/\/amarespectacular.com\/en\/product\/cockles-in-brine-35-45\/#primaryimage"},"image":{"@id":"https:\/\/amarespectacular.com\/en\/product\/cockles-in-brine-35-45\/#primaryimage"},"thumbnailUrl":"https:\/\/amarespectacular.com\/wp-content\/uploads\/2024\/09\/mockup_pack_amar_berberechos_35-45-scaled.png","datePublished":"2022-02-02T13:03:34+00:00","dateModified":"2025-09-30T19:43:09+00:00","description":"A Mar Espectacular\u2019s \u200b\u200bNatural Cockles are an exquisite gourmet product with a smooth and authentic sea flavour, a fresh aroma and a firm texture. They are caught in the Three Rivers estuary, an extraordinary natural enclave that gives them their unmistakable and exquisite flavour.","breadcrumb":{"@id":"https:\/\/amarespectacular.com\/en\/product\/cockles-in-brine-35-45\/#breadcrumb"},"inLanguage":"en-US","potentialAction":[{"@type":"ReadAction","target":["https:\/\/amarespectacular.com\/en\/product\/cockles-in-brine-35-45\/"]}]},{"@type":"ImageObject","inLanguage":"en-US","@id":"https:\/\/amarespectacular.com\/en\/product\/cockles-in-brine-35-45\/#primaryimage","url":"https:\/\/amarespectacular.com\/wp-content\/uploads\/2024\/09\/mockup_pack_amar_berberechos_35-45-scaled.png","contentUrl":"https:\/\/amarespectacular.com\/wp-content\/uploads\/2024\/09\/mockup_pack_amar_berberechos_35-45-scaled.png","width":2115,"height":2560},{"@type":"BreadcrumbList","@id":"https:\/\/amarespectacular.com\/en\/product\/cockles-in-brine-35-45\/#breadcrumb","itemListElement":[{"@type":"ListItem","position":1,"name":"Portada","item":"https:\/\/amarespectacular.com\/en\/"},{"@type":"ListItem","position":2,"name":"Productos","item":"https:\/\/amarespectacular.com\/shop\/"},{"@type":"ListItem","position":3,"name":"Cockles in Brine 35\/45"}]},{"@type":"WebSite","@id":"https:\/\/amarespectacular.com\/#website","url":"https:\/\/amarespectacular.com\/","name":"A Mar Es Espectacular","description":"","potentialAction":[{"@type":"SearchAction","target":{"@type":"EntryPoint","urlTemplate":"https:\/\/amarespectacular.com\/?s={search_term_string}"},"query-input":{"@type":"PropertyValueSpecification","valueRequired":true,"valueName":"search_term_string"}}],"inLanguage":"en-US"}]}},"_links":{"self":[{"href":"https:\/\/amarespectacular.com\/en\/wp-json\/wp\/v2\/product\/1894","targetHints":{"allow":["GET"]}}],"collection":[{"href":"https:\/\/amarespectacular.com\/en\/wp-json\/wp\/v2\/product"}],"about":[{"href":"https:\/\/amarespectacular.com\/en\/wp-json\/wp\/v2\/types\/product"}],"wp:featuredmedia":[{"embeddable":true,"href":"https:\/\/amarespectacular.com\/en\/wp-json\/wp\/v2\/media\/5730"}],"wp:attachment":[{"href":"https:\/\/amarespectacular.com\/en\/wp-json\/wp\/v2\/media?parent=1894"}],"wp:term":[{"taxonomy":"product_brand","embeddable":true,"href":"https:\/\/amarespectacular.com\/en\/wp-json\/wp\/v2\/product_brand?post=1894"},{"taxonomy":"product_cat","embeddable":true,"href":"https:\/\/amarespectacular.com\/en\/wp-json\/wp\/v2\/product_cat?post=1894"},{"taxonomy":"product_tag","embeddable":true,"href":"https:\/\/amarespectacular.com\/en\/wp-json\/wp\/v2\/product_tag?post=1894"}],"curies":[{"name":"wp","href":"https:\/\/api.w.org\/{rel}","templated":true}]}}